{"id":15068,"date":"2023-10-27T12:01:25","date_gmt":"2023-10-27T11:01:25","guid":{"rendered":"https:\/\/baralivres.ma\/?post_type=product&#038;p=15068"},"modified":"2023-10-27T12:01:25","modified_gmt":"2023-10-27T11:01:25","slug":"les-bruits-du-souvenir","status":"publish","type":"product","link":"https:\/\/baralivres.ma\/?product=les-bruits-du-souvenir","title":{"rendered":"Les bruits du souvenir"},"content":{"rendered":"<p>Apr\u00e8s le d\u00e9c\u00e8s de sa m\u00e8re, Claire se rend compte qu&rsquo;elle a h\u00e9rit\u00e9 d&rsquo;un carnet et d&rsquo;un appareil photo avec une pellicule. Ces objets la conduisent vers un petit village de l&rsquo;Aveyron, o\u00f9 elle passait ses \u00e9t\u00e9s d&rsquo;enfance. Cette d\u00e9couverte la pousse \u00e0 abandonner sa vie actuelle. Sous une nouvelle identit\u00e9, Claire s&rsquo;installe \u00e0 Marelle, dans l&rsquo;espoir de retrouver des souvenirs flous de son pass\u00e9 et de mieux comprendre sa m\u00e8re, qui lui a souvent \u00e9chapp\u00e9. \u00c0 travers les pages du carnet et les clich\u00e9s de l&rsquo;appareil photo, elle d\u00e9voile des souvenirs qui remettent en question ses croyances. En explorant les \u00e9chos de nos souvenirs, l&rsquo;auteure nous narre une histoire de recherche de soi \u00e0 travers une fuite du pass\u00e9.<\/p>\n","protected":false},"excerpt":{"rendered":"<p>Claire, apr\u00e8s la mort de sa m\u00e8re, part \u00e0 Marelle pour d\u00e9couvrir son pass\u00e9 et sa m\u00e8re.<\/p>\n","protected":false},"featured_media":15077,"comment_status":"open","ping_status":"closed","template":"","meta":{"inline_featured_image":false},"product_cat":[204,143],"product_tag":[],"class_list":{"0":"post-15068","1":"product","2":"type-product","3":"status-publish","4":"has-post-thumbnail","6":"product_cat-francais","7":"product_cat-roman","8":"pa_auteurs-sophie-astrabie","10":"first","11":"instock","12":"shipping-taxable","13":"purchasable","14":"product-type-simple"},"_links":{"self":[{"href":"https:\/\/baralivres.ma\/index.php?rest_route=\/wp\/v2\/product\/15068","targetHints":{"allow":["GET"]}}],"collection":[{"href":"https:\/\/baralivres.ma\/index.php?rest_route=\/wp\/v2\/product"}],"about":[{"href":"https:\/\/baralivres.ma\/index.php?rest_route=\/wp\/v2\/types\/product"}],"replies":[{"embeddable":true,"href":"https:\/\/baralivres.ma\/index.php?rest_route=%2Fwp%2Fv2%2Fcomments&post=15068"}],"version-history":[{"count":1,"href":"https:\/\/baralivres.ma\/index.php?rest_route=\/wp\/v2\/product\/15068\/revisions"}],"predecessor-version":[{"id":15078,"href":"https:\/\/baralivres.ma\/index.php?rest_route=\/wp\/v2\/product\/15068\/revisions\/15078"}],"wp:featuredmedia":[{"embeddable":true,"href":"https:\/\/baralivres.ma\/index.php?rest_route=\/wp\/v2\/media\/15077"}],"wp:attachment":[{"href":"https:\/\/baralivres.ma\/index.php?rest_route=%2Fwp%2Fv2%2Fmedia&parent=15068"}],"wp:term":[{"taxonomy":"product_cat","embeddable":true,"href":"https:\/\/baralivres.ma\/index.php?rest_route=%2Fwp%2Fv2%2Fproduct_cat&post=15068"},{"taxonomy":"product_tag","embeddable":true,"href":"https:\/\/baralivres.ma\/index.php?rest_route=%2Fwp%2Fv2%2Fproduct_tag&post=15068"}],"curies":[{"name":"wp","href":"https:\/\/api.w.org\/{rel}","templated":true}]}}