{"id":15062,"date":"2023-10-27T11:58:59","date_gmt":"2023-10-27T10:58:59","guid":{"rendered":"https:\/\/baralivres.ma\/?post_type=product&#038;p=15062"},"modified":"2023-10-27T11:59:00","modified_gmt":"2023-10-27T10:59:00","slug":"les-berberes","status":"publish","type":"product","link":"https:\/\/baralivres.ma\/?product=les-berberes","title":{"rendered":"Les Berb\u00e8res"},"content":{"rendered":"<p>Les Berb\u00e8res, pr\u00e9sents depuis l&rsquo;\u00e9poque des pharaons, ont travers\u00e9 les si\u00e8cles tout en \u00e9tant marqu\u00e9s par diverses influences ext\u00e9rieures, tout en demeurant attach\u00e9s \u00e0 leurs coutumes, leur langue et leurs traditions. Un aper\u00e7u de l&rsquo;\u00e9volution de ce peuple \u00e0 travers le temps.<\/p>\n","protected":false},"excerpt":{"rendered":"<p>Berb\u00e8res, anciens depuis les pharaons, pr\u00e9servent coutumes malgr\u00e9 influences ext\u00e9rieures. Histoire d&rsquo;un peuple r\u00e9silient.<\/p>\n","protected":false},"featured_media":15071,"comment_status":"open","ping_status":"closed","template":"","meta":{"inline_featured_image":false},"product_cat":[204,143],"product_tag":[],"class_list":{"0":"post-15062","1":"product","2":"type-product","3":"status-publish","4":"has-post-thumbnail","6":"product_cat-francais","7":"product_cat-roman","8":"pa_auteurs-gabriel-camps","10":"first","11":"instock","12":"shipping-taxable","13":"purchasable","14":"product-type-simple"},"_links":{"self":[{"href":"https:\/\/baralivres.ma\/index.php?rest_route=\/wp\/v2\/product\/15062","targetHints":{"allow":["GET"]}}],"collection":[{"href":"https:\/\/baralivres.ma\/index.php?rest_route=\/wp\/v2\/product"}],"about":[{"href":"https:\/\/baralivres.ma\/index.php?rest_route=\/wp\/v2\/types\/product"}],"replies":[{"embeddable":true,"href":"https:\/\/baralivres.ma\/index.php?rest_route=%2Fwp%2Fv2%2Fcomments&post=15062"}],"version-history":[{"count":1,"href":"https:\/\/baralivres.ma\/index.php?rest_route=\/wp\/v2\/product\/15062\/revisions"}],"predecessor-version":[{"id":15073,"href":"https:\/\/baralivres.ma\/index.php?rest_route=\/wp\/v2\/product\/15062\/revisions\/15073"}],"wp:featuredmedia":[{"embeddable":true,"href":"https:\/\/baralivres.ma\/index.php?rest_route=\/wp\/v2\/media\/15071"}],"wp:attachment":[{"href":"https:\/\/baralivres.ma\/index.php?rest_route=%2Fwp%2Fv2%2Fmedia&parent=15062"}],"wp:term":[{"taxonomy":"product_cat","embeddable":true,"href":"https:\/\/baralivres.ma\/index.php?rest_route=%2Fwp%2Fv2%2Fproduct_cat&post=15062"},{"taxonomy":"product_tag","embeddable":true,"href":"https:\/\/baralivres.ma\/index.php?rest_route=%2Fwp%2Fv2%2Fproduct_tag&post=15062"}],"curies":[{"name":"wp","href":"https:\/\/api.w.org\/{rel}","templated":true}]}}