{"id":15060,"date":"2023-10-27T11:56:12","date_gmt":"2023-10-27T10:56:12","guid":{"rendered":"https:\/\/baralivres.ma\/?post_type=product&#038;p=15060"},"modified":"2023-10-27T11:56:13","modified_gmt":"2023-10-27T10:56:13","slug":"quand-tu-auras-enfin-choisi-ta-vie","status":"publish","type":"product","link":"https:\/\/baralivres.ma\/?product=quand-tu-auras-enfin-choisi-ta-vie","title":{"rendered":"Quand tu auras enfin choisi ta vie"},"content":{"rendered":"<p>Valentina m\u00e8ne une vie combl\u00e9e entre her travail, her partner, et ses amies \u00e0 Rome. Cependant, elle se voit contrainte de quitter sa dolce vita lorsqu&rsquo;elle se voit confier une d\u00e9licate mission d&rsquo;expertise dans une petite fabrique de pulls \u00e9loign\u00e9e en \u00c9cosse. C&rsquo;est ainsi qu&rsquo;elle se retrouve immerg\u00e9e dans un tout autre univers, aid\u00e9e par Aidan, l&rsquo;homme sinc\u00e8re et authentique \u00e0 la t\u00eate de l&rsquo;entreprise, qui rapidement suscite des \u00e9motions en elle. Pour Valentina, le moment de prendre des d\u00e9cisions importantes est arriv\u00e9, et l&rsquo;aventure qui s&rsquo;ensuit ne sera en aucun cas simple ! D\u00e9couvrez cette r\u00e9invention d&rsquo;un roman, accompagn\u00e9e d&rsquo;une pr\u00e9face in\u00e9dite qui vous plongera dans les coulisses surprenantes de sa cr\u00e9ation.<\/p>\n","protected":false},"excerpt":{"rendered":"<p>Valentina quitte Rome pour l&rsquo;\u00c9cosse, rencontre Aidan, remettant en question sa vie, cr\u00e9ant une aventure complexe.<\/p>\n","protected":false},"featured_media":15063,"comment_status":"open","ping_status":"closed","template":"","meta":{"inline_featured_image":false},"product_cat":[204,143],"product_tag":[],"class_list":{"0":"post-15060","1":"product","2":"type-product","3":"status-publish","4":"has-post-thumbnail","6":"product_cat-francais","7":"product_cat-roman","8":"pa_auteurs-pascale-legardinier","10":"first","11":"instock","12":"shipping-taxable","13":"purchasable","14":"product-type-simple"},"_links":{"self":[{"href":"https:\/\/baralivres.ma\/index.php?rest_route=\/wp\/v2\/product\/15060","targetHints":{"allow":["GET"]}}],"collection":[{"href":"https:\/\/baralivres.ma\/index.php?rest_route=\/wp\/v2\/product"}],"about":[{"href":"https:\/\/baralivres.ma\/index.php?rest_route=\/wp\/v2\/types\/product"}],"replies":[{"embeddable":true,"href":"https:\/\/baralivres.ma\/index.php?rest_route=%2Fwp%2Fv2%2Fcomments&post=15060"}],"version-history":[{"count":1,"href":"https:\/\/baralivres.ma\/index.php?rest_route=\/wp\/v2\/product\/15060\/revisions"}],"predecessor-version":[{"id":15064,"href":"https:\/\/baralivres.ma\/index.php?rest_route=\/wp\/v2\/product\/15060\/revisions\/15064"}],"wp:featuredmedia":[{"embeddable":true,"href":"https:\/\/baralivres.ma\/index.php?rest_route=\/wp\/v2\/media\/15063"}],"wp:attachment":[{"href":"https:\/\/baralivres.ma\/index.php?rest_route=%2Fwp%2Fv2%2Fmedia&parent=15060"}],"wp:term":[{"taxonomy":"product_cat","embeddable":true,"href":"https:\/\/baralivres.ma\/index.php?rest_route=%2Fwp%2Fv2%2Fproduct_cat&post=15060"},{"taxonomy":"product_tag","embeddable":true,"href":"https:\/\/baralivres.ma\/index.php?rest_route=%2Fwp%2Fv2%2Fproduct_tag&post=15060"}],"curies":[{"name":"wp","href":"https:\/\/api.w.org\/{rel}","templated":true}]}}