{"id":15053,"date":"2023-10-27T11:55:20","date_gmt":"2023-10-27T10:55:20","guid":{"rendered":"https:\/\/baralivres.ma\/?post_type=product&#038;p=15053"},"modified":"2023-10-27T11:55:20","modified_gmt":"2023-10-27T10:55:20","slug":"dans-sa-chair","status":"publish","type":"product","link":"https:\/\/baralivres.ma\/?product=dans-sa-chair","title":{"rendered":"Dans sa chair"},"content":{"rendered":"<p>M\u00e9d\u00e9e et Isma\u00efl \u00e9taient \u00e9pris l&rsquo;un de l&rsquo;autre, mais un jour, \u00e0 l&rsquo;a\u00e9roport, Isma\u00efl a myst\u00e9rieusement disparu, laissant M\u00e9d\u00e9e dans un \u00e9tat de choc, de silence et de perte profonde. Dans une chambre d&rsquo;h\u00f4tel adjacente \u00e0 l&rsquo;a\u00e9roport, elle a consign\u00e9 les moments qui ont suivi cette douloureuse s\u00e9paration en \u00e9crivant \u00ab\u00a0M\u00e9d\u00e9e ch\u00e9rie\u00a0\u00bb dans une tentative de contenir sa douleur.<\/p>\n<p>Cependant, l&rsquo;histoire ne s&rsquo;arr\u00eate pas l\u00e0. Avec \u00ab\u00a0Dans sa chair\u00a0\u00bb, Yasmine Chami revisite l&rsquo;essence de son r\u00e9cit et change le point focal de son sujet. Elle explore les subtilit\u00e9s de l&rsquo;histoire d&rsquo;Isma\u00efl, l&rsquo;homme qui a trahi de la mani\u00e8re la plus inimaginable ce jour-l\u00e0. Gr\u00e2ce \u00e0 une \u00e9criture magnifique, elle parvient \u00e0 transformer la perception de l&rsquo;homme qui est parti.<\/p>\n<p>Ce diptyque exceptionnel, compos\u00e9 de \u00ab\u00a0M\u00e9d\u00e9e ch\u00e9rie\u00a0\u00bb et \u00ab\u00a0Dans sa chair\u00a0\u00bb, examine de mani\u00e8re aig\u00fce les questions du d\u00e9sir et de la libert\u00e9, ainsi que notre capacit\u00e9 \u00e0 \u00eatre des individus, des femmes et des hommes, ensemble.<\/p>\n","protected":false},"excerpt":{"rendered":"<p>M\u00e9d\u00e9e et Isma\u00efl s&rsquo;aiment, mais il dispara\u00eet \u00e0 l&rsquo;a\u00e9roport. Yasmine Chami explore cette rupture avec \u00e9motion.<\/p>\n","protected":false},"featured_media":15054,"comment_status":"open","ping_status":"closed","template":"","meta":{"inline_featured_image":false},"product_cat":[204,143],"product_tag":[],"class_list":{"0":"post-15053","1":"product","2":"type-product","3":"status-publish","4":"has-post-thumbnail","6":"product_cat-francais","7":"product_cat-roman","8":"pa_auteurs-yasmine-chami","10":"first","11":"instock","12":"shipping-taxable","13":"purchasable","14":"product-type-simple"},"_links":{"self":[{"href":"https:\/\/baralivres.ma\/index.php?rest_route=\/wp\/v2\/product\/15053","targetHints":{"allow":["GET"]}}],"collection":[{"href":"https:\/\/baralivres.ma\/index.php?rest_route=\/wp\/v2\/product"}],"about":[{"href":"https:\/\/baralivres.ma\/index.php?rest_route=\/wp\/v2\/types\/product"}],"replies":[{"embeddable":true,"href":"https:\/\/baralivres.ma\/index.php?rest_route=%2Fwp%2Fv2%2Fcomments&post=15053"}],"version-history":[{"count":1,"href":"https:\/\/baralivres.ma\/index.php?rest_route=\/wp\/v2\/product\/15053\/revisions"}],"predecessor-version":[{"id":15061,"href":"https:\/\/baralivres.ma\/index.php?rest_route=\/wp\/v2\/product\/15053\/revisions\/15061"}],"wp:featuredmedia":[{"embeddable":true,"href":"https:\/\/baralivres.ma\/index.php?rest_route=\/wp\/v2\/media\/15054"}],"wp:attachment":[{"href":"https:\/\/baralivres.ma\/index.php?rest_route=%2Fwp%2Fv2%2Fmedia&parent=15053"}],"wp:term":[{"taxonomy":"product_cat","embeddable":true,"href":"https:\/\/baralivres.ma\/index.php?rest_route=%2Fwp%2Fv2%2Fproduct_cat&post=15053"},{"taxonomy":"product_tag","embeddable":true,"href":"https:\/\/baralivres.ma\/index.php?rest_route=%2Fwp%2Fv2%2Fproduct_tag&post=15053"}],"curies":[{"name":"wp","href":"https:\/\/api.w.org\/{rel}","templated":true}]}}