{"id":15051,"date":"2023-10-27T11:57:05","date_gmt":"2023-10-27T10:57:05","guid":{"rendered":"https:\/\/baralivres.ma\/?post_type=product&#038;p=15051"},"modified":"2025-02-20T09:39:19","modified_gmt":"2025-02-20T08:39:19","slug":"la-sira","status":"publish","type":"product","link":"https:\/\/baralivres.ma\/?product=la-sira","title":{"rendered":"La S\u00eera"},"content":{"rendered":"<p>Premi\u00e8re publication de trois textes sacr\u00e9s musulmans : Le Coran, La S\u00eera, et une s\u00e9lection de 50 had\u00eeths pour la m\u00e9ditation. L&rsquo;auteur, Wahib Atallah, est un \u00e9rudit en lettres, sp\u00e9cialiste en arabe, en grec ancien et en histoire, qui s&rsquo;est int\u00e9ress\u00e9 aux divinit\u00e9s orientales grecques, au panth\u00e9on pr\u00e9islamique en Arabie, et \u00e0 l&rsquo;environnement de l&rsquo;islam naissant. En tant que philologue, il a examin\u00e9 les termes d&rsquo;origine \u00e9trang\u00e8re dans le Coran et la po\u00e9sie arabe ancienne, et a publi\u00e9 un dictionnaire \u00e9tymologique de l&rsquo;arabe classique, entre autres ouvrages.<\/p>\n","protected":false},"excerpt":{"rendered":"<div class=\"group w-full text-token-text-primary border-b border-black\/10 gizmo:border-0 dark:border-gray-900\/50 gizmo:dark:border-0 bg-gray-50 gizmo:bg-transparent dark:bg-[#444654] gizmo:dark:bg-transparent\" data-testid=\"conversation-turn-99\">\n<div class=\"p-4 gizmo:py-2 justify-center text-base md:gap-6 md:py-6 m-auto\">\n<div class=\"flex flex-1 gap-4 text-base mx-auto md:gap-6 gizmo:gap-3 gizmo:md:px-5 gizmo:lg:px-1 gizmo:xl:px-5 md:max-w-2xl lg:max-w-[38rem] gizmo:md:max-w-3xl gizmo:lg:max-w-[40rem] gizmo:xl:max-w-[48rem] xl:max-w-3xl }\">\n<div class=\"relative flex w-[calc(100%-50px)] flex-col gizmo:w-full lg:w-[calc(100%-115px)] agent-turn\">\n<div class=\"flex-col gap-1 md:gap-3\">\n<div class=\"flex flex-grow flex-col gap-3 max-w-full\">\n<div class=\"min-h-[20px] flex flex-col items-start gap-3 whitespace-pre-wrap break-words overflow-x-auto\" data-message-author-role=\"assistant\" data-message-id=\"60e7337a-d052-40d1-a5ef-87f4a4b2d7f7\">\n<div class=\"markdown prose w-full break-words dark:prose-invert light\">\n<p>Premi\u00e8re publication de textes sacr\u00e9s musulmans : Le Coran, La S\u00eera, et 50 had\u00eeths pour m\u00e9diter.<\/p>\n<\/div>\n<\/div>\n<\/div>\n<div class=\"flex justify-between empty:hidden gizmo:justify-start gizmo:gap-3 lg:block gizmo:lg:flex\">\n<div class=\"text-gray-400 flex self-end lg:self-center justify-center gizmo:lg:justify-start mt-2 gizmo:mt-0 visible lg:gap-1 lg:absolute lg:top-0 lg:translate-x-full lg:right-0 lg:mt-0 lg:pl-2 gap-2 md:gap-3\">\n<p>&nbsp;<\/p>\n<div class=\"flex gap-1\"><\/div>\n<\/div>\n<\/div>\n<\/div>\n<\/div>\n<\/div>\n<\/div>\n<\/div>\n","protected":false},"featured_media":15066,"comment_status":"open","ping_status":"closed","template":"","meta":{"inline_featured_image":false},"product_cat":[3725,3862,4214],"product_tag":[],"class_list":{"0":"post-15051","1":"product","2":"type-product","3":"status-publish","4":"has-post-thumbnail","6":"product_cat-litterature-religieuse","7":"product_cat-spiritualite","8":"product_cat-voyage-spirituel-pendant-le-ramadan","9":"pa_auteurs-ibn-hicham-wahib-atallah","11":"first","12":"instock","13":"shipping-taxable","14":"purchasable","15":"product-type-simple"},"_links":{"self":[{"href":"https:\/\/baralivres.ma\/index.php?rest_route=\/wp\/v2\/product\/15051","targetHints":{"allow":["GET"]}}],"collection":[{"href":"https:\/\/baralivres.ma\/index.php?rest_route=\/wp\/v2\/product"}],"about":[{"href":"https:\/\/baralivres.ma\/index.php?rest_route=\/wp\/v2\/types\/product"}],"replies":[{"embeddable":true,"href":"https:\/\/baralivres.ma\/index.php?rest_route=%2Fwp%2Fv2%2Fcomments&post=15051"}],"version-history":[{"count":2,"href":"https:\/\/baralivres.ma\/index.php?rest_route=\/wp\/v2\/product\/15051\/revisions"}],"predecessor-version":[{"id":15072,"href":"https:\/\/baralivres.ma\/index.php?rest_route=\/wp\/v2\/product\/15051\/revisions\/15072"}],"wp:featuredmedia":[{"embeddable":true,"href":"https:\/\/baralivres.ma\/index.php?rest_route=\/wp\/v2\/media\/15066"}],"wp:attachment":[{"href":"https:\/\/baralivres.ma\/index.php?rest_route=%2Fwp%2Fv2%2Fmedia&parent=15051"}],"wp:term":[{"taxonomy":"product_cat","embeddable":true,"href":"https:\/\/baralivres.ma\/index.php?rest_route=%2Fwp%2Fv2%2Fproduct_cat&post=15051"},{"taxonomy":"product_tag","embeddable":true,"href":"https:\/\/baralivres.ma\/index.php?rest_route=%2Fwp%2Fv2%2Fproduct_tag&post=15051"}],"curies":[{"name":"wp","href":"https:\/\/api.w.org\/{rel}","templated":true}]}}