{"id":15049,"date":"2023-10-27T11:52:10","date_gmt":"2023-10-27T10:52:10","guid":{"rendered":"https:\/\/baralivres.ma\/?post_type=product&#038;p=15049"},"modified":"2023-10-27T11:52:11","modified_gmt":"2023-10-27T10:52:11","slug":"odette-et-le-taxi-jaune","status":"publish","type":"product","link":"https:\/\/baralivres.ma\/?product=odette-et-le-taxi-jaune","title":{"rendered":"Odette et le taxi jaune"},"content":{"rendered":"<p>\u00ab\u00a0Parfois, la vie prend des chemins inattendus pour nous ramener sur la voie juste. Chaque vendredi depuis une d\u00e9cennie et demie, Odette, une ancienne costumi\u00e8re de th\u00e9\u00e2tre, consacre sa journ\u00e9e \u00e0 l&rsquo;a\u00e9roport de Roissy. L\u00e0, elle se tient devant le panneau d&rsquo;affichage des d\u00e9parts, r\u00eavant de lointains voyages et inventant une nouvelle vie. Son fid\u00e8le ami Maurice, chauffeur de taxi, l&rsquo;accompagne invariablement, la ramenant ensuite chez elle dans le serein quartier des Buttes-Chaumont. Cependant, un soir, Odette ne se pr\u00e9sente pas \u00e0 son rendez-vous habituel. O\u00f9 peut-elle bien s&rsquo;\u00eatre envol\u00e9e, emportant avec elle ses myst\u00e8res les plus profonds ? Marie-Soleil, sa petite-fille, et Ludovic, un policier mis de c\u00f4t\u00e9 pour son z\u00e8le excessif, d\u00e9cident de partir \u00e0 sa recherche, embarquant \u00e0 bord du taxi jaune de Maurice. Ce trio improbable se met en route vers la C\u00f4te d&rsquo;Azur, plongeant ainsi dans le pass\u00e9 pour d\u00e9nouer les fils d&rsquo;une histoire familiale o\u00f9 se m\u00ealent le g\u00e9nocide arm\u00e9nien, l&rsquo;occupation de la France et des amours impossibles&#8230;\u00a0\u00bb<\/p>\n","protected":false},"excerpt":{"rendered":"<p>Odette, ancienne costumi\u00e8re, dispara\u00eet apr\u00e8s 15 ans \u00e0 Roissy. Sa petite-fille et un policier la cherchent.<\/p>\n","protected":false},"featured_media":15055,"comment_status":"open","ping_status":"closed","template":"","meta":{"inline_featured_image":false},"product_cat":[204,143],"product_tag":[],"class_list":{"0":"post-15049","1":"product","2":"type-product","3":"status-publish","4":"has-post-thumbnail","6":"product_cat-francais","7":"product_cat-roman","8":"pa_auteurs-isabelle-artus","10":"first","11":"instock","12":"shipping-taxable","13":"purchasable","14":"product-type-simple"},"_links":{"self":[{"href":"https:\/\/baralivres.ma\/index.php?rest_route=\/wp\/v2\/product\/15049","targetHints":{"allow":["GET"]}}],"collection":[{"href":"https:\/\/baralivres.ma\/index.php?rest_route=\/wp\/v2\/product"}],"about":[{"href":"https:\/\/baralivres.ma\/index.php?rest_route=\/wp\/v2\/types\/product"}],"replies":[{"embeddable":true,"href":"https:\/\/baralivres.ma\/index.php?rest_route=%2Fwp%2Fv2%2Fcomments&post=15049"}],"version-history":[{"count":1,"href":"https:\/\/baralivres.ma\/index.php?rest_route=\/wp\/v2\/product\/15049\/revisions"}],"predecessor-version":[{"id":15056,"href":"https:\/\/baralivres.ma\/index.php?rest_route=\/wp\/v2\/product\/15049\/revisions\/15056"}],"wp:featuredmedia":[{"embeddable":true,"href":"https:\/\/baralivres.ma\/index.php?rest_route=\/wp\/v2\/media\/15055"}],"wp:attachment":[{"href":"https:\/\/baralivres.ma\/index.php?rest_route=%2Fwp%2Fv2%2Fmedia&parent=15049"}],"wp:term":[{"taxonomy":"product_cat","embeddable":true,"href":"https:\/\/baralivres.ma\/index.php?rest_route=%2Fwp%2Fv2%2Fproduct_cat&post=15049"},{"taxonomy":"product_tag","embeddable":true,"href":"https:\/\/baralivres.ma\/index.php?rest_route=%2Fwp%2Fv2%2Fproduct_tag&post=15049"}],"curies":[{"name":"wp","href":"https:\/\/api.w.org\/{rel}","templated":true}]}}