{"id":15048,"date":"2023-10-27T11:52:41","date_gmt":"2023-10-27T10:52:41","guid":{"rendered":"https:\/\/baralivres.ma\/?post_type=product&#038;p=15048"},"modified":"2023-10-27T11:52:42","modified_gmt":"2023-10-27T10:52:42","slug":"mon-coeur-serre-comme-une-sardine","status":"publish","type":"product","link":"https:\/\/baralivres.ma\/?product=mon-coeur-serre-comme-une-sardine","title":{"rendered":"Mon coeur serr\u00e9 comme une sardine"},"content":{"rendered":"<p>Lorsque l&rsquo;on na\u00eet dans une famille juive, il est possible de devenir grand, gros, fort, riche, pauvre, chauve, boulanger, coiffeur, \u00e9picier, garagiste, mais devenir musulman semble impossible. Cette r\u00e9alit\u00e9 est in\u00e9branlable. En 1967, \u00e0 Safi, une petite ville c\u00f4ti\u00e8re parfum\u00e9e aux \u00e9pices et \u00e0 la sardine au Maroc, un jeune gar\u00e7on de huit ans du nom de Jacob partage une amiti\u00e9 profonde avec son meilleur ami, Brahim. Malgr\u00e9 leurs origines religieuses diff\u00e9rentes, l&rsquo;un \u00e9tant juif et l&rsquo;autre musulman, ils se consid\u00e8rent avant tout comme des Marocains. Cependant, \u00e0 l&rsquo;approche de la guerre des Six Jours, les tensions entre Isra\u00ebl et les pays arabes affectent \u00e9galement les relations au sein de leur communaut\u00e9 \u00e0 Safi. Malgr\u00e9 les \u00e9v\u00e9nements internationaux se d\u00e9roulant \u00e0 des milliers de kilom\u00e8tres de l\u00e0, les relations entre les deux amis se d\u00e9t\u00e9riorent.<\/p>\n<p>Quoi qu&rsquo;en pense le destin, Jacob et Brahim continuent \u00e0 \u00e9crire ensemble le r\u00e9cit de leur enfance. Cependant, lorsque la famille de Jacob envisage un exil imminent, la distance risque de les s\u00e9parer pour toujours. La question qui se pose alors est de savoir si leur amiti\u00e9 d&rsquo;enfance pourra r\u00e9sister l\u00e0 o\u00f9 leur peuple s&rsquo;est divis\u00e9.<\/p>\n","protected":false},"excerpt":{"rendered":"<p>Amiti\u00e9 entre Jacob et Brahim, malgr\u00e9 diff\u00e9rences religieuses, confront\u00e9e \u00e0 la tension isra\u00e9lo-arabe en 1967 au Maroc.<\/p>\n","protected":false},"featured_media":15057,"comment_status":"open","ping_status":"closed","template":"","meta":{"inline_featured_image":false},"product_cat":[204,143],"product_tag":[],"class_list":{"0":"post-15048","1":"product","2":"type-product","3":"status-publish","4":"has-post-thumbnail","6":"product_cat-francais","7":"product_cat-roman","8":"pa_auteurs-keren-merran","10":"first","11":"instock","12":"shipping-taxable","13":"purchasable","14":"product-type-simple"},"_links":{"self":[{"href":"https:\/\/baralivres.ma\/index.php?rest_route=\/wp\/v2\/product\/15048","targetHints":{"allow":["GET"]}}],"collection":[{"href":"https:\/\/baralivres.ma\/index.php?rest_route=\/wp\/v2\/product"}],"about":[{"href":"https:\/\/baralivres.ma\/index.php?rest_route=\/wp\/v2\/types\/product"}],"replies":[{"embeddable":true,"href":"https:\/\/baralivres.ma\/index.php?rest_route=%2Fwp%2Fv2%2Fcomments&post=15048"}],"version-history":[{"count":1,"href":"https:\/\/baralivres.ma\/index.php?rest_route=\/wp\/v2\/product\/15048\/revisions"}],"predecessor-version":[{"id":15058,"href":"https:\/\/baralivres.ma\/index.php?rest_route=\/wp\/v2\/product\/15048\/revisions\/15058"}],"wp:featuredmedia":[{"embeddable":true,"href":"https:\/\/baralivres.ma\/index.php?rest_route=\/wp\/v2\/media\/15057"}],"wp:attachment":[{"href":"https:\/\/baralivres.ma\/index.php?rest_route=%2Fwp%2Fv2%2Fmedia&parent=15048"}],"wp:term":[{"taxonomy":"product_cat","embeddable":true,"href":"https:\/\/baralivres.ma\/index.php?rest_route=%2Fwp%2Fv2%2Fproduct_cat&post=15048"},{"taxonomy":"product_tag","embeddable":true,"href":"https:\/\/baralivres.ma\/index.php?rest_route=%2Fwp%2Fv2%2Fproduct_tag&post=15048"}],"curies":[{"name":"wp","href":"https:\/\/api.w.org\/{rel}","templated":true}]}}