{"id":15043,"date":"2023-10-27T11:47:40","date_gmt":"2023-10-27T10:47:40","guid":{"rendered":"https:\/\/baralivres.ma\/?post_type=product&#038;p=15043"},"modified":"2023-10-27T11:47:40","modified_gmt":"2023-10-27T10:47:40","slug":"la-somme-de-nos-vies","status":"publish","type":"product","link":"https:\/\/baralivres.ma\/?product=la-somme-de-nos-vies","title":{"rendered":"La somme de nos vies"},"content":{"rendered":"<p>Camille, une jeune fleuriste qui r\u00eave de vivre une vie diff\u00e9rente, visite des appartements sans aucune intention d&rsquo;en faire l&rsquo;acquisition. Pendant ce temps, Marguerite, \u00e2g\u00e9e de quatre-vingt-sept ans, d\u00e9cide de mettre en vente son appartement, m\u00eame si elle avait jur\u00e9 de ne jamais le quitter. Ces deux femmes, s\u00e9par\u00e9es par leurs fen\u00eatres donnant sur une rue parisienne, voient la vie de l&rsquo;autre se refl\u00e9ter \u00e0 travers le verre. Les mensonges que Camille raconte \u00e0 son entourage et les secrets de Marguerite, soigneusement enfouis depuis son enfance, s&rsquo;entrecroisent et se r\u00e9pondent. Tout cela continue jusqu&rsquo;\u00e0 ce que Thomas, un agent immobilier r\u00eaveur, entre en sc\u00e8ne. La question demeure : comment affronter sa propre vie lorsqu&rsquo;on a choisi d&rsquo;en vivre une autre ?<\/p>\n","protected":false},"excerpt":{"rendered":"<p>Jeune fleuriste r\u00eaveuse visite des appartements, rencontre une vieille dame, secrets et r\u00eaves se croisent.<\/p>\n","protected":false},"featured_media":15044,"comment_status":"open","ping_status":"closed","template":"","meta":{"inline_featured_image":false},"product_cat":[204,143],"product_tag":[],"class_list":{"0":"post-15043","1":"product","2":"type-product","3":"status-publish","4":"has-post-thumbnail","6":"product_cat-francais","7":"product_cat-roman","8":"pa_auteurs-sophie-astrabie","10":"first","11":"instock","12":"shipping-taxable","13":"purchasable","14":"product-type-simple"},"_links":{"self":[{"href":"https:\/\/baralivres.ma\/index.php?rest_route=\/wp\/v2\/product\/15043","targetHints":{"allow":["GET"]}}],"collection":[{"href":"https:\/\/baralivres.ma\/index.php?rest_route=\/wp\/v2\/product"}],"about":[{"href":"https:\/\/baralivres.ma\/index.php?rest_route=\/wp\/v2\/types\/product"}],"replies":[{"embeddable":true,"href":"https:\/\/baralivres.ma\/index.php?rest_route=%2Fwp%2Fv2%2Fcomments&post=15043"}],"version-history":[{"count":2,"href":"https:\/\/baralivres.ma\/index.php?rest_route=\/wp\/v2\/product\/15043\/revisions"}],"predecessor-version":[{"id":15050,"href":"https:\/\/baralivres.ma\/index.php?rest_route=\/wp\/v2\/product\/15043\/revisions\/15050"}],"wp:featuredmedia":[{"embeddable":true,"href":"https:\/\/baralivres.ma\/index.php?rest_route=\/wp\/v2\/media\/15044"}],"wp:attachment":[{"href":"https:\/\/baralivres.ma\/index.php?rest_route=%2Fwp%2Fv2%2Fmedia&parent=15043"}],"wp:term":[{"taxonomy":"product_cat","embeddable":true,"href":"https:\/\/baralivres.ma\/index.php?rest_route=%2Fwp%2Fv2%2Fproduct_cat&post=15043"},{"taxonomy":"product_tag","embeddable":true,"href":"https:\/\/baralivres.ma\/index.php?rest_route=%2Fwp%2Fv2%2Fproduct_tag&post=15043"}],"curies":[{"name":"wp","href":"https:\/\/api.w.org\/{rel}","templated":true}]}}