{"id":15042,"date":"2023-10-27T11:48:35","date_gmt":"2023-10-27T10:48:35","guid":{"rendered":"https:\/\/baralivres.ma\/?post_type=product&#038;p=15042"},"modified":"2025-02-20T11:27:47","modified_gmt":"2025-02-20T10:27:47","slug":"les-femmes-de-lislam-tome-1-khadija","status":"publish","type":"product","link":"https:\/\/baralivres.ma\/?product=les-femmes-de-lislam-tome-1-khadija","title":{"rendered":"Les Femmes de l&rsquo;Islam &#8211; Tome 1 : Khadija"},"content":{"rendered":"<p>Khadija, une femme d&rsquo;affaires prosp\u00e8re, se trouve veuve et doit se remarier pour maintenir sa position au sein de la communaut\u00e9 ais\u00e9e des marchands de La Mecque. Contre toute attente, elle choisit d&rsquo;\u00e9pouser un homme pauvre et illettr\u00e9 nomm\u00e9 Muhammad ibn \u2018Abdall\u00e2h. Au cours de leurs dix ann\u00e9es de bonheur conjugal, le couple s&rsquo;affirme dans la soci\u00e9t\u00e9 mecquoise. Khadija se distingue comme une femme exceptionnelle, tandis que la mod\u00e9ration et la sagesse de Muhammad gagnent le respect des puissants. Cependant, une s\u00e9rie de trag\u00e9dies frappe la r\u00e9gion. Khadija fait preuve d&rsquo;un courage et d&rsquo;une r\u00e9silience remarquables. Apr\u00e8s le retour de la paix, Muhammad se retire dans le d\u00e9sert et un jour entend une r\u00e9v\u00e9lation divine. Il pense \u00eatre en train de perdre la raison, mais Khadija se tient aux c\u00f4t\u00e9s de son mari pour d\u00e9fendre la nouvelle parole et jeter les bases de l&rsquo;islam.<\/p>\n","protected":false},"excerpt":{"rendered":"<p>Khadija, veuve prosp\u00e8re, \u00e9pouse Muhammad, mod\u00e8re la soci\u00e9t\u00e9 mecquoise, soutient la r\u00e9v\u00e9lation islamique, \u00e9tablissant les bases de l&rsquo;islam.<\/p>\n","protected":false},"featured_media":15046,"comment_status":"open","ping_status":"closed","template":"","meta":{"inline_featured_image":false},"product_cat":[3725,3862,4214],"product_tag":[],"class_list":{"0":"post-15042","1":"product","2":"type-product","3":"status-publish","4":"has-post-thumbnail","6":"product_cat-litterature-religieuse","7":"product_cat-spiritualite","8":"product_cat-voyage-spirituel-pendant-le-ramadan","9":"pa_auteurs-marek-halter","11":"first","12":"instock","13":"shipping-taxable","14":"purchasable","15":"product-type-simple"},"_links":{"self":[{"href":"https:\/\/baralivres.ma\/index.php?rest_route=\/wp\/v2\/product\/15042","targetHints":{"allow":["GET"]}}],"collection":[{"href":"https:\/\/baralivres.ma\/index.php?rest_route=\/wp\/v2\/product"}],"about":[{"href":"https:\/\/baralivres.ma\/index.php?rest_route=\/wp\/v2\/types\/product"}],"replies":[{"embeddable":true,"href":"https:\/\/baralivres.ma\/index.php?rest_route=%2Fwp%2Fv2%2Fcomments&post=15042"}],"version-history":[{"count":1,"href":"https:\/\/baralivres.ma\/index.php?rest_route=\/wp\/v2\/product\/15042\/revisions"}],"predecessor-version":[{"id":15047,"href":"https:\/\/baralivres.ma\/index.php?rest_route=\/wp\/v2\/product\/15042\/revisions\/15047"}],"wp:featuredmedia":[{"embeddable":true,"href":"https:\/\/baralivres.ma\/index.php?rest_route=\/wp\/v2\/media\/15046"}],"wp:attachment":[{"href":"https:\/\/baralivres.ma\/index.php?rest_route=%2Fwp%2Fv2%2Fmedia&parent=15042"}],"wp:term":[{"taxonomy":"product_cat","embeddable":true,"href":"https:\/\/baralivres.ma\/index.php?rest_route=%2Fwp%2Fv2%2Fproduct_cat&post=15042"},{"taxonomy":"product_tag","embeddable":true,"href":"https:\/\/baralivres.ma\/index.php?rest_route=%2Fwp%2Fv2%2Fproduct_tag&post=15042"}],"curies":[{"name":"wp","href":"https:\/\/api.w.org\/{rel}","templated":true}]}}