{"id":15037,"date":"2023-10-27T11:44:17","date_gmt":"2023-10-27T10:44:17","guid":{"rendered":"https:\/\/baralivres.ma\/?post_type=product&#038;p=15037"},"modified":"2023-10-27T11:44:17","modified_gmt":"2023-10-27T10:44:17","slug":"les-5-parfums-de-notre-histoire","status":"publish","type":"product","link":"https:\/\/baralivres.ma\/?product=les-5-parfums-de-notre-histoire","title":{"rendered":"Les 5 parfums de notre histoire"},"content":{"rendered":"<p>Il y a cinq ans, la vie de Charlotte a bascul\u00e9 lorsqu&rsquo;elle a perdu son fils de huit mois, Nathan, et est devenue anosmique, incapable de percevoir les odeurs. Cette trag\u00e9die a \u00e9galement bris\u00e9 sa relation avec Julien, laissant Charlotte compl\u00e8tement apathique et d\u00e9pourvue de toute sensation de plaisir. La seule personne qui semble comprendre sa douleur est sa meilleure amie, Axelle. Cependant, lorsque l&rsquo;\u00e9crivain renomm\u00e9 Pierre-Emmanuel Franc (PEF) la contacte pour une collaboration, Charlotte, agac\u00e9e par son arrogance et son ego surdimensionn\u00e9, rejette d&rsquo;abord toute interaction. Pourtant, en tant que coach litt\u00e9raire de renom, elle est la seule personne capable d&rsquo;aider PEF dans son nouveau projet : un roman destin\u00e9 \u00e0 reconqu\u00e9rir l&rsquo;amour de sa vie. Ce projet est unique en ce sens qu&rsquo;il sera accompagn\u00e9 de marque-pages parfum\u00e9s, con\u00e7us par Gabriella, un talentueux parfumeur de Grasse. Malgr\u00e9 son r\u00e9ticence initiale, Charlotte se retrouve involontairement plong\u00e9e dans cette aventure olfactive. La question qui se pose d\u00e9sormais est de savoir si elle parviendra \u00e0 surmonter son propre pass\u00e9 tout en aidant PEF \u00e0 retrouver l&rsquo;amour de sa vie.<\/p>\n","protected":false},"excerpt":{"rendered":"<p>Apr\u00e8s la perte de son b\u00e9b\u00e9, anosmie de Charlotte, aide \u00e9crivain PEF dans projet parfum\u00e9. R\u00e9conciliation incertaine.<\/p>\n","protected":false},"featured_media":15040,"comment_status":"open","ping_status":"closed","template":"","meta":{"inline_featured_image":false},"product_cat":[204,143],"product_tag":[],"class_list":{"0":"post-15037","1":"product","2":"type-product","3":"status-publish","4":"has-post-thumbnail","6":"product_cat-francais","7":"product_cat-roman","8":"pa_auteurs-laure-margerand","10":"first","11":"instock","12":"shipping-taxable","13":"purchasable","14":"product-type-simple"},"_links":{"self":[{"href":"https:\/\/baralivres.ma\/index.php?rest_route=\/wp\/v2\/product\/15037","targetHints":{"allow":["GET"]}}],"collection":[{"href":"https:\/\/baralivres.ma\/index.php?rest_route=\/wp\/v2\/product"}],"about":[{"href":"https:\/\/baralivres.ma\/index.php?rest_route=\/wp\/v2\/types\/product"}],"replies":[{"embeddable":true,"href":"https:\/\/baralivres.ma\/index.php?rest_route=%2Fwp%2Fv2%2Fcomments&post=15037"}],"version-history":[{"count":1,"href":"https:\/\/baralivres.ma\/index.php?rest_route=\/wp\/v2\/product\/15037\/revisions"}],"predecessor-version":[{"id":15041,"href":"https:\/\/baralivres.ma\/index.php?rest_route=\/wp\/v2\/product\/15037\/revisions\/15041"}],"wp:featuredmedia":[{"embeddable":true,"href":"https:\/\/baralivres.ma\/index.php?rest_route=\/wp\/v2\/media\/15040"}],"wp:attachment":[{"href":"https:\/\/baralivres.ma\/index.php?rest_route=%2Fwp%2Fv2%2Fmedia&parent=15037"}],"wp:term":[{"taxonomy":"product_cat","embeddable":true,"href":"https:\/\/baralivres.ma\/index.php?rest_route=%2Fwp%2Fv2%2Fproduct_cat&post=15037"},{"taxonomy":"product_tag","embeddable":true,"href":"https:\/\/baralivres.ma\/index.php?rest_route=%2Fwp%2Fv2%2Fproduct_tag&post=15037"}],"curies":[{"name":"wp","href":"https:\/\/api.w.org\/{rel}","templated":true}]}}