{"id":15028,"date":"2023-10-27T11:40:52","date_gmt":"2023-10-27T10:40:52","guid":{"rendered":"https:\/\/baralivres.ma\/?post_type=product&#038;p=15028"},"modified":"2025-02-20T09:41:21","modified_gmt":"2025-02-20T08:41:21","slug":"50-hadiths-du-prophete-muhammad-pour-mediter","status":"publish","type":"product","link":"https:\/\/baralivres.ma\/?product=50-hadiths-du-prophete-muhammad-pour-mediter","title":{"rendered":"50 Had\u00eeths du Proph\u00e8te Muhammad pour m\u00e9diter"},"content":{"rendered":"<p>Trois textes consid\u00e9r\u00e9s comme sacr\u00e9s par les musulmans sont publi\u00e9s ensemble : Le Coran, La S\u00eera (biographie du Proph\u00e8te Muhammad) et une s\u00e9lection de 50 had\u00eeths pour m\u00e9diter. Les had\u00eeths sont des r\u00e9cits attribu\u00e9s au Proph\u00e8te Muhammad, consid\u00e9r\u00e9s comme sacr\u00e9s apr\u00e8s le Coran. La s\u00e9lection provient du Sah\u00eeh de Boukh\u00e2r\u00ee, et vise \u00e0 encourager la m\u00e9ditation.<\/p>\n","protected":false},"excerpt":{"rendered":"<p>Publication de textes sacr\u00e9s musulmans, dont le Coran, la biographie du Proph\u00e8te Muhammad, et des had\u00eeths.<\/p>\n","protected":false},"featured_media":15034,"comment_status":"open","ping_status":"closed","template":"","meta":{"inline_featured_image":false},"product_cat":[3725,3862,4214],"product_tag":[],"class_list":{"0":"post-15028","1":"product","2":"type-product","3":"status-publish","4":"has-post-thumbnail","6":"product_cat-litterature-religieuse","7":"product_cat-spiritualite","8":"product_cat-voyage-spirituel-pendant-le-ramadan","9":"pa_auteurs-el-bokhari","11":"first","12":"instock","13":"shipping-taxable","14":"purchasable","15":"product-type-simple"},"_links":{"self":[{"href":"https:\/\/baralivres.ma\/index.php?rest_route=\/wp\/v2\/product\/15028","targetHints":{"allow":["GET"]}}],"collection":[{"href":"https:\/\/baralivres.ma\/index.php?rest_route=\/wp\/v2\/product"}],"about":[{"href":"https:\/\/baralivres.ma\/index.php?rest_route=\/wp\/v2\/types\/product"}],"replies":[{"embeddable":true,"href":"https:\/\/baralivres.ma\/index.php?rest_route=%2Fwp%2Fv2%2Fcomments&post=15028"}],"version-history":[{"count":1,"href":"https:\/\/baralivres.ma\/index.php?rest_route=\/wp\/v2\/product\/15028\/revisions"}],"predecessor-version":[{"id":15035,"href":"https:\/\/baralivres.ma\/index.php?rest_route=\/wp\/v2\/product\/15028\/revisions\/15035"}],"wp:featuredmedia":[{"embeddable":true,"href":"https:\/\/baralivres.ma\/index.php?rest_route=\/wp\/v2\/media\/15034"}],"wp:attachment":[{"href":"https:\/\/baralivres.ma\/index.php?rest_route=%2Fwp%2Fv2%2Fmedia&parent=15028"}],"wp:term":[{"taxonomy":"product_cat","embeddable":true,"href":"https:\/\/baralivres.ma\/index.php?rest_route=%2Fwp%2Fv2%2Fproduct_cat&post=15028"},{"taxonomy":"product_tag","embeddable":true,"href":"https:\/\/baralivres.ma\/index.php?rest_route=%2Fwp%2Fv2%2Fproduct_tag&post=15028"}],"curies":[{"name":"wp","href":"https:\/\/api.w.org\/{rel}","templated":true}]}}