{"id":15023,"date":"2023-10-27T11:40:05","date_gmt":"2023-10-27T10:40:05","guid":{"rendered":"https:\/\/baralivres.ma\/?post_type=product&#038;p=15023"},"modified":"2025-02-20T09:53:17","modified_gmt":"2025-02-20T08:53:17","slug":"les-femmes-de-lislam-tome-3-aicha","status":"publish","type":"product","link":"https:\/\/baralivres.ma\/?product=les-femmes-de-lislam-tome-3-aicha","title":{"rendered":"Les Femmes de l&rsquo;Islam &#8211; Tome 3 : A\u00efcha"},"content":{"rendered":"<p>\u00ab\u00a0Je suis connue sous le nom d&rsquo;A\u00efcha bint Abi Bakr, et depuis pr\u00e8s de soixante ans, tant les modestes que les passionn\u00e9s, les respectueux et les hostiles m&rsquo;appellent A\u00efcha, M\u00e8re des Croyants. Je sais que bient\u00f4t, Allah le Cl\u00e9ment et Mis\u00e9ricordieux jugera ma vie. Il a souhait\u00e9 qu&rsquo;elle soit une longue, magnifique, et parfois redoutable aventure. Il a d\u00e9sir\u00e9 que ma m\u00e9moire soit exceptionnelle, afin que je puisse la consacrer \u00e0 Sa volont\u00e9 et \u00e0 Son Proph\u00e8te.\u00a0\u00bb<\/p>\n<p>\u00ab\u00a0A\u00efcha conclut ainsi la trilogie des Femmes de l&rsquo;islam. Cette saga romanesque, doubl\u00e9e d&rsquo;une r\u00e9flexion spirituelle, \u00e9claire l&rsquo;islam contemporain, notamment en ce qui concerne ses interactions avec le juda\u00efsme et le christianisme.\u00a0\u00bb<\/p>\n","protected":false},"excerpt":{"rendered":"<p>A\u00efcha, \u00ab\u00a0M\u00e8re des Croyants,\u00a0\u00bb cl\u00f4ture une trilogie, \u00e9voquant sa longue vie et l&rsquo;impact de l&rsquo;islam actuel.<\/p>\n","protected":false},"featured_media":15029,"comment_status":"open","ping_status":"closed","template":"","meta":{"inline_featured_image":false},"product_cat":[3725,3862,4214],"product_tag":[],"class_list":{"0":"post-15023","1":"product","2":"type-product","3":"status-publish","4":"has-post-thumbnail","6":"product_cat-litterature-religieuse","7":"product_cat-spiritualite","8":"product_cat-voyage-spirituel-pendant-le-ramadan","9":"pa_auteurs-marek-halter","11":"first","12":"instock","13":"shipping-taxable","14":"purchasable","15":"product-type-simple"},"_links":{"self":[{"href":"https:\/\/baralivres.ma\/index.php?rest_route=\/wp\/v2\/product\/15023","targetHints":{"allow":["GET"]}}],"collection":[{"href":"https:\/\/baralivres.ma\/index.php?rest_route=\/wp\/v2\/product"}],"about":[{"href":"https:\/\/baralivres.ma\/index.php?rest_route=\/wp\/v2\/types\/product"}],"replies":[{"embeddable":true,"href":"https:\/\/baralivres.ma\/index.php?rest_route=%2Fwp%2Fv2%2Fcomments&post=15023"}],"version-history":[{"count":1,"href":"https:\/\/baralivres.ma\/index.php?rest_route=\/wp\/v2\/product\/15023\/revisions"}],"predecessor-version":[{"id":15030,"href":"https:\/\/baralivres.ma\/index.php?rest_route=\/wp\/v2\/product\/15023\/revisions\/15030"}],"wp:featuredmedia":[{"embeddable":true,"href":"https:\/\/baralivres.ma\/index.php?rest_route=\/wp\/v2\/media\/15029"}],"wp:attachment":[{"href":"https:\/\/baralivres.ma\/index.php?rest_route=%2Fwp%2Fv2%2Fmedia&parent=15023"}],"wp:term":[{"taxonomy":"product_cat","embeddable":true,"href":"https:\/\/baralivres.ma\/index.php?rest_route=%2Fwp%2Fv2%2Fproduct_cat&post=15023"},{"taxonomy":"product_tag","embeddable":true,"href":"https:\/\/baralivres.ma\/index.php?rest_route=%2Fwp%2Fv2%2Fproduct_tag&post=15023"}],"curies":[{"name":"wp","href":"https:\/\/api.w.org\/{rel}","templated":true}]}}