{"id":15015,"date":"2023-10-27T11:35:46","date_gmt":"2023-10-27T10:35:46","guid":{"rendered":"https:\/\/baralivres.ma\/?post_type=product&#038;p=15015"},"modified":"2023-10-27T11:35:47","modified_gmt":"2023-10-27T10:35:47","slug":"je-revais-de-changer-le-monde","status":"publish","type":"product","link":"https:\/\/baralivres.ma\/?product=je-revais-de-changer-le-monde","title":{"rendered":"Je r\u00eavais de changer le monde"},"content":{"rendered":"<p>Il y avait une fois un jeune gar\u00e7on d&rsquo;origine juive n\u00e9 en Pologne quelques ann\u00e9es avant le d\u00e9clenchement de la Seconde Guerre mondiale. Fuyant la pers\u00e9cution nazie, il se retrouva exil\u00e9 dans des r\u00e9gions \u00e9loign\u00e9es de l&rsquo;Union sovi\u00e9tique, o\u00f9 il r\u00e9ussit \u00e0 survivre avant de finalement arriver \u00e0 Paris au d\u00e9but des ann\u00e9es 1950. De son enfance jusqu&rsquo;\u00e0 aujourd&rsquo;hui, Marek Halter nous emm\u00e8ne \u00e0 travers chaque \u00e9tape de son destin exceptionnel, rencontrant des figures telles que Staline, Golda Meir, Nasser, Sadate, Yasser Arafat, Peres, Per\u00f3n, Che Guevara, Poutine, Jean-Paul II, le pape Fran\u00e7ois, ainsi que les divers pr\u00e9sidents de la R\u00e9publique fran\u00e7aise. Tout au long de son parcours, il a men\u00e9 un combat incessant pour la paix au Proche-Orient, la libert\u00e9 d&rsquo;expression, tout en cultivant des amiti\u00e9s et des histoires d&rsquo;amour. Le romancier nous convie \u00e0 revisiter pr\u00e8s d&rsquo;un si\u00e8cle d&rsquo;histoire.<\/p>\n","protected":false},"excerpt":{"rendered":"<p>L&rsquo;histoire de Marek Halter, juif polonais, survie \u00e0 la Seconde Guerre mondiale, engagement pour la paix au Proche-Orient.<\/p>\n","protected":false},"featured_media":15019,"comment_status":"open","ping_status":"closed","template":"","meta":{"inline_featured_image":false},"product_cat":[204,143],"product_tag":[],"class_list":{"0":"post-15015","1":"product","2":"type-product","3":"status-publish","4":"has-post-thumbnail","6":"product_cat-francais","7":"product_cat-roman","8":"pa_auteurs-marek-halter","10":"first","11":"instock","12":"shipping-taxable","13":"purchasable","14":"product-type-simple"},"_links":{"self":[{"href":"https:\/\/baralivres.ma\/index.php?rest_route=\/wp\/v2\/product\/15015","targetHints":{"allow":["GET"]}}],"collection":[{"href":"https:\/\/baralivres.ma\/index.php?rest_route=\/wp\/v2\/product"}],"about":[{"href":"https:\/\/baralivres.ma\/index.php?rest_route=\/wp\/v2\/types\/product"}],"replies":[{"embeddable":true,"href":"https:\/\/baralivres.ma\/index.php?rest_route=%2Fwp%2Fv2%2Fcomments&post=15015"}],"version-history":[{"count":1,"href":"https:\/\/baralivres.ma\/index.php?rest_route=\/wp\/v2\/product\/15015\/revisions"}],"predecessor-version":[{"id":15020,"href":"https:\/\/baralivres.ma\/index.php?rest_route=\/wp\/v2\/product\/15015\/revisions\/15020"}],"wp:featuredmedia":[{"embeddable":true,"href":"https:\/\/baralivres.ma\/index.php?rest_route=\/wp\/v2\/media\/15019"}],"wp:attachment":[{"href":"https:\/\/baralivres.ma\/index.php?rest_route=%2Fwp%2Fv2%2Fmedia&parent=15015"}],"wp:term":[{"taxonomy":"product_cat","embeddable":true,"href":"https:\/\/baralivres.ma\/index.php?rest_route=%2Fwp%2Fv2%2Fproduct_cat&post=15015"},{"taxonomy":"product_tag","embeddable":true,"href":"https:\/\/baralivres.ma\/index.php?rest_route=%2Fwp%2Fv2%2Fproduct_tag&post=15015"}],"curies":[{"name":"wp","href":"https:\/\/api.w.org\/{rel}","templated":true}]}}