{"id":15012,"date":"2023-10-27T11:36:12","date_gmt":"2023-10-27T10:36:12","guid":{"rendered":"https:\/\/baralivres.ma\/?post_type=product&#038;p=15012"},"modified":"2024-04-26T11:04:40","modified_gmt":"2024-04-26T10:04:40","slug":"les-religions-expliquees-a-ma-fille","status":"publish","type":"product","link":"https:\/\/baralivres.ma\/?product=les-religions-expliquees-a-ma-fille","title":{"rendered":"Les Religions expliqu\u00e9es \u00e0 ma fille"},"content":{"rendered":"<p>\u00c0 l&rsquo;\u00e2ge de treize ans de ma fille, j&rsquo;ai r\u00e9alis\u00e9 qu&rsquo;elle manquait d&rsquo;\u00e9ducation religieuse, y compris sur la Bible, Dieu, le Coran, et la signification du sacr\u00e9. Les religions, avec leur unit\u00e9 et leur diversit\u00e9, n&rsquo;avaient pas \u00e9t\u00e9 abord\u00e9es clairement. Pourtant, il est crucial d&rsquo;avoir des points de r\u00e9f\u00e9rence sur ces sujets. Dans un monde o\u00f9 des personnes de croyances diverses vivent c\u00f4te \u00e0 c\u00f4te, il est essentiel de favoriser la compr\u00e9hension mutuelle. Les religions font partie int\u00e9grante de l&rsquo;exp\u00e9rience humaine, et si nous ne les abordons pas avec nos enfants, ils risquent de passer \u00e0 c\u00f4t\u00e9 de tr\u00e9sors d&rsquo;humanit\u00e9.<\/p>\n","protected":false},"excerpt":{"rendered":"<div class=\"group w-full text-token-text-primary border-b border-black\/10 gizmo:border-0 dark:border-gray-900\/50 gizmo:dark:border-0 bg-gray-50 gizmo:bg-transparent dark:bg-[#444654] gizmo:dark:bg-transparent\" data-testid=\"conversation-turn-91\">\n<div class=\"p-4 gizmo:py-2 justify-center text-base md:gap-6 md:py-6 m-auto\">\n<div class=\"flex flex-1 gap-4 text-base mx-auto md:gap-6 gizmo:gap-3 gizmo:md:px-5 gizmo:lg:px-1 gizmo:xl:px-5 md:max-w-2xl lg:max-w-[38rem] gizmo:md:max-w-3xl gizmo:lg:max-w-[40rem] gizmo:xl:max-w-[48rem] xl:max-w-3xl }\">\n<div class=\"relative flex w-[calc(100%-50px)] flex-col gizmo:w-full lg:w-[calc(100%-115px)] agent-turn\">\n<div class=\"flex-col gap-1 md:gap-3\">\n<div class=\"flex flex-grow flex-col gap-3 max-w-full\">\n<div class=\"min-h-[20px] flex flex-col items-start gap-3 whitespace-pre-wrap break-words overflow-x-auto\" data-message-author-role=\"assistant\" data-message-id=\"46441f71-060d-4c2d-985a-522232d2e22b\">\n<div class=\"markdown prose w-full break-words dark:prose-invert light\">\n<p>\u00c0 13 ans, ma fille manquait d&rsquo;\u00e9ducation religieuse, ce qui est essentiel pour comprendre et respecter diverses croyances.<\/p>\n<\/div>\n<\/div>\n<\/div>\n<div class=\"flex justify-between empty:hidden gizmo:justify-start gizmo:gap-3 lg:block gizmo:lg:flex\">\n<div class=\"text-gray-400 flex self-end lg:self-center justify-center gizmo:lg:justify-start mt-2 gizmo:mt-0 visible lg:gap-1 lg:absolute lg:top-0 lg:translate-x-full lg:right-0 lg:mt-0 lg:pl-2 gap-2 md:gap-3\">\n<p>&nbsp;<\/p>\n<div class=\"flex gap-1\"><\/div>\n<\/div>\n<\/div>\n<\/div>\n<\/div>\n<\/div>\n<\/div>\n<\/div>\n","protected":false},"featured_media":15021,"comment_status":"open","ping_status":"closed","template":"","meta":{"inline_featured_image":false},"product_cat":[3725,204,143],"product_tag":[],"class_list":{"0":"post-15012","1":"product","2":"type-product","3":"status-publish","4":"has-post-thumbnail","6":"product_cat-litterature-religieuse","7":"product_cat-francais","8":"product_cat-roman","9":"pa_auteurs-roger-pol-droit","11":"first","12":"instock","13":"shipping-taxable","14":"purchasable","15":"product-type-simple"},"_links":{"self":[{"href":"https:\/\/baralivres.ma\/index.php?rest_route=\/wp\/v2\/product\/15012","targetHints":{"allow":["GET"]}}],"collection":[{"href":"https:\/\/baralivres.ma\/index.php?rest_route=\/wp\/v2\/product"}],"about":[{"href":"https:\/\/baralivres.ma\/index.php?rest_route=\/wp\/v2\/types\/product"}],"replies":[{"embeddable":true,"href":"https:\/\/baralivres.ma\/index.php?rest_route=%2Fwp%2Fv2%2Fcomments&post=15012"}],"version-history":[{"count":2,"href":"https:\/\/baralivres.ma\/index.php?rest_route=\/wp\/v2\/product\/15012\/revisions"}],"predecessor-version":[{"id":15024,"href":"https:\/\/baralivres.ma\/index.php?rest_route=\/wp\/v2\/product\/15012\/revisions\/15024"}],"wp:featuredmedia":[{"embeddable":true,"href":"https:\/\/baralivres.ma\/index.php?rest_route=\/wp\/v2\/media\/15021"}],"wp:attachment":[{"href":"https:\/\/baralivres.ma\/index.php?rest_route=%2Fwp%2Fv2%2Fmedia&parent=15012"}],"wp:term":[{"taxonomy":"product_cat","embeddable":true,"href":"https:\/\/baralivres.ma\/index.php?rest_route=%2Fwp%2Fv2%2Fproduct_cat&post=15012"},{"taxonomy":"product_tag","embeddable":true,"href":"https:\/\/baralivres.ma\/index.php?rest_route=%2Fwp%2Fv2%2Fproduct_tag&post=15012"}],"curies":[{"name":"wp","href":"https:\/\/api.w.org\/{rel}","templated":true}]}}