{"id":15011,"date":"2023-10-27T11:33:01","date_gmt":"2023-10-27T10:33:01","guid":{"rendered":"https:\/\/baralivres.ma\/?post_type=product&#038;p=15011"},"modified":"2023-10-27T11:33:02","modified_gmt":"2023-10-27T10:33:02","slug":"le-chant-du-bison","status":"publish","type":"product","link":"https:\/\/baralivres.ma\/?product=le-chant-du-bison","title":{"rendered":"Le chant du bison"},"content":{"rendered":"<p>Lorsque Chat-Huant, encore un enfant, accueille dans sa grotte l&rsquo;homme myst\u00e9rieux surnomm\u00e9 l&rsquo;Errant, sa solitude et son intelligence attirent l&rsquo;attention de ce personnage respect\u00e9 et redout\u00e9 par tous. Ainsi d\u00e9bute un voyage initiatique pour le jeune Homo sapiens, qui l&rsquo;entra\u00eene \u00e0 la d\u00e9couverte de nouvelles terres, de nouveaux peuples, de diff\u00e9rentes cultures, et de la puissance des femmes. Ce p\u00e9riple le conduit \u00e9galement vers la vall\u00e9e des Premiers Hommes, o\u00f9 r\u00e9sident Terre d&rsquo;Ombre et les N\u00e9andertaliens. Toutefois, \u00e0 mesure que les Lunes de glace deviennent plus implacables, et chaque nuit repr\u00e9sente une menace mortelle, Chat-Huant et Terre d&rsquo;Ombre se rendent compte qu&rsquo;ils devront in\u00e9vitablement se confronter pour esp\u00e9rer survivre.<\/p>\n","protected":false},"excerpt":{"rendered":"<p>L&rsquo;Errant emm\u00e8ne Chat-Huant dans un voyage initiatique \u00e0 travers des terres nouvelles, mais la survie les oppose.<\/p>\n","protected":false},"featured_media":15016,"comment_status":"open","ping_status":"closed","template":"","meta":{"inline_featured_image":false},"product_cat":[204,143],"product_tag":[],"class_list":{"0":"post-15011","1":"product","2":"type-product","3":"status-publish","4":"has-post-thumbnail","6":"product_cat-francais","7":"product_cat-roman","8":"pa_auteurs-antonio-pirez-henares","10":"first","11":"instock","12":"shipping-taxable","13":"purchasable","14":"product-type-simple"},"_links":{"self":[{"href":"https:\/\/baralivres.ma\/index.php?rest_route=\/wp\/v2\/product\/15011","targetHints":{"allow":["GET"]}}],"collection":[{"href":"https:\/\/baralivres.ma\/index.php?rest_route=\/wp\/v2\/product"}],"about":[{"href":"https:\/\/baralivres.ma\/index.php?rest_route=\/wp\/v2\/types\/product"}],"replies":[{"embeddable":true,"href":"https:\/\/baralivres.ma\/index.php?rest_route=%2Fwp%2Fv2%2Fcomments&post=15011"}],"version-history":[{"count":1,"href":"https:\/\/baralivres.ma\/index.php?rest_route=\/wp\/v2\/product\/15011\/revisions"}],"predecessor-version":[{"id":15017,"href":"https:\/\/baralivres.ma\/index.php?rest_route=\/wp\/v2\/product\/15011\/revisions\/15017"}],"wp:featuredmedia":[{"embeddable":true,"href":"https:\/\/baralivres.ma\/index.php?rest_route=\/wp\/v2\/media\/15016"}],"wp:attachment":[{"href":"https:\/\/baralivres.ma\/index.php?rest_route=%2Fwp%2Fv2%2Fmedia&parent=15011"}],"wp:term":[{"taxonomy":"product_cat","embeddable":true,"href":"https:\/\/baralivres.ma\/index.php?rest_route=%2Fwp%2Fv2%2Fproduct_cat&post=15011"},{"taxonomy":"product_tag","embeddable":true,"href":"https:\/\/baralivres.ma\/index.php?rest_route=%2Fwp%2Fv2%2Fproduct_tag&post=15011"}],"curies":[{"name":"wp","href":"https:\/\/api.w.org\/{rel}","templated":true}]}}