{"id":15008,"date":"2023-10-27T11:28:43","date_gmt":"2023-10-27T10:28:43","guid":{"rendered":"https:\/\/baralivres.ma\/?post_type=product&#038;p=15008"},"modified":"2023-10-27T11:28:43","modified_gmt":"2023-10-27T10:28:43","slug":"le-dernier-syrien","status":"publish","type":"product","link":"https:\/\/baralivres.ma\/?product=le-dernier-syrien","title":{"rendered":"Le dernier Syrien"},"content":{"rendered":"<p>Jos\u00e9phine, une jeune femme alaouite d&rsquo;un charme envo\u00fbtant, rassemble un groupe de jeunes \u00e0 Damas pour partager leurs espoirs, leurs r\u00eaves et leurs visions d&rsquo;un avenir o\u00f9 tout semble r\u00e9alisable. Une histoire d&rsquo;amour se tisse alors, impliquant Youssef et Mohammad, Youssef et Jos\u00e9phine, ainsi que Khalil et Jos\u00e9phine. Au c\u0153ur de cette intrigue se croisent des th\u00e8mes tels que l&rsquo;homosexualit\u00e9 et la tradition, la coexistence de la civilisation et de l&rsquo;oppression, et les conflits entre sentiments personnels et loyaut\u00e9s familiales. Tout cela culmine dans un drame qui bouleverse non seulement les destins des personnages, mais aussi tout un pays. Cette histoire nous plonge au c\u0153ur de la jeunesse syrienne \u00e0 l&rsquo;aube du Printemps arabe, avec la plume intense et po\u00e9tique d&rsquo;Omar Youssef Souleimane.<\/p>\n","protected":false},"excerpt":{"rendered":"<p>\u00c0 Damas, Jos\u00e9phine r\u00e9unit jeunes partageant espoirs, r\u00eaves, et amour, confrontant tradition, oppression, et drame syrien.<\/p>\n","protected":false},"featured_media":15009,"comment_status":"open","ping_status":"closed","template":"","meta":{"inline_featured_image":false},"product_cat":[204,143],"product_tag":[],"class_list":{"0":"post-15008","1":"product","2":"type-product","3":"status-publish","4":"has-post-thumbnail","6":"product_cat-francais","7":"product_cat-roman","8":"pa_auteurs-omar-youssef-souleimane","10":"first","11":"instock","12":"shipping-taxable","13":"purchasable","14":"product-type-simple"},"_links":{"self":[{"href":"https:\/\/baralivres.ma\/index.php?rest_route=\/wp\/v2\/product\/15008","targetHints":{"allow":["GET"]}}],"collection":[{"href":"https:\/\/baralivres.ma\/index.php?rest_route=\/wp\/v2\/product"}],"about":[{"href":"https:\/\/baralivres.ma\/index.php?rest_route=\/wp\/v2\/types\/product"}],"replies":[{"embeddable":true,"href":"https:\/\/baralivres.ma\/index.php?rest_route=%2Fwp%2Fv2%2Fcomments&post=15008"}],"version-history":[{"count":1,"href":"https:\/\/baralivres.ma\/index.php?rest_route=\/wp\/v2\/product\/15008\/revisions"}],"predecessor-version":[{"id":15010,"href":"https:\/\/baralivres.ma\/index.php?rest_route=\/wp\/v2\/product\/15008\/revisions\/15010"}],"wp:featuredmedia":[{"embeddable":true,"href":"https:\/\/baralivres.ma\/index.php?rest_route=\/wp\/v2\/media\/15009"}],"wp:attachment":[{"href":"https:\/\/baralivres.ma\/index.php?rest_route=%2Fwp%2Fv2%2Fmedia&parent=15008"}],"wp:term":[{"taxonomy":"product_cat","embeddable":true,"href":"https:\/\/baralivres.ma\/index.php?rest_route=%2Fwp%2Fv2%2Fproduct_cat&post=15008"},{"taxonomy":"product_tag","embeddable":true,"href":"https:\/\/baralivres.ma\/index.php?rest_route=%2Fwp%2Fv2%2Fproduct_tag&post=15008"}],"curies":[{"name":"wp","href":"https:\/\/api.w.org\/{rel}","templated":true}]}}