{"id":15005,"date":"2023-10-27T11:30:15","date_gmt":"2023-10-27T10:30:15","guid":{"rendered":"https:\/\/baralivres.ma\/?post_type=product&#038;p=15005"},"modified":"2023-10-27T11:30:15","modified_gmt":"2023-10-27T10:30:15","slug":"confidences-a-allah","status":"publish","type":"product","link":"https:\/\/baralivres.ma\/?product=confidences-a-allah","title":{"rendered":"Confidences \u00e0 Allah"},"content":{"rendered":"<p>\u00c0 qui chercher de l&rsquo;aide quand on est plong\u00e9 dans la pauvret\u00e9 et que la soci\u00e9t\u00e9 nous tourne le dos ? Jbara, une jeune berg\u00e8re vivant dans les montagnes du Maghreb, trouve refuge en Allah. Dans un monde qui l&rsquo;a rejet\u00e9e, Allah devient son unique confident. C&rsquo;est vers Lui qu&rsquo;elle adresse ce monologue passionn\u00e9 et intense, o\u00f9 l&rsquo;humour surgit par moments, d\u00e9crivant le combat d&rsquo;une adolescente pour \u00e9chapper \u00e0 l&rsquo;isolement.<\/p>\n","protected":false},"excerpt":{"rendered":"<p>Jbara, berg\u00e8re du Maghreb rejet\u00e9e, trouve en Allah r\u00e9confort et confiance pour \u00e9chapper \u00e0 son enfermement social.<\/p>\n","protected":false},"featured_media":15013,"comment_status":"open","ping_status":"closed","template":"","meta":{"inline_featured_image":false},"product_cat":[204,143],"product_tag":[],"class_list":{"0":"post-15005","1":"product","2":"type-product","3":"status-publish","4":"has-post-thumbnail","6":"product_cat-francais","7":"product_cat-roman","8":"pa_auteurs-saphia-azzeddine","10":"first","11":"instock","12":"shipping-taxable","13":"purchasable","14":"product-type-simple"},"_links":{"self":[{"href":"https:\/\/baralivres.ma\/index.php?rest_route=\/wp\/v2\/product\/15005","targetHints":{"allow":["GET"]}}],"collection":[{"href":"https:\/\/baralivres.ma\/index.php?rest_route=\/wp\/v2\/product"}],"about":[{"href":"https:\/\/baralivres.ma\/index.php?rest_route=\/wp\/v2\/types\/product"}],"replies":[{"embeddable":true,"href":"https:\/\/baralivres.ma\/index.php?rest_route=%2Fwp%2Fv2%2Fcomments&post=15005"}],"version-history":[{"count":1,"href":"https:\/\/baralivres.ma\/index.php?rest_route=\/wp\/v2\/product\/15005\/revisions"}],"predecessor-version":[{"id":15014,"href":"https:\/\/baralivres.ma\/index.php?rest_route=\/wp\/v2\/product\/15005\/revisions\/15014"}],"wp:featuredmedia":[{"embeddable":true,"href":"https:\/\/baralivres.ma\/index.php?rest_route=\/wp\/v2\/media\/15013"}],"wp:attachment":[{"href":"https:\/\/baralivres.ma\/index.php?rest_route=%2Fwp%2Fv2%2Fmedia&parent=15005"}],"wp:term":[{"taxonomy":"product_cat","embeddable":true,"href":"https:\/\/baralivres.ma\/index.php?rest_route=%2Fwp%2Fv2%2Fproduct_cat&post=15005"},{"taxonomy":"product_tag","embeddable":true,"href":"https:\/\/baralivres.ma\/index.php?rest_route=%2Fwp%2Fv2%2Fproduct_tag&post=15005"}],"curies":[{"name":"wp","href":"https:\/\/api.w.org\/{rel}","templated":true}]}}