{"id":15000,"date":"2023-10-27T11:26:01","date_gmt":"2023-10-27T10:26:01","guid":{"rendered":"https:\/\/baralivres.ma\/?post_type=product&#038;p=15000"},"modified":"2023-10-27T11:26:01","modified_gmt":"2023-10-27T10:26:01","slug":"mon-pere-en-doute-encore","status":"publish","type":"product","link":"https:\/\/baralivres.ma\/?product=mon-pere-en-doute-encore","title":{"rendered":"Mon p\u00e8re en doute encore"},"content":{"rendered":"<p>\u00ab\u00a0Saphia Azzeddine partage l&rsquo;histoire de son p\u00e8re, un enfant \u00e9lev\u00e9 par des femmes au c\u0153ur de la plus grande palmeraie du Maroc, qui, comme beaucoup d&rsquo;autres dans les ann\u00e9es 1960, d\u00e9barque \u00e0 Paris en tant que jeune homme \u00e0 la recherche d&rsquo;une place dans la vie. Cependant, il ne parviendra jamais vraiment \u00e0 s&rsquo;int\u00e9grer pleinement. Naviguant entre deux pays et deux cultures, partag\u00e9 entre la fiert\u00e9 et la honte, il exerce tour \u00e0 tour les m\u00e9tiers d&rsquo;infirmier et de couturier. Mais c&rsquo;est en tant que p\u00e8re au foyer qu&rsquo;il trouve son plus grand bonheur, consacrant tout son \u00eatre \u00e0 l&rsquo;\u00e9ducation de sa fille, qu&rsquo;il consid\u00e8re comme son tr\u00e9sor.\u00a0\u00bb<\/p>\n","protected":false},"excerpt":{"rendered":"<p>Histoire de l&rsquo;enfance de Saphia Azzeddine, \u00e9lev\u00e9e par son p\u00e8re au Maroc, puis \u00e0 Paris, o\u00f9 il s&rsquo;adapte.<\/p>\n","protected":false},"featured_media":15006,"comment_status":"open","ping_status":"closed","template":"","meta":{"inline_featured_image":false},"product_cat":[204,143],"product_tag":[],"class_list":{"0":"post-15000","1":"product","2":"type-product","3":"status-publish","4":"has-post-thumbnail","6":"product_cat-francais","7":"product_cat-roman","8":"pa_auteurs-saphia-azzeddine","10":"first","11":"instock","12":"shipping-taxable","13":"purchasable","14":"product-type-simple"},"_links":{"self":[{"href":"https:\/\/baralivres.ma\/index.php?rest_route=\/wp\/v2\/product\/15000","targetHints":{"allow":["GET"]}}],"collection":[{"href":"https:\/\/baralivres.ma\/index.php?rest_route=\/wp\/v2\/product"}],"about":[{"href":"https:\/\/baralivres.ma\/index.php?rest_route=\/wp\/v2\/types\/product"}],"replies":[{"embeddable":true,"href":"https:\/\/baralivres.ma\/index.php?rest_route=%2Fwp%2Fv2%2Fcomments&post=15000"}],"version-history":[{"count":1,"href":"https:\/\/baralivres.ma\/index.php?rest_route=\/wp\/v2\/product\/15000\/revisions"}],"predecessor-version":[{"id":15007,"href":"https:\/\/baralivres.ma\/index.php?rest_route=\/wp\/v2\/product\/15000\/revisions\/15007"}],"wp:featuredmedia":[{"embeddable":true,"href":"https:\/\/baralivres.ma\/index.php?rest_route=\/wp\/v2\/media\/15006"}],"wp:attachment":[{"href":"https:\/\/baralivres.ma\/index.php?rest_route=%2Fwp%2Fv2%2Fmedia&parent=15000"}],"wp:term":[{"taxonomy":"product_cat","embeddable":true,"href":"https:\/\/baralivres.ma\/index.php?rest_route=%2Fwp%2Fv2%2Fproduct_cat&post=15000"},{"taxonomy":"product_tag","embeddable":true,"href":"https:\/\/baralivres.ma\/index.php?rest_route=%2Fwp%2Fv2%2Fproduct_tag&post=15000"}],"curies":[{"name":"wp","href":"https:\/\/api.w.org\/{rel}","templated":true}]}}