{"id":14996,"date":"2023-10-27T11:22:39","date_gmt":"2023-10-27T10:22:39","guid":{"rendered":"https:\/\/baralivres.ma\/?post_type=product&#038;p=14996"},"modified":"2023-10-27T11:22:40","modified_gmt":"2023-10-27T10:22:40","slug":"eldorado","status":"publish","type":"product","link":"https:\/\/baralivres.ma\/?product=eldorado","title":{"rendered":"Eldorado"},"content":{"rendered":"<p>\u00ab\u00a0Les fronti\u00e8res ne permettent jamais un passage paisible ; elles infligent toutes des blessures. Pour \u00e9chapper \u00e0 la mis\u00e8re et atteindre l&rsquo;utopique &lsquo;Eldorado&rsquo;, les migrants prennent des risques mortels \u00e0 bord d&#8217;embarcations pr\u00e9caires, expos\u00e9s au p\u00e9ril de passeurs sans scrupules et \u00e0 l&rsquo;impitoyabilit\u00e9 des garde-c\u00f4tes. Le commandant Piracci fait partie de ces individus qui parcourent les mers \u00e0 la recherche de clandestins, parfois les sauvant de la noyade. Mais se demande-t-il si la mort est pire que la d\u00e9sillusion qui attend ces r\u00eaves bris\u00e9s ? En accueillant une jeune survivante, Salvatore laisse sa compassion et son humanit\u00e9 triompher de ses convictions. Ce r\u00e9cit est un voyage initiatique o\u00f9 se m\u00ealent sacrifice, vengeance, r\u00e9demption, et l&rsquo;\u00e9crivain, porteur d&rsquo;un lyrisme aust\u00e8re, explore les th\u00e8mes de la trag\u00e9die antique avec un souffle \u00e9minemment \u00e9pique.\u00a0\u00bb<\/p>\n","protected":false},"excerpt":{"rendered":"<p>Fronti\u00e8res cruelles, migrants risquent tout, commandant sauve des vies, compassion, sacrifice, r\u00e9demption, trag\u00e9die antique \u00e9pique.<\/p>\n","protected":false},"featured_media":14998,"comment_status":"open","ping_status":"closed","template":"","meta":{"inline_featured_image":false},"product_cat":[204,143],"product_tag":[],"class_list":{"0":"post-14996","1":"product","2":"type-product","3":"status-publish","4":"has-post-thumbnail","6":"product_cat-francais","7":"product_cat-roman","8":"pa_auteurs-laurent-gaude","10":"first","11":"instock","12":"shipping-taxable","13":"purchasable","14":"product-type-simple"},"_links":{"self":[{"href":"https:\/\/baralivres.ma\/index.php?rest_route=\/wp\/v2\/product\/14996","targetHints":{"allow":["GET"]}}],"collection":[{"href":"https:\/\/baralivres.ma\/index.php?rest_route=\/wp\/v2\/product"}],"about":[{"href":"https:\/\/baralivres.ma\/index.php?rest_route=\/wp\/v2\/types\/product"}],"replies":[{"embeddable":true,"href":"https:\/\/baralivres.ma\/index.php?rest_route=%2Fwp%2Fv2%2Fcomments&post=14996"}],"version-history":[{"count":1,"href":"https:\/\/baralivres.ma\/index.php?rest_route=\/wp\/v2\/product\/14996\/revisions"}],"predecessor-version":[{"id":14999,"href":"https:\/\/baralivres.ma\/index.php?rest_route=\/wp\/v2\/product\/14996\/revisions\/14999"}],"wp:featuredmedia":[{"embeddable":true,"href":"https:\/\/baralivres.ma\/index.php?rest_route=\/wp\/v2\/media\/14998"}],"wp:attachment":[{"href":"https:\/\/baralivres.ma\/index.php?rest_route=%2Fwp%2Fv2%2Fmedia&parent=14996"}],"wp:term":[{"taxonomy":"product_cat","embeddable":true,"href":"https:\/\/baralivres.ma\/index.php?rest_route=%2Fwp%2Fv2%2Fproduct_cat&post=14996"},{"taxonomy":"product_tag","embeddable":true,"href":"https:\/\/baralivres.ma\/index.php?rest_route=%2Fwp%2Fv2%2Fproduct_tag&post=14996"}],"curies":[{"name":"wp","href":"https:\/\/api.w.org\/{rel}","templated":true}]}}