{"id":14992,"date":"2023-10-27T11:19:02","date_gmt":"2023-10-27T10:19:02","guid":{"rendered":"https:\/\/baralivres.ma\/?post_type=product&#038;p=14992"},"modified":"2023-10-27T11:19:03","modified_gmt":"2023-10-27T10:19:03","slug":"les-saisons-dapres","status":"publish","type":"product","link":"https:\/\/baralivres.ma\/?product=les-saisons-dapres","title":{"rendered":"Les saisons d&rsquo;apr\u00e8s"},"content":{"rendered":"<p>\u00c0 l&rsquo;\u00e2ge de quarante-cinq ans, Charlotte se retrouve veuve apr\u00e8s la perte de son mari. Elle d\u00e9cide de saisir cette opportunit\u00e9 pour passer neuf mois dans une r\u00e9sidence d&rsquo;auteurs situ\u00e9e \u00e0 proximit\u00e9 de Tr\u00e9beurden. Cette d\u00e9cision l&rsquo;am\u00e8ne \u00e0 quitter son poste de professeure de lettres, sa maison, et m\u00eame \u00e0 s&rsquo;\u00e9loigner de ses parents, qui ne lui pardonneront probablement jamais ce choix. Cette r\u00e9sidence d&rsquo;auteurs, baptis\u00e9e Lighthouse, est financ\u00e9e par WXM, un auteur renomm\u00e9 de best-sellers, qui pr\u00e9serve jalousement son anonymat. Charlotte, intrigu\u00e9e par cet \u00e9crivain, se plonge profond\u00e9ment dans le pass\u00e9 myst\u00e9rieux de WXM, et ce faisant, elle d\u00e9couvre tout un ensemble de secrets et d&rsquo;\u00e9nigmes \u00e0 d\u00e9voiler. Au c\u0153ur d&rsquo;une ambiance brumeuse et peupl\u00e9e de personnages hauts en couleur, \u00ab\u00a0Les saisons d&rsquo;apr\u00e8s\u00a0\u00bb tisse une toile captivante de myst\u00e8res complexes qui se superposent, cr\u00e9ant ainsi une v\u00e9ritable mise en abyme de l&rsquo;art romanesque.<\/p>\n","protected":false},"excerpt":{"rendered":"<p>Charlotte, veuve \u00e0 45 ans, quitte tout pour r\u00e9sidence d&rsquo;auteurs financ\u00e9e par myst\u00e9rieux WXM, d\u00e9couvrant secrets.<\/p>\n","protected":false},"featured_media":14993,"comment_status":"open","ping_status":"closed","template":"","meta":{"inline_featured_image":false},"product_cat":[204,143],"product_tag":[],"class_list":{"0":"post-14992","1":"product","2":"type-product","3":"status-publish","4":"has-post-thumbnail","6":"product_cat-francais","7":"product_cat-roman","8":"pa_auteurs-christian-carayon","10":"first","11":"instock","12":"shipping-taxable","13":"purchasable","14":"product-type-simple"},"_links":{"self":[{"href":"https:\/\/baralivres.ma\/index.php?rest_route=\/wp\/v2\/product\/14992","targetHints":{"allow":["GET"]}}],"collection":[{"href":"https:\/\/baralivres.ma\/index.php?rest_route=\/wp\/v2\/product"}],"about":[{"href":"https:\/\/baralivres.ma\/index.php?rest_route=\/wp\/v2\/types\/product"}],"replies":[{"embeddable":true,"href":"https:\/\/baralivres.ma\/index.php?rest_route=%2Fwp%2Fv2%2Fcomments&post=14992"}],"version-history":[{"count":1,"href":"https:\/\/baralivres.ma\/index.php?rest_route=\/wp\/v2\/product\/14992\/revisions"}],"predecessor-version":[{"id":14994,"href":"https:\/\/baralivres.ma\/index.php?rest_route=\/wp\/v2\/product\/14992\/revisions\/14994"}],"wp:featuredmedia":[{"embeddable":true,"href":"https:\/\/baralivres.ma\/index.php?rest_route=\/wp\/v2\/media\/14993"}],"wp:attachment":[{"href":"https:\/\/baralivres.ma\/index.php?rest_route=%2Fwp%2Fv2%2Fmedia&parent=14992"}],"wp:term":[{"taxonomy":"product_cat","embeddable":true,"href":"https:\/\/baralivres.ma\/index.php?rest_route=%2Fwp%2Fv2%2Fproduct_cat&post=14992"},{"taxonomy":"product_tag","embeddable":true,"href":"https:\/\/baralivres.ma\/index.php?rest_route=%2Fwp%2Fv2%2Fproduct_tag&post=14992"}],"curies":[{"name":"wp","href":"https:\/\/api.w.org\/{rel}","templated":true}]}}