{"id":14989,"date":"2023-10-27T11:14:59","date_gmt":"2023-10-27T10:14:59","guid":{"rendered":"https:\/\/baralivres.ma\/?post_type=product&#038;p=14989"},"modified":"2023-10-27T11:14:59","modified_gmt":"2023-10-27T10:14:59","slug":"azincourt-par-temps-de-pluie","status":"publish","type":"product","link":"https:\/\/baralivres.ma\/?product=azincourt-par-temps-de-pluie","title":{"rendered":"Azincourt par temps de pluie"},"content":{"rendered":"<p>Le village pittoresque d&rsquo;Azincourt \u00e9voque le lointain souvenir d&rsquo;une bataille perdue. C&rsquo;\u00e9tait le 25 octobre 1415, une journ\u00e9e pluvieuse en Artois. Un petit contingent d&rsquo;environ des milliers de soldats anglais se retrouva pi\u00e9g\u00e9 par une force fran\u00e7aise bien plus nombreuse. Les Fran\u00e7ais, tous v\u00eatus de bottes, casques, cuirasses, et arm\u00e9s jusqu&rsquo;aux dents, se pressaient fi\u00e8rement avec leurs \u00e9tendards, repr\u00e9sentant l&rsquo;\u00e9lite de la cour de France. Leur intention \u00e9tait de s&rsquo;illustrer dans le grand h\u00e9ritage de la chevalerie fran\u00e7aise. Malheureusement, aucun d&rsquo;entre eux ne surv\u00e9cut. Ce fut un d\u00e9sastre grandiose ! Avec son style flamboyant et son souci du moindre d\u00e9tail, Jean Teul\u00e9 nous transporte dans ces trois jours apocalyptiques, o\u00f9 des milliers d&rsquo;hommes se sont entretu\u00e9s sous une pluie battante, dans une bataille d&rsquo;autant plus tragique qu&rsquo;elle appara\u00eet compl\u00e8tement d\u00e9nu\u00e9e de sens.<\/p>\n","protected":false},"excerpt":{"rendered":"<p>Bataille d&rsquo;Azincourt, 25 octobre 1415 : Anglais pi\u00e9g\u00e9s par Fran\u00e7ais en surnombre, fin tragique de la chevalerie.<\/p>\n","protected":false},"featured_media":14990,"comment_status":"open","ping_status":"closed","template":"","meta":{"inline_featured_image":false},"product_cat":[204,143],"product_tag":[],"class_list":{"0":"post-14989","1":"product","2":"type-product","3":"status-publish","4":"has-post-thumbnail","6":"product_cat-francais","7":"product_cat-roman","8":"pa_auteurs-jean-teule","10":"first","11":"instock","12":"shipping-taxable","13":"purchasable","14":"product-type-simple"},"_links":{"self":[{"href":"https:\/\/baralivres.ma\/index.php?rest_route=\/wp\/v2\/product\/14989","targetHints":{"allow":["GET"]}}],"collection":[{"href":"https:\/\/baralivres.ma\/index.php?rest_route=\/wp\/v2\/product"}],"about":[{"href":"https:\/\/baralivres.ma\/index.php?rest_route=\/wp\/v2\/types\/product"}],"replies":[{"embeddable":true,"href":"https:\/\/baralivres.ma\/index.php?rest_route=%2Fwp%2Fv2%2Fcomments&post=14989"}],"version-history":[{"count":1,"href":"https:\/\/baralivres.ma\/index.php?rest_route=\/wp\/v2\/product\/14989\/revisions"}],"predecessor-version":[{"id":14991,"href":"https:\/\/baralivres.ma\/index.php?rest_route=\/wp\/v2\/product\/14989\/revisions\/14991"}],"wp:featuredmedia":[{"embeddable":true,"href":"https:\/\/baralivres.ma\/index.php?rest_route=\/wp\/v2\/media\/14990"}],"wp:attachment":[{"href":"https:\/\/baralivres.ma\/index.php?rest_route=%2Fwp%2Fv2%2Fmedia&parent=14989"}],"wp:term":[{"taxonomy":"product_cat","embeddable":true,"href":"https:\/\/baralivres.ma\/index.php?rest_route=%2Fwp%2Fv2%2Fproduct_cat&post=14989"},{"taxonomy":"product_tag","embeddable":true,"href":"https:\/\/baralivres.ma\/index.php?rest_route=%2Fwp%2Fv2%2Fproduct_tag&post=14989"}],"curies":[{"name":"wp","href":"https:\/\/api.w.org\/{rel}","templated":true}]}}