{"id":14987,"date":"2023-10-27T11:50:35","date_gmt":"2023-10-27T10:50:35","guid":{"rendered":"https:\/\/baralivres.ma\/?post_type=product&#038;p=14987"},"modified":"2023-10-27T11:50:35","modified_gmt":"2023-10-27T10:50:35","slug":"mourir-est-un-enchantement","status":"publish","type":"product","link":"https:\/\/baralivres.ma\/?product=mourir-est-un-enchantement","title":{"rendered":"Mourir est un enchantement"},"content":{"rendered":"<p>Affectueusement encadr\u00e9e par ses deux fils, Sara, une femme marocaine approchant la cinquantaine, affaiblie par un diagnostic m\u00e9dical inqui\u00e9tant, trouve un immense plaisir \u00e0 revisiter le contenu d&rsquo;un grand sac en toile. \u00c0 l&rsquo;int\u00e9rieur se trouvent en vrac toutes les photos de sa famille.<\/p>\n<p>\u00c0 ce moment-l\u00e0, les visages de ses parents, de ses oncles et tantes, de ces jeunes gens des ann\u00e9es soixante-dix, aussi beaux qu&rsquo;aspirant au bonheur, s&rsquo;imposent. Ils \u00e9voluaient dans un Maroc sur le point de basculer irr\u00e9m\u00e9diablement. Puis viennent les images de ses cousins, de son fr\u00e8re, de ses grands-parents. Tant d&rsquo;images, de lumi\u00e8res et d&rsquo;impressions subtiles fig\u00e9es pour l&rsquo;\u00e9ternit\u00e9. Autant de portraits riches en particularit\u00e9s que Sara ravive, mettant en lumi\u00e8re leur vuln\u00e9rabilit\u00e9 et leur aveuglement face \u00e0 ce pays qu&rsquo;ils aimaient tant, mais qui continuait d&rsquo;\u00eatre secou\u00e9 par les tumultes du pouvoir.<\/p>\n<p>Ce roman d&rsquo;une \u00e9l\u00e9gance rare explore le combat des femmes, passant du personnel \u00e0 l&rsquo;universel.<\/p>\n","protected":false},"excerpt":{"rendered":"<p>Sara, femme marocaine, d\u00e9couvre ses photos de famille, r\u00e9v\u00e9lant l&rsquo;\u00e9volution du Maroc et le r\u00f4le des femmes.<\/p>\n","protected":false},"featured_media":14988,"comment_status":"open","ping_status":"closed","template":"","meta":{"inline_featured_image":false},"product_cat":[204,143],"product_tag":[],"class_list":{"0":"post-14987","1":"product","2":"type-product","3":"status-publish","4":"has-post-thumbnail","6":"product_cat-francais","7":"product_cat-roman","8":"pa_auteurs-yasmine-chami","10":"first","11":"instock","12":"shipping-taxable","13":"purchasable","14":"product-type-simple"},"_links":{"self":[{"href":"https:\/\/baralivres.ma\/index.php?rest_route=\/wp\/v2\/product\/14987","targetHints":{"allow":["GET"]}}],"collection":[{"href":"https:\/\/baralivres.ma\/index.php?rest_route=\/wp\/v2\/product"}],"about":[{"href":"https:\/\/baralivres.ma\/index.php?rest_route=\/wp\/v2\/types\/product"}],"replies":[{"embeddable":true,"href":"https:\/\/baralivres.ma\/index.php?rest_route=%2Fwp%2Fv2%2Fcomments&post=14987"}],"version-history":[{"count":1,"href":"https:\/\/baralivres.ma\/index.php?rest_route=\/wp\/v2\/product\/14987\/revisions"}],"predecessor-version":[{"id":15052,"href":"https:\/\/baralivres.ma\/index.php?rest_route=\/wp\/v2\/product\/14987\/revisions\/15052"}],"wp:featuredmedia":[{"embeddable":true,"href":"https:\/\/baralivres.ma\/index.php?rest_route=\/wp\/v2\/media\/14988"}],"wp:attachment":[{"href":"https:\/\/baralivres.ma\/index.php?rest_route=%2Fwp%2Fv2%2Fmedia&parent=14987"}],"wp:term":[{"taxonomy":"product_cat","embeddable":true,"href":"https:\/\/baralivres.ma\/index.php?rest_route=%2Fwp%2Fv2%2Fproduct_cat&post=14987"},{"taxonomy":"product_tag","embeddable":true,"href":"https:\/\/baralivres.ma\/index.php?rest_route=%2Fwp%2Fv2%2Fproduct_tag&post=14987"}],"curies":[{"name":"wp","href":"https:\/\/api.w.org\/{rel}","templated":true}]}}