{"id":14980,"date":"2023-10-27T11:23:20","date_gmt":"2023-10-27T10:23:20","guid":{"rendered":"https:\/\/baralivres.ma\/?post_type=product&#038;p=14980"},"modified":"2023-10-27T11:29:10","modified_gmt":"2023-10-27T10:29:10","slug":"fin-de-partie","status":"publish","type":"product","link":"https:\/\/baralivres.ma\/?product=fin-de-partie","title":{"rendered":"Fin de partie"},"content":{"rendered":"<p>\u00ab\u00a0Fin de partie\u00a0\u00bb est une pi\u00e8ce en un acte \u00e9crite en fran\u00e7ais entre 1954 et 1956. Elle met en sc\u00e8ne quatre personnages, dont le personnage principal est un vieillard infirme et aveugle, confin\u00e9 \u00e0 un fauteuil roulant. La pi\u00e8ce explore des th\u00e8mes d&rsquo;immobilit\u00e9, d&rsquo;enfouissement et de relations complexes entre les personnages. Le suspense r\u00e9side dans la question de savoir si le fils, Clov, partira ou non, cr\u00e9ant une tension d\u00e9risoire. La pi\u00e8ce est \u00e0 la fois comique et tragique, avec un langage quotidien qui explose pour r\u00e9v\u00e9ler les aspects comiques et tragiques de la vie. Beckett cherche \u00e0 repousser les limites du langage dans cette \u0153uvre.<\/p>\n","protected":false},"excerpt":{"rendered":"<p>\u00ab\u00a0Fin de partie\u00a0\u00bb de Beckett explore l&rsquo;immobilit\u00e9, l&rsquo;enfouissement et les relations complexes entre quatre personnages.<\/p>\n","protected":false},"featured_media":14997,"comment_status":"open","ping_status":"closed","template":"","meta":{"inline_featured_image":false},"product_cat":[204,143],"product_tag":[],"class_list":{"0":"post-14980","1":"product","2":"type-product","3":"status-publish","4":"has-post-thumbnail","6":"product_cat-francais","7":"product_cat-roman","8":"pa_auteurs-samuel-beckett","10":"first","11":"instock","12":"shipping-taxable","13":"purchasable","14":"product-type-simple"},"_links":{"self":[{"href":"https:\/\/baralivres.ma\/index.php?rest_route=\/wp\/v2\/product\/14980","targetHints":{"allow":["GET"]}}],"collection":[{"href":"https:\/\/baralivres.ma\/index.php?rest_route=\/wp\/v2\/product"}],"about":[{"href":"https:\/\/baralivres.ma\/index.php?rest_route=\/wp\/v2\/types\/product"}],"replies":[{"embeddable":true,"href":"https:\/\/baralivres.ma\/index.php?rest_route=%2Fwp%2Fv2%2Fcomments&post=14980"}],"version-history":[{"count":1,"href":"https:\/\/baralivres.ma\/index.php?rest_route=\/wp\/v2\/product\/14980\/revisions"}],"predecessor-version":[{"id":15001,"href":"https:\/\/baralivres.ma\/index.php?rest_route=\/wp\/v2\/product\/14980\/revisions\/15001"}],"wp:featuredmedia":[{"embeddable":true,"href":"https:\/\/baralivres.ma\/index.php?rest_route=\/wp\/v2\/media\/14997"}],"wp:attachment":[{"href":"https:\/\/baralivres.ma\/index.php?rest_route=%2Fwp%2Fv2%2Fmedia&parent=14980"}],"wp:term":[{"taxonomy":"product_cat","embeddable":true,"href":"https:\/\/baralivres.ma\/index.php?rest_route=%2Fwp%2Fv2%2Fproduct_cat&post=14980"},{"taxonomy":"product_tag","embeddable":true,"href":"https:\/\/baralivres.ma\/index.php?rest_route=%2Fwp%2Fv2%2Fproduct_tag&post=14980"}],"curies":[{"name":"wp","href":"https:\/\/api.w.org\/{rel}","templated":true}]}}