{"id":14975,"date":"2023-10-27T11:05:25","date_gmt":"2023-10-27T10:05:25","guid":{"rendered":"https:\/\/baralivres.ma\/?post_type=product&#038;p=14975"},"modified":"2023-10-27T11:05:25","modified_gmt":"2023-10-27T10:05:25","slug":"le-roi-na-pas-sommeil","status":"publish","type":"product","link":"https:\/\/baralivres.ma\/?product=le-roi-na-pas-sommeil","title":{"rendered":"Le roi n&rsquo;a pas sommeil"},"content":{"rendered":"<p>\u00c0 quel moment Thomas Hogan a-t-il franchi le point de non-retour dans sa lutte contre ses d\u00e9mons int\u00e9rieurs, qui le tourmentaient d\u00e9j\u00e0 tout comme son p\u00e8re ? \u00c9tait-ce lors de la trahison de son ami d&rsquo;enfance Paul, son double, qui a rejoint la bande de Calvin ? Peut-\u00eatre \u00e9tait-ce lorsqu&rsquo;il a d\u00e9couvert le Blue Budd, plongeant dans le monde du poker et de l&rsquo;alcool de poire ? Ou bien a-t-il bascul\u00e9 lorsque Donna, l&rsquo;assistante du Docteur, l&rsquo;a entra\u00een\u00e9 dans les t\u00e9n\u00e8bres derri\u00e8re la scierie maudite ?<\/p>\n","protected":false},"excerpt":{"rendered":"<p>Thomas Hogan lutte contre ses d\u00e9mons int\u00e9rieurs, trahi par son ami Paul, tent\u00e9 par des addictions.<\/p>\n","protected":false},"featured_media":14979,"comment_status":"open","ping_status":"closed","template":"","meta":{"inline_featured_image":false},"product_cat":[204,143],"product_tag":[],"class_list":{"0":"post-14975","1":"product","2":"type-product","3":"status-publish","4":"has-post-thumbnail","6":"product_cat-francais","7":"product_cat-roman","8":"pa_auteurs-cecile-coulan","10":"first","11":"instock","12":"shipping-taxable","13":"purchasable","14":"product-type-simple"},"_links":{"self":[{"href":"https:\/\/baralivres.ma\/index.php?rest_route=\/wp\/v2\/product\/14975","targetHints":{"allow":["GET"]}}],"collection":[{"href":"https:\/\/baralivres.ma\/index.php?rest_route=\/wp\/v2\/product"}],"about":[{"href":"https:\/\/baralivres.ma\/index.php?rest_route=\/wp\/v2\/types\/product"}],"replies":[{"embeddable":true,"href":"https:\/\/baralivres.ma\/index.php?rest_route=%2Fwp%2Fv2%2Fcomments&post=14975"}],"version-history":[{"count":1,"href":"https:\/\/baralivres.ma\/index.php?rest_route=\/wp\/v2\/product\/14975\/revisions"}],"predecessor-version":[{"id":14982,"href":"https:\/\/baralivres.ma\/index.php?rest_route=\/wp\/v2\/product\/14975\/revisions\/14982"}],"wp:featuredmedia":[{"embeddable":true,"href":"https:\/\/baralivres.ma\/index.php?rest_route=\/wp\/v2\/media\/14979"}],"wp:attachment":[{"href":"https:\/\/baralivres.ma\/index.php?rest_route=%2Fwp%2Fv2%2Fmedia&parent=14975"}],"wp:term":[{"taxonomy":"product_cat","embeddable":true,"href":"https:\/\/baralivres.ma\/index.php?rest_route=%2Fwp%2Fv2%2Fproduct_cat&post=14975"},{"taxonomy":"product_tag","embeddable":true,"href":"https:\/\/baralivres.ma\/index.php?rest_route=%2Fwp%2Fv2%2Fproduct_tag&post=14975"}],"curies":[{"name":"wp","href":"https:\/\/api.w.org\/{rel}","templated":true}]}}