{"id":14972,"date":"2023-10-27T11:05:26","date_gmt":"2023-10-27T10:05:26","guid":{"rendered":"https:\/\/baralivres.ma\/?post_type=product&#038;p=14972"},"modified":"2023-10-27T11:05:27","modified_gmt":"2023-10-27T10:05:27","slug":"crenom-baudelaire","status":"publish","type":"product","link":"https:\/\/baralivres.ma\/?product=crenom-baudelaire","title":{"rendered":"Cr\u00e9nom, Baudelaire !"},"content":{"rendered":"<p>Si son art \u00e9blouissait, l&rsquo;homme lui-m\u00eame \u00e9tait loin d&rsquo;\u00eatre aimable. Charles Baudelaire n&rsquo;\u00e9tait en aucun cas enclin \u00e0 respecter les conventions sociales, ne se soumettait \u00e0 aucune obligation envers quiconque, et prof\u00e9rait des propos outrageants envers tous ceux qui l&rsquo;approchaient. Il \u00e9tait profond\u00e9ment enlis\u00e9 dans la drogue, un dandy visionnaire, et n&rsquo;avait pour seule ambition que de capturer la beaut\u00e9 qui tourmentait son esprit pour la transmettre \u00e0 travers la po\u00e9sie. \u00c0 travers ses incessantes r\u00e9visions de vers, il cherchait \u00e0 harmoniser l&rsquo;abject et le sublime, cr\u00e9ant ainsi une centaine de po\u00e8mes qu&rsquo;il a lanc\u00e9s en pleine face de l&rsquo;humanit\u00e9. Ces cent \u00ab\u00a0Fleurs du Mal\u00a0\u00bb ont ind\u00e9niablement marqu\u00e9 l&rsquo;histoire de la po\u00e9sie fran\u00e7aise.<\/p>\n","protected":false},"excerpt":{"rendered":"<p>Charles Baudelaire, d\u00e9testable en personne, captura la beaut\u00e9 et la transcrivit en 100 po\u00e8mes influents.<\/p>\n","protected":false},"featured_media":14981,"comment_status":"open","ping_status":"closed","template":"","meta":{"inline_featured_image":false},"product_cat":[204,143],"product_tag":[],"class_list":{"0":"post-14972","1":"product","2":"type-product","3":"status-publish","4":"has-post-thumbnail","6":"product_cat-francais","7":"product_cat-roman","8":"pa_auteurs-jean-teule","10":"first","11":"instock","12":"shipping-taxable","13":"purchasable","14":"product-type-simple"},"_links":{"self":[{"href":"https:\/\/baralivres.ma\/index.php?rest_route=\/wp\/v2\/product\/14972","targetHints":{"allow":["GET"]}}],"collection":[{"href":"https:\/\/baralivres.ma\/index.php?rest_route=\/wp\/v2\/product"}],"about":[{"href":"https:\/\/baralivres.ma\/index.php?rest_route=\/wp\/v2\/types\/product"}],"replies":[{"embeddable":true,"href":"https:\/\/baralivres.ma\/index.php?rest_route=%2Fwp%2Fv2%2Fcomments&post=14972"}],"version-history":[{"count":1,"href":"https:\/\/baralivres.ma\/index.php?rest_route=\/wp\/v2\/product\/14972\/revisions"}],"predecessor-version":[{"id":14983,"href":"https:\/\/baralivres.ma\/index.php?rest_route=\/wp\/v2\/product\/14972\/revisions\/14983"}],"wp:featuredmedia":[{"embeddable":true,"href":"https:\/\/baralivres.ma\/index.php?rest_route=\/wp\/v2\/media\/14981"}],"wp:attachment":[{"href":"https:\/\/baralivres.ma\/index.php?rest_route=%2Fwp%2Fv2%2Fmedia&parent=14972"}],"wp:term":[{"taxonomy":"product_cat","embeddable":true,"href":"https:\/\/baralivres.ma\/index.php?rest_route=%2Fwp%2Fv2%2Fproduct_cat&post=14972"},{"taxonomy":"product_tag","embeddable":true,"href":"https:\/\/baralivres.ma\/index.php?rest_route=%2Fwp%2Fv2%2Fproduct_tag&post=14972"}],"curies":[{"name":"wp","href":"https:\/\/api.w.org\/{rel}","templated":true}]}}