{"id":14968,"date":"2023-10-27T11:00:37","date_gmt":"2023-10-27T10:00:37","guid":{"rendered":"https:\/\/baralivres.ma\/?post_type=product&#038;p=14968"},"modified":"2023-10-27T11:00:38","modified_gmt":"2023-10-27T10:00:38","slug":"je-vous-aiderai-a-vivre-vous-maiderez-a-mouri","status":"publish","type":"product","link":"https:\/\/baralivres.ma\/?product=je-vous-aiderai-a-vivre-vous-maiderez-a-mouri","title":{"rendered":"Je vous aiderai \u00e0 vivre, vous m&rsquo;aiderez \u00e0 mouri"},"content":{"rendered":"<p>Le 2 mai 1923, Georges Clemenceau, \u00e2g\u00e9 de 82 ans, s&rsquo;installe comme \u00e0 son habitude \u00e0 son bureau, conservant toute sa vivacit\u00e9 et sa fiert\u00e9. Alors que la R\u00e9publique l&rsquo;a d\u00e9j\u00e0 remerci\u00e9, le surnomm\u00e9 \u00ab\u00a0Tigre\u00a0\u00bb ne sait pas encore que les ann\u00e9es \u00e0 venir seront parmi les plus passionnantes de sa vie. C&rsquo;est ce jour-l\u00e0 que Marguerite Baldensperger, une \u00e9ditrice de quarante ans sa cadette, franchit sa porte pour lui proposer de collaborer \u00e0 un livre. Elle est discr\u00e8te et r\u00e9serv\u00e9e, tandis que lui demeure charmeur et \u00e9nergique. N\u00e9anmoins, un pacte se forme entre eux : \u00ab\u00a0Je vous aiderai \u00e0 vivre, vous m&rsquo;aiderez \u00e0 mourir.\u00a0\u00bb Ce lien permet \u00e0 Marguerite de surmonter un immense chagrin personnel et de retrouver le go\u00fbt de vivre. Pour Clemenceau, sa pr\u00e9sence apporte une nouvelle \u00e9nergie \u00e0 son engagement politique et ravive sa passion pour les batailles d&rsquo;antan. Malgr\u00e9 leur diff\u00e9rence d&rsquo;\u00e2ge, ils s&rsquo;aimeront chacun \u00e0 leur mani\u00e8re.<\/p>\n","protected":false},"excerpt":{"rendered":"<p>En 1923, Georges Clemenceau, \u00e0 82 ans, forme un pacte avec Marguerite Baldensperger, de 40 ans sa cadette, pour redonner un sens \u00e0 leur vie.<\/p>\n","protected":false},"featured_media":14973,"comment_status":"open","ping_status":"closed","template":"","meta":{"inline_featured_image":false},"product_cat":[204,143],"product_tag":[],"class_list":{"0":"post-14968","1":"product","2":"type-product","3":"status-publish","4":"has-post-thumbnail","6":"product_cat-francais","7":"product_cat-roman","8":"pa_auteurs-nathalie-saint-cricq","10":"first","11":"instock","12":"shipping-taxable","13":"purchasable","14":"product-type-simple"},"_links":{"self":[{"href":"https:\/\/baralivres.ma\/index.php?rest_route=\/wp\/v2\/product\/14968","targetHints":{"allow":["GET"]}}],"collection":[{"href":"https:\/\/baralivres.ma\/index.php?rest_route=\/wp\/v2\/product"}],"about":[{"href":"https:\/\/baralivres.ma\/index.php?rest_route=\/wp\/v2\/types\/product"}],"replies":[{"embeddable":true,"href":"https:\/\/baralivres.ma\/index.php?rest_route=%2Fwp%2Fv2%2Fcomments&post=14968"}],"version-history":[{"count":1,"href":"https:\/\/baralivres.ma\/index.php?rest_route=\/wp\/v2\/product\/14968\/revisions"}],"predecessor-version":[{"id":14974,"href":"https:\/\/baralivres.ma\/index.php?rest_route=\/wp\/v2\/product\/14968\/revisions\/14974"}],"wp:featuredmedia":[{"embeddable":true,"href":"https:\/\/baralivres.ma\/index.php?rest_route=\/wp\/v2\/media\/14973"}],"wp:attachment":[{"href":"https:\/\/baralivres.ma\/index.php?rest_route=%2Fwp%2Fv2%2Fmedia&parent=14968"}],"wp:term":[{"taxonomy":"product_cat","embeddable":true,"href":"https:\/\/baralivres.ma\/index.php?rest_route=%2Fwp%2Fv2%2Fproduct_cat&post=14968"},{"taxonomy":"product_tag","embeddable":true,"href":"https:\/\/baralivres.ma\/index.php?rest_route=%2Fwp%2Fv2%2Fproduct_tag&post=14968"}],"curies":[{"name":"wp","href":"https:\/\/api.w.org\/{rel}","templated":true}]}}