{"id":14963,"date":"2023-10-27T10:58:21","date_gmt":"2023-10-27T09:58:21","guid":{"rendered":"https:\/\/baralivres.ma\/?post_type=product&#038;p=14963"},"modified":"2023-10-27T10:58:21","modified_gmt":"2023-10-27T09:58:21","slug":"pourquoi-etre-heureux-quand-on-peut-etre-normal","status":"publish","type":"product","link":"https:\/\/baralivres.ma\/?product=pourquoi-etre-heureux-quand-on-peut-etre-normal","title":{"rendered":"Pourquoi \u00eatre heureux quand on peut \u00eatre normal ?"},"content":{"rendered":"<div class=\"group w-full text-token-text-primary border-b border-black\/10 gizmo:border-0 dark:border-gray-900\/50 gizmo:dark:border-0 bg-gray-50 gizmo:bg-transparent dark:bg-[#444654] gizmo:dark:bg-transparent\" data-testid=\"conversation-turn-77\">\n<div class=\"p-4 gizmo:py-2 justify-center text-base md:gap-6 md:py-6 m-auto\">\n<div class=\"flex flex-1 gap-4 text-base mx-auto md:gap-6 gizmo:gap-3 gizmo:md:px-5 gizmo:lg:px-1 gizmo:xl:px-5 md:max-w-2xl lg:max-w-[38rem] gizmo:md:max-w-3xl gizmo:lg:max-w-[40rem] gizmo:xl:max-w-[48rem] xl:max-w-3xl }\">\n<div class=\"relative flex w-[calc(100%-50px)] flex-col gizmo:w-full lg:w-[calc(100%-115px)] agent-turn\">\n<div class=\"flex-col gap-1 md:gap-3\">\n<div class=\"flex flex-grow flex-col gap-3 max-w-full\">\n<div class=\"min-h-[20px] flex flex-col items-start gap-3 whitespace-pre-wrap break-words overflow-x-auto\" data-message-author-role=\"assistant\" data-message-id=\"e18efa58-bddf-4e47-9bd2-80de1d51bdd9\">\n<div class=\"markdown prose w-full break-words dark:prose-invert light\">\n<p>Jeanette, adopt\u00e9e par Mrs Winterson, a toujours lutt\u00e9 contre sa m\u00e8re et les contraintes religieuses. Elle trouve la libert\u00e9 et l&rsquo;amour dans les livres et les mots, r\u00e9inventant sa vie. Jeanette Winterson, auteure iconique, \u00e9crit pour s&rsquo;affranchir du conformisme et devenir libre. Son roman \u00ab\u00a0Les oranges ne sont pas les seuls fruits\u00a0\u00bb est disponible chez Points, et elle est reconnue pour ses \u0153uvres baroques et irr\u00e9v\u00e9rencieuses. La traduction est de C\u00e9line Leroy.<\/p>\n<\/div>\n<\/div>\n<\/div>\n<div class=\"flex justify-between empty:hidden gizmo:justify-start gizmo:gap-3 lg:block gizmo:lg:flex\">\n<div class=\"text-gray-400 flex self-end lg:self-center justify-center gizmo:lg:justify-start mt-2 gizmo:mt-0 visible lg:gap-1 lg:absolute lg:top-0 lg:translate-x-full lg:right-0 lg:mt-0 lg:pl-2 gap-2 md:gap-3\"><button class=\"flex ml-auto gizmo:ml-0 gap-2 items-center rounded-md p-1 text-xs gizmo:gap-1.5 gizmo:pl-0 dark:text-gray-400 dark:hover:text-gray-200 disabled:dark:hover:text-gray-400 hover:text-gray-700\"><\/button><\/p>\n<div class=\"flex gap-1\"><\/div>\n<\/div>\n<\/div>\n<\/div>\n<\/div>\n<\/div>\n<\/div>\n<\/div>\n","protected":false},"excerpt":{"rendered":"<p>Jeanette Winterson, ic\u00f4ne f\u00e9ministe, \u00e9crit pour s&rsquo;affranchir des contraintes religieuses et embrasser la libert\u00e9 d&rsquo;aimer et de penser.<\/p>\n","protected":false},"featured_media":14969,"comment_status":"open","ping_status":"closed","template":"","meta":{"inline_featured_image":false},"product_cat":[204,143],"product_tag":[],"class_list":{"0":"post-14963","1":"product","2":"type-product","3":"status-publish","4":"has-post-thumbnail","6":"product_cat-francais","7":"product_cat-roman","8":"pa_auteurs-jeanette-winterson","10":"first","11":"instock","12":"shipping-taxable","13":"purchasable","14":"product-type-simple"},"_links":{"self":[{"href":"https:\/\/baralivres.ma\/index.php?rest_route=\/wp\/v2\/product\/14963","targetHints":{"allow":["GET"]}}],"collection":[{"href":"https:\/\/baralivres.ma\/index.php?rest_route=\/wp\/v2\/product"}],"about":[{"href":"https:\/\/baralivres.ma\/index.php?rest_route=\/wp\/v2\/types\/product"}],"replies":[{"embeddable":true,"href":"https:\/\/baralivres.ma\/index.php?rest_route=%2Fwp%2Fv2%2Fcomments&post=14963"}],"version-history":[{"count":1,"href":"https:\/\/baralivres.ma\/index.php?rest_route=\/wp\/v2\/product\/14963\/revisions"}],"predecessor-version":[{"id":14970,"href":"https:\/\/baralivres.ma\/index.php?rest_route=\/wp\/v2\/product\/14963\/revisions\/14970"}],"wp:featuredmedia":[{"embeddable":true,"href":"https:\/\/baralivres.ma\/index.php?rest_route=\/wp\/v2\/media\/14969"}],"wp:attachment":[{"href":"https:\/\/baralivres.ma\/index.php?rest_route=%2Fwp%2Fv2%2Fmedia&parent=14963"}],"wp:term":[{"taxonomy":"product_cat","embeddable":true,"href":"https:\/\/baralivres.ma\/index.php?rest_route=%2Fwp%2Fv2%2Fproduct_cat&post=14963"},{"taxonomy":"product_tag","embeddable":true,"href":"https:\/\/baralivres.ma\/index.php?rest_route=%2Fwp%2Fv2%2Fproduct_tag&post=14963"}],"curies":[{"name":"wp","href":"https:\/\/api.w.org\/{rel}","templated":true}]}}