{"id":14961,"date":"2023-10-27T10:53:44","date_gmt":"2023-10-27T09:53:44","guid":{"rendered":"https:\/\/baralivres.ma\/?post_type=product&#038;p=14961"},"modified":"2023-10-27T10:53:44","modified_gmt":"2023-10-27T09:53:44","slug":"le-syndrome-de-laccent-etranger","status":"publish","type":"product","link":"https:\/\/baralivres.ma\/?product=le-syndrome-de-laccent-etranger","title":{"rendered":"Le syndrome de l&rsquo;accent \u00e9tranger"},"content":{"rendered":"<p>D\u00e9sir\u00e9, un balayeur \u00e0 Paris, d\u00e9couvre une sacoche oubli\u00e9e dans le m\u00e9tro qui renferme un ordinateur contenant les premi\u00e8res pages d&rsquo;un roman. La lecture de ces pages ravive en lui une joie qu&rsquo;il avait depuis longtemps enfouie depuis son d\u00e9part de l&rsquo;\u00eele Maurice. En d\u00e9pit de sa vie modeste, D\u00e9sir\u00e9 nourrit un amour pour les mots, bien qu&rsquo;il ne ma\u00eetrise pas tout \u00e0 fait leur \u00e9criture. Il d\u00e9cide alors de faire une proposition \u00e0 l&rsquo;auteur anonyme du roman : il ne rendra l&rsquo;ordinateur que lorsque l&rsquo;auteur aura achev\u00e9 l&rsquo;histoire.<\/p>\n<p>Ainsi d\u00e9bute une correspondance entre D\u00e9sir\u00e9 et l&rsquo;apprenti romancier, Alexandre, un cuisinier originaire de Bretagne en proie \u00e0 un chagrin d&rsquo;amour. Le personnage central de son histoire, Sophie, souffre d&rsquo;un trouble peu commun et bien r\u00e9el : le syndrome de l&rsquo;accent \u00e9tranger. Alexandre, cherchant justement comment aborder ce personnage, fait appel \u00e0 D\u00e9sir\u00e9 pour son aide cr\u00e9ative.<\/p>\n<p>Ce roman, empreint d&rsquo;une po\u00e9sie envo\u00fbtante, nous convie \u00e0 c\u00e9l\u00e9brer la puissance d&rsquo;\u00e9vasion que suscitent les r\u00e9cits et les rencontres.<\/p>\n","protected":false},"excerpt":{"rendered":"<p>D\u00e9sir\u00e9 trouve un roman inachev\u00e9, demande \u00e0 l&rsquo;auteur de terminer en \u00e9change de l&rsquo;ordinateur trouv\u00e9.<\/p>\n","protected":false},"featured_media":14966,"comment_status":"open","ping_status":"closed","template":"","meta":{"inline_featured_image":false},"product_cat":[204,143],"product_tag":[],"class_list":{"0":"post-14961","1":"product","2":"type-product","3":"status-publish","4":"has-post-thumbnail","6":"product_cat-francais","7":"product_cat-roman","8":"pa_auteurs-mariam-sheik-fareed","10":"first","11":"instock","12":"shipping-taxable","13":"purchasable","14":"product-type-simple"},"_links":{"self":[{"href":"https:\/\/baralivres.ma\/index.php?rest_route=\/wp\/v2\/product\/14961","targetHints":{"allow":["GET"]}}],"collection":[{"href":"https:\/\/baralivres.ma\/index.php?rest_route=\/wp\/v2\/product"}],"about":[{"href":"https:\/\/baralivres.ma\/index.php?rest_route=\/wp\/v2\/types\/product"}],"replies":[{"embeddable":true,"href":"https:\/\/baralivres.ma\/index.php?rest_route=%2Fwp%2Fv2%2Fcomments&post=14961"}],"version-history":[{"count":1,"href":"https:\/\/baralivres.ma\/index.php?rest_route=\/wp\/v2\/product\/14961\/revisions"}],"predecessor-version":[{"id":14967,"href":"https:\/\/baralivres.ma\/index.php?rest_route=\/wp\/v2\/product\/14961\/revisions\/14967"}],"wp:featuredmedia":[{"embeddable":true,"href":"https:\/\/baralivres.ma\/index.php?rest_route=\/wp\/v2\/media\/14966"}],"wp:attachment":[{"href":"https:\/\/baralivres.ma\/index.php?rest_route=%2Fwp%2Fv2%2Fmedia&parent=14961"}],"wp:term":[{"taxonomy":"product_cat","embeddable":true,"href":"https:\/\/baralivres.ma\/index.php?rest_route=%2Fwp%2Fv2%2Fproduct_cat&post=14961"},{"taxonomy":"product_tag","embeddable":true,"href":"https:\/\/baralivres.ma\/index.php?rest_route=%2Fwp%2Fv2%2Fproduct_tag&post=14961"}],"curies":[{"name":"wp","href":"https:\/\/api.w.org\/{rel}","templated":true}]}}