{"id":14957,"date":"2023-10-27T11:05:57","date_gmt":"2023-10-27T10:05:57","guid":{"rendered":"https:\/\/baralivres.ma\/?post_type=product&#038;p=14957"},"modified":"2023-10-27T11:05:57","modified_gmt":"2023-10-27T10:05:57","slug":"ceremonie","status":"publish","type":"product","link":"https:\/\/baralivres.ma\/?product=ceremonie","title":{"rendered":"C\u00e9r\u00e9monie"},"content":{"rendered":"<p>Khadija, d&rsquo;origine marocaine, est une architecte de trente-cinq ans, mais sa r\u00e9ussite sociale ne compte que tr\u00e8s peu \u00e0 ses yeux, car elle vient de divorcer. D\u00e9vast\u00e9e, elle se voit contrainte de retourner vivre chez son p\u00e8re, dans la maison de son enfance, qui conserve toute sa splendeur orientale. Pendant ce temps, se pr\u00e9pare une c\u00e9r\u00e9monie de mariage, car le jeune fr\u00e8re de Khadija se marie, r\u00e9tablissant ainsi les traditions familiales et culturelles pour accueillir la nouvelle \u00e9pouse et c\u00e9l\u00e9brer cet \u00e9v\u00e9nement sacr\u00e9.<\/p>\n<p>Khadija, constamment rappel\u00e9e \u00e0 son \u00e9chec, souffre en silence. Au fur et \u00e0 mesure que la famille se r\u00e9unit et que Malika, sa cousine, arrive, le regard de cette derni\u00e8re sur Khadija change, et cette derni\u00e8re est confront\u00e9e \u00e0 une r\u00e9alit\u00e9 inattendue. Malika et Khadija, complices depuis leur enfance et profond\u00e9ment attach\u00e9es \u00e0 leur famille et \u00e0 cette maison, entreprennent un voyage pour interroger leur pass\u00e9 et leur \u00e9ducation. Elles cherchent \u00e0 comprendre comment ces \u00e9l\u00e9ments ont profond\u00e9ment influenc\u00e9 leurs aspirations et parfois entrav\u00e9 leurs d\u00e9sirs, y compris ce qui tourmente Khadija et la plonge dans l&rsquo;humiliation et la culpabilit\u00e9.<\/p>\n<p>\u00c0 travers son premier roman, Yasmine Chami-Kettani aborde avec une grande ma\u00eetrise linguistique, parfois teint\u00e9e de po\u00e9sie, l&rsquo;influence de la culture et de la soci\u00e9t\u00e9 marocaines sur la vie \u00e9motionnelle des femmes d&rsquo;aujourd&rsquo;hui. Avec rigueur et tendresse, l&rsquo;auteure d\u00e9crit comment l&rsquo;h\u00e9ritage de la m\u00e9moire m\u00e9diterran\u00e9enne, les croyances ancestrales et la culture religieuse ont fa\u00e7onn\u00e9 les destin\u00e9es des femmes, depuis leur enfance.<\/p>\n","protected":false},"excerpt":{"rendered":"<p>Khadija, architecte marocaine, divorce et retourne chez son p\u00e8re. Famille, mariage, traditions, r\u00e9flexion sur l&rsquo;influence culturelle.<\/p>\n","protected":false},"featured_media":14976,"comment_status":"open","ping_status":"closed","template":"","meta":{"inline_featured_image":false},"product_cat":[204,143],"product_tag":[],"class_list":{"0":"post-14957","1":"product","2":"type-product","3":"status-publish","4":"has-post-thumbnail","6":"product_cat-francais","7":"product_cat-roman","8":"pa_auteurs-yasmine-chami","10":"first","11":"instock","12":"shipping-taxable","13":"purchasable","14":"product-type-simple"},"_links":{"self":[{"href":"https:\/\/baralivres.ma\/index.php?rest_route=\/wp\/v2\/product\/14957","targetHints":{"allow":["GET"]}}],"collection":[{"href":"https:\/\/baralivres.ma\/index.php?rest_route=\/wp\/v2\/product"}],"about":[{"href":"https:\/\/baralivres.ma\/index.php?rest_route=\/wp\/v2\/types\/product"}],"replies":[{"embeddable":true,"href":"https:\/\/baralivres.ma\/index.php?rest_route=%2Fwp%2Fv2%2Fcomments&post=14957"}],"version-history":[{"count":1,"href":"https:\/\/baralivres.ma\/index.php?rest_route=\/wp\/v2\/product\/14957\/revisions"}],"predecessor-version":[{"id":14986,"href":"https:\/\/baralivres.ma\/index.php?rest_route=\/wp\/v2\/product\/14957\/revisions\/14986"}],"wp:featuredmedia":[{"embeddable":true,"href":"https:\/\/baralivres.ma\/index.php?rest_route=\/wp\/v2\/media\/14976"}],"wp:attachment":[{"href":"https:\/\/baralivres.ma\/index.php?rest_route=%2Fwp%2Fv2%2Fmedia&parent=14957"}],"wp:term":[{"taxonomy":"product_cat","embeddable":true,"href":"https:\/\/baralivres.ma\/index.php?rest_route=%2Fwp%2Fv2%2Fproduct_cat&post=14957"},{"taxonomy":"product_tag","embeddable":true,"href":"https:\/\/baralivres.ma\/index.php?rest_route=%2Fwp%2Fv2%2Fproduct_tag&post=14957"}],"curies":[{"name":"wp","href":"https:\/\/api.w.org\/{rel}","templated":true}]}}