{"id":14951,"date":"2023-10-27T10:49:00","date_gmt":"2023-10-27T09:49:00","guid":{"rendered":"https:\/\/baralivres.ma\/?post_type=product&#038;p=14951"},"modified":"2023-10-27T10:49:01","modified_gmt":"2023-10-27T09:49:01","slug":"double-nelson","status":"publish","type":"product","link":"https:\/\/baralivres.ma\/?product=double-nelson","title":{"rendered":"Double Nelson"},"content":{"rendered":"<p>Un \u00ab\u00a0double Nelson\u00a0\u00bb est une prise de soumission utilis\u00e9e dans le catch pour forcer l&rsquo;adversaire \u00e0 abandonner. Dans le cas de Luc et Edith, leur histoire d&rsquo;amour intense a \u00e9t\u00e9 perturb\u00e9e par le m\u00e9tier d&rsquo;Edith, qui faisait partie des forces sp\u00e9ciales de l&rsquo;arm\u00e9e. Lorsque Edith, apr\u00e8s avoir surv\u00e9cu \u00e0 une mission p\u00e9rilleuse, demande \u00e0 Luc de l&rsquo;aider en la cachant temporairement pour \u00e9chapper \u00e0 ses poursuivants, la vie de Luc est boulevers\u00e9e, et son travail d&rsquo;\u00e9criture en souffre. Ces deux individus qui avaient du mal \u00e0 cohabiter vont devoir r\u00e9apprendre \u00e0 se comprendre et \u00e0 vivre ensemble.<\/p>\n","protected":false},"excerpt":{"rendered":"<p>L&rsquo;amour intense entre Luc et Edith est perturb\u00e9 par son m\u00e9tier militaire, et sa fuite complique leur relation.<\/p>\n","protected":false},"featured_media":14958,"comment_status":"open","ping_status":"closed","template":"","meta":{"inline_featured_image":false},"product_cat":[204,143],"product_tag":[],"class_list":{"0":"post-14951","1":"product","2":"type-product","3":"status-publish","4":"has-post-thumbnail","6":"product_cat-francais","7":"product_cat-roman","8":"pa_auteurs-philippe-djian","10":"first","11":"instock","12":"shipping-taxable","13":"purchasable","14":"product-type-simple"},"_links":{"self":[{"href":"https:\/\/baralivres.ma\/index.php?rest_route=\/wp\/v2\/product\/14951","targetHints":{"allow":["GET"]}}],"collection":[{"href":"https:\/\/baralivres.ma\/index.php?rest_route=\/wp\/v2\/product"}],"about":[{"href":"https:\/\/baralivres.ma\/index.php?rest_route=\/wp\/v2\/types\/product"}],"replies":[{"embeddable":true,"href":"https:\/\/baralivres.ma\/index.php?rest_route=%2Fwp%2Fv2%2Fcomments&post=14951"}],"version-history":[{"count":1,"href":"https:\/\/baralivres.ma\/index.php?rest_route=\/wp\/v2\/product\/14951\/revisions"}],"predecessor-version":[{"id":14959,"href":"https:\/\/baralivres.ma\/index.php?rest_route=\/wp\/v2\/product\/14951\/revisions\/14959"}],"wp:featuredmedia":[{"embeddable":true,"href":"https:\/\/baralivres.ma\/index.php?rest_route=\/wp\/v2\/media\/14958"}],"wp:attachment":[{"href":"https:\/\/baralivres.ma\/index.php?rest_route=%2Fwp%2Fv2%2Fmedia&parent=14951"}],"wp:term":[{"taxonomy":"product_cat","embeddable":true,"href":"https:\/\/baralivres.ma\/index.php?rest_route=%2Fwp%2Fv2%2Fproduct_cat&post=14951"},{"taxonomy":"product_tag","embeddable":true,"href":"https:\/\/baralivres.ma\/index.php?rest_route=%2Fwp%2Fv2%2Fproduct_tag&post=14951"}],"curies":[{"name":"wp","href":"https:\/\/api.w.org\/{rel}","templated":true}]}}