{"id":14941,"date":"2023-10-27T10:42:43","date_gmt":"2023-10-27T09:42:43","guid":{"rendered":"https:\/\/baralivres.ma\/?post_type=product&#038;p=14941"},"modified":"2023-10-27T10:42:43","modified_gmt":"2023-10-27T09:42:43","slug":"un-crime-sans-importance","status":"publish","type":"product","link":"https:\/\/baralivres.ma\/?product=un-crime-sans-importance","title":{"rendered":"Un crime sans importance"},"content":{"rendered":"<p>Ir\u00e8ne Frain, auteure, r\u00e9v\u00e8le comment l&rsquo;\u00e9criture peut redonner vie \u00e0 ce que la criminalit\u00e9 tente d&rsquo;effacer. Apr\u00e8s une agression \u00e0 domicile qui a co\u00fbt\u00e9 la vie \u00e0 sa s\u0153ur, elle explore les aspects cach\u00e9s d&rsquo;une banlieue ordinaire pour briser le silence familial et r\u00e9parer les lacunes de la justice. \u00ab\u00a0Un crime sans importance\u00a0\u00bb est un r\u00e9cit poignant, m\u00e9langeant l&rsquo;intime et le social, avec des pages tour \u00e0 tour \u00e9blouissantes, dr\u00f4les et \u00e9mouvantes. Ir\u00e8ne Frain est \u00e9galement connue pour ses romans tels que \u00ab\u00a0Le Nabab\u00a0\u00bb, \u00ab\u00a0Devi\u00a0\u00bb, \u00ab\u00a0Les Naufrag\u00e9s de l&rsquo;\u00eele Tromelin\u00a0\u00bb et ses r\u00e9cits autobiographiques et biographiques publi\u00e9s chez Le Seuil.<\/p>\n","protected":false},"excerpt":{"rendered":"<p>Ir\u00e8ne Frain relate une agression traumatisante, explorant les secrets d&rsquo;une banlieue ordinaire et la qu\u00eate de justice.<\/p>\n","protected":false},"featured_media":14949,"comment_status":"open","ping_status":"closed","template":"","meta":{"inline_featured_image":false},"product_cat":[204,143],"product_tag":[],"class_list":{"0":"post-14941","1":"product","2":"type-product","3":"status-publish","4":"has-post-thumbnail","6":"product_cat-francais","7":"product_cat-roman","8":"pa_auteurs-irene-frain","10":"first","11":"instock","12":"shipping-taxable","13":"purchasable","14":"product-type-simple"},"_links":{"self":[{"href":"https:\/\/baralivres.ma\/index.php?rest_route=\/wp\/v2\/product\/14941","targetHints":{"allow":["GET"]}}],"collection":[{"href":"https:\/\/baralivres.ma\/index.php?rest_route=\/wp\/v2\/product"}],"about":[{"href":"https:\/\/baralivres.ma\/index.php?rest_route=\/wp\/v2\/types\/product"}],"replies":[{"embeddable":true,"href":"https:\/\/baralivres.ma\/index.php?rest_route=%2Fwp%2Fv2%2Fcomments&post=14941"}],"version-history":[{"count":1,"href":"https:\/\/baralivres.ma\/index.php?rest_route=\/wp\/v2\/product\/14941\/revisions"}],"predecessor-version":[{"id":14950,"href":"https:\/\/baralivres.ma\/index.php?rest_route=\/wp\/v2\/product\/14941\/revisions\/14950"}],"wp:featuredmedia":[{"embeddable":true,"href":"https:\/\/baralivres.ma\/index.php?rest_route=\/wp\/v2\/media\/14949"}],"wp:attachment":[{"href":"https:\/\/baralivres.ma\/index.php?rest_route=%2Fwp%2Fv2%2Fmedia&parent=14941"}],"wp:term":[{"taxonomy":"product_cat","embeddable":true,"href":"https:\/\/baralivres.ma\/index.php?rest_route=%2Fwp%2Fv2%2Fproduct_cat&post=14941"},{"taxonomy":"product_tag","embeddable":true,"href":"https:\/\/baralivres.ma\/index.php?rest_route=%2Fwp%2Fv2%2Fproduct_tag&post=14941"}],"curies":[{"name":"wp","href":"https:\/\/api.w.org\/{rel}","templated":true}]}}