{"id":14939,"date":"2023-10-27T10:47:37","date_gmt":"2023-10-27T09:47:37","guid":{"rendered":"https:\/\/baralivres.ma\/?post_type=product&#038;p=14939"},"modified":"2023-10-27T10:47:37","modified_gmt":"2023-10-27T09:47:37","slug":"medee-cherie","status":"publish","type":"product","link":"https:\/\/baralivres.ma\/?product=medee-cherie","title":{"rendered":"M\u00e9d\u00e9e ch\u00e9rie"},"content":{"rendered":"<p>Dans un a\u00e9roport, une femme attend, son \u00e9poux s&rsquo;est \u00e9clips\u00e9 bri\u00e8vement. Isma\u00efl exerce la profession de chirurgien tandis que M\u00e9d\u00e9e est une talentueuse sculptrice. En escale \u00e0 Paris, leur destination est Sydney. Cependant, au moment o\u00f9 ils \u00e9taient sur le point d&#8217;embarquer, le vol a \u00e9t\u00e9 cl\u00f4tur\u00e9, Isma\u00efl est rest\u00e9 \u00e0 bord, et M\u00e9d\u00e9e reste immobile, fig\u00e9e par la situation.<\/p>\n<p>Apr\u00e8s vingt-cinq ans de mariage, M\u00e9d\u00e9e avait toujours c\u00e9l\u00e9br\u00e9 leur union, \u00e9panouie par la naissance de leurs enfants, assurant son r\u00f4le de m\u00e8re et se consacrant \u00e0 la cr\u00e9ation d&rsquo;une \u0153uvre d&rsquo;art exceptionnelle. Elle n&rsquo;aurait jamais pu anticiper un tel bouleversement. Immobile, elle se confine dans le sas de douleur caus\u00e9 par cet abandon brutal et r\u00e9serve une chambre \u00e0 l&rsquo;h\u00f4tel situ\u00e9 \u00e0 proximit\u00e9 de l&rsquo;a\u00e9roport.<\/p>\n<p>Telle une funambule sur un fil tendu, M\u00e9d\u00e9e se pr\u00e9pare \u00e0 traverser le miroir. Car, malgr\u00e9 les ravages inflig\u00e9s \u00e0 son corps et les pens\u00e9es sombres qui l&rsquo;assaillent, ses mains s&rsquo;appr\u00eatent \u00e0 saisir \u00e0 nouveau la dramaturgie de l&rsquo;existence, \u00e0 extraire de la boue de la vie les gestes et les trahisons, et ainsi, les comprendre. C&rsquo;est ainsi que se r\u00e9v\u00e8le la force d&rsquo;une femme, sa r\u00e9silience, et l&rsquo;\u00e9vasion totale que son art lui offrira.<\/p>\n","protected":false},"excerpt":{"rendered":"<p>\u00c0 l&rsquo;a\u00e9roport, M\u00e9d\u00e9e est abandonn\u00e9e par son mari Isma\u00efl, d\u00e9clenchant sa qu\u00eate de r\u00e9silience \u00e0 travers l&rsquo;art.<\/p>\n","protected":false},"featured_media":14953,"comment_status":"open","ping_status":"closed","template":"","meta":{"inline_featured_image":false},"product_cat":[204,143],"product_tag":[],"class_list":{"0":"post-14939","1":"product","2":"type-product","3":"status-publish","4":"has-post-thumbnail","6":"product_cat-francais","7":"product_cat-roman","8":"pa_auteurs-yasmine-chami","10":"first","11":"instock","12":"shipping-taxable","13":"purchasable","14":"product-type-simple"},"_links":{"self":[{"href":"https:\/\/baralivres.ma\/index.php?rest_route=\/wp\/v2\/product\/14939","targetHints":{"allow":["GET"]}}],"collection":[{"href":"https:\/\/baralivres.ma\/index.php?rest_route=\/wp\/v2\/product"}],"about":[{"href":"https:\/\/baralivres.ma\/index.php?rest_route=\/wp\/v2\/types\/product"}],"replies":[{"embeddable":true,"href":"https:\/\/baralivres.ma\/index.php?rest_route=%2Fwp%2Fv2%2Fcomments&post=14939"}],"version-history":[{"count":2,"href":"https:\/\/baralivres.ma\/index.php?rest_route=\/wp\/v2\/product\/14939\/revisions"}],"predecessor-version":[{"id":14955,"href":"https:\/\/baralivres.ma\/index.php?rest_route=\/wp\/v2\/product\/14939\/revisions\/14955"}],"wp:featuredmedia":[{"embeddable":true,"href":"https:\/\/baralivres.ma\/index.php?rest_route=\/wp\/v2\/media\/14953"}],"wp:attachment":[{"href":"https:\/\/baralivres.ma\/index.php?rest_route=%2Fwp%2Fv2%2Fmedia&parent=14939"}],"wp:term":[{"taxonomy":"product_cat","embeddable":true,"href":"https:\/\/baralivres.ma\/index.php?rest_route=%2Fwp%2Fv2%2Fproduct_cat&post=14939"},{"taxonomy":"product_tag","embeddable":true,"href":"https:\/\/baralivres.ma\/index.php?rest_route=%2Fwp%2Fv2%2Fproduct_tag&post=14939"}],"curies":[{"name":"wp","href":"https:\/\/api.w.org\/{rel}","templated":true}]}}