{"id":14935,"date":"2023-10-27T10:37:37","date_gmt":"2023-10-27T09:37:37","guid":{"rendered":"https:\/\/baralivres.ma\/?post_type=product&#038;p=14935"},"modified":"2023-10-27T10:37:38","modified_gmt":"2023-10-27T09:37:38","slug":"le-secret","status":"publish","type":"product","link":"https:\/\/baralivres.ma\/?product=le-secret","title":{"rendered":"Le secret"},"content":{"rendered":"<p>\u00ab\u00a0Parmi les myst\u00e8res, on trouve un \u00e9l\u00e9ment qui lib\u00e8re les chagrins, rallume les flammes int\u00e9rieures, \u00e9branle la solitude, interroge les convictions les plus profondes, les avantages et les renoncements.\u00a0\u00bb Alors qu&rsquo;elle rentre en train de Marseille \u00e0 Paris, Morgane Ortin s&rsquo;ennuie. Pour passer le temps, elle fait une demande \u00e0 ses abonn\u00e9s : \u00ab\u00a0Partagez un secret avec moi.\u00a0\u00bb Des centaines de messages affluent, chacun plus personnel que l&rsquo;autre. Elle commence \u00e0 les lire un par un, puis les d\u00e9vore tous, touch\u00e9e par la vuln\u00e9rabilit\u00e9 qui se d\u00e9gage de ces confessions. D&rsquo;o\u00f9 lui vient cet int\u00e9r\u00eat pour la vie intime de ces personnes ? Sa curiosit\u00e9 se transforme en une enqu\u00eate, mais \u00e0 mesure qu&rsquo;elle avance, un souvenir refait surface \u00e0 l&rsquo;ombre des secrets des autres : le sien. C&rsquo;est l&rsquo;histoire d&rsquo;une famille dissimul\u00e9e et douloureuse, celle d&rsquo;une lign\u00e9e de femmes marqu\u00e9e par le silence.<\/p>\n","protected":false},"excerpt":{"rendered":"<p>Morgane Ortin explore les secrets des autres, r\u00e9veille les siens, d\u00e9voile une histoire familiale marqu\u00e9e par le silence.<\/p>\n","protected":false},"featured_media":14943,"comment_status":"open","ping_status":"closed","template":"","meta":{"inline_featured_image":false},"product_cat":[204,143],"product_tag":[],"class_list":{"0":"post-14935","1":"product","2":"type-product","3":"status-publish","4":"has-post-thumbnail","6":"product_cat-francais","7":"product_cat-roman","8":"pa_auteurs-morgane-ortin","10":"first","11":"instock","12":"shipping-taxable","13":"purchasable","14":"product-type-simple"},"_links":{"self":[{"href":"https:\/\/baralivres.ma\/index.php?rest_route=\/wp\/v2\/product\/14935","targetHints":{"allow":["GET"]}}],"collection":[{"href":"https:\/\/baralivres.ma\/index.php?rest_route=\/wp\/v2\/product"}],"about":[{"href":"https:\/\/baralivres.ma\/index.php?rest_route=\/wp\/v2\/types\/product"}],"replies":[{"embeddable":true,"href":"https:\/\/baralivres.ma\/index.php?rest_route=%2Fwp%2Fv2%2Fcomments&post=14935"}],"version-history":[{"count":1,"href":"https:\/\/baralivres.ma\/index.php?rest_route=\/wp\/v2\/product\/14935\/revisions"}],"predecessor-version":[{"id":14944,"href":"https:\/\/baralivres.ma\/index.php?rest_route=\/wp\/v2\/product\/14935\/revisions\/14944"}],"wp:featuredmedia":[{"embeddable":true,"href":"https:\/\/baralivres.ma\/index.php?rest_route=\/wp\/v2\/media\/14943"}],"wp:attachment":[{"href":"https:\/\/baralivres.ma\/index.php?rest_route=%2Fwp%2Fv2%2Fmedia&parent=14935"}],"wp:term":[{"taxonomy":"product_cat","embeddable":true,"href":"https:\/\/baralivres.ma\/index.php?rest_route=%2Fwp%2Fv2%2Fproduct_cat&post=14935"},{"taxonomy":"product_tag","embeddable":true,"href":"https:\/\/baralivres.ma\/index.php?rest_route=%2Fwp%2Fv2%2Fproduct_tag&post=14935"}],"curies":[{"name":"wp","href":"https:\/\/api.w.org\/{rel}","templated":true}]}}