{"id":14934,"date":"2023-10-27T10:33:48","date_gmt":"2023-10-27T09:33:48","guid":{"rendered":"https:\/\/baralivres.ma\/?post_type=product&#038;p=14934"},"modified":"2023-10-27T10:33:49","modified_gmt":"2023-10-27T09:33:49","slug":"crimes-de-sang-froid","status":"publish","type":"product","link":"https:\/\/baralivres.ma\/?product=crimes-de-sang-froid","title":{"rendered":"Crimes de sang-froid"},"content":{"rendered":"<p>Dix nouvelles, parmi les auteurs fran\u00e7ais de polar les plus renomm\u00e9s, explorent des crimes violents et morbides dans divers contextes, de la campagne fran\u00e7aise \u00e0 une Am\u00e9rique post-apocalyptique. Les histoires vont d&rsquo;un manuel pour le crime parfait aux obsessions sombres d&rsquo;un ancien espion, en passant par un tueur en s\u00e9rie avec des motivations presque divines et une femme tromp\u00e9e cherchant vengeance. Les talents litt\u00e9raires des auteurs s&rsquo;expriment dans ces r\u00e9cits, d\u00e9voilant leurs instincts les plus sombres. Les auteurs inclus sont Sandrine Collette, Caryl F\u00e9rey, Herv\u00e9 Le Corre, J\u00e9r\u00f4me Leroy, Marcus Malte, Ian Manook, Dominique Manotti, Olivier Norek, Danielle Thi\u00e9ry, Franck Thilliez, et Olivier Truc.<\/p>\n","protected":false},"excerpt":{"rendered":"<p>Dix nouvelles de polar par des auteurs fran\u00e7ais renomm\u00e9s, explorant des crimes violents et morbides dans divers contextes.<\/p>\n","protected":false},"featured_media":14938,"comment_status":"open","ping_status":"closed","template":"","meta":{"inline_featured_image":false},"product_cat":[204,143],"product_tag":[],"class_list":{"0":"post-14934","1":"product","2":"type-product","3":"status-publish","4":"has-post-thumbnail","6":"product_cat-francais","7":"product_cat-roman","8":"pa_auteurs-franck-thilliez","10":"first","11":"instock","12":"shipping-taxable","13":"purchasable","14":"product-type-simple"},"_links":{"self":[{"href":"https:\/\/baralivres.ma\/index.php?rest_route=\/wp\/v2\/product\/14934","targetHints":{"allow":["GET"]}}],"collection":[{"href":"https:\/\/baralivres.ma\/index.php?rest_route=\/wp\/v2\/product"}],"about":[{"href":"https:\/\/baralivres.ma\/index.php?rest_route=\/wp\/v2\/types\/product"}],"replies":[{"embeddable":true,"href":"https:\/\/baralivres.ma\/index.php?rest_route=%2Fwp%2Fv2%2Fcomments&post=14934"}],"version-history":[{"count":1,"href":"https:\/\/baralivres.ma\/index.php?rest_route=\/wp\/v2\/product\/14934\/revisions"}],"predecessor-version":[{"id":14940,"href":"https:\/\/baralivres.ma\/index.php?rest_route=\/wp\/v2\/product\/14934\/revisions\/14940"}],"wp:featuredmedia":[{"embeddable":true,"href":"https:\/\/baralivres.ma\/index.php?rest_route=\/wp\/v2\/media\/14938"}],"wp:attachment":[{"href":"https:\/\/baralivres.ma\/index.php?rest_route=%2Fwp%2Fv2%2Fmedia&parent=14934"}],"wp:term":[{"taxonomy":"product_cat","embeddable":true,"href":"https:\/\/baralivres.ma\/index.php?rest_route=%2Fwp%2Fv2%2Fproduct_cat&post=14934"},{"taxonomy":"product_tag","embeddable":true,"href":"https:\/\/baralivres.ma\/index.php?rest_route=%2Fwp%2Fv2%2Fproduct_tag&post=14934"}],"curies":[{"name":"wp","href":"https:\/\/api.w.org\/{rel}","templated":true}]}}