{"id":14921,"date":"2023-10-27T10:30:50","date_gmt":"2023-10-27T09:30:50","guid":{"rendered":"https:\/\/baralivres.ma\/?post_type=product&#038;p=14921"},"modified":"2023-10-27T10:30:50","modified_gmt":"2023-10-27T09:30:50","slug":"soleil-des-scorta","status":"publish","type":"product","link":"https:\/\/baralivres.ma\/?product=soleil-des-scorta","title":{"rendered":"SOLEIL DES SCORTA"},"content":{"rendered":"<p>La lign\u00e9e des Scorta trouve ses origines dans un acte de violence et de p\u00e9ch\u00e9, ce qui a engendr\u00e9 une mal\u00e9diction et un m\u00e9pris qui les poursuivent. Cette famille est constamment menac\u00e9e par la folie et la pauvret\u00e9. \u00c0 Montepuccio, une petite ville du sud de l&rsquo;Italie, la richesse est le seul moyen de dissimuler la honte de leurs origines. Ils croient que l&rsquo;acc\u00e8s \u00e0 la prosp\u00e9rit\u00e9 mat\u00e9rielle les \u00e9loignera de la stigmatisation. Cependant, m\u00eame si le regard critique des autres cesse de les affecter, le destin peut toujours les rattraper.<\/p>\n","protected":false},"excerpt":{"rendered":"<p>Les Scorta, n\u00e9s du p\u00e9ch\u00e9, luttent contre la pauvret\u00e9 et la mal\u00e9diction \u00e0 Montepuccio, cherchant la richesse pour \u00e9chapper \u00e0 leur pass\u00e9.<\/p>\n","protected":false},"featured_media":14932,"comment_status":"open","ping_status":"closed","template":"","meta":{"inline_featured_image":false},"product_cat":[204,143],"product_tag":[],"class_list":{"0":"post-14921","1":"product","2":"type-product","3":"status-publish","4":"has-post-thumbnail","6":"product_cat-francais","7":"product_cat-roman","8":"pa_auteurs-laurent-gaude","10":"first","11":"instock","12":"shipping-taxable","13":"purchasable","14":"product-type-simple"},"_links":{"self":[{"href":"https:\/\/baralivres.ma\/index.php?rest_route=\/wp\/v2\/product\/14921","targetHints":{"allow":["GET"]}}],"collection":[{"href":"https:\/\/baralivres.ma\/index.php?rest_route=\/wp\/v2\/product"}],"about":[{"href":"https:\/\/baralivres.ma\/index.php?rest_route=\/wp\/v2\/types\/product"}],"replies":[{"embeddable":true,"href":"https:\/\/baralivres.ma\/index.php?rest_route=%2Fwp%2Fv2%2Fcomments&post=14921"}],"version-history":[{"count":1,"href":"https:\/\/baralivres.ma\/index.php?rest_route=\/wp\/v2\/product\/14921\/revisions"}],"predecessor-version":[{"id":14933,"href":"https:\/\/baralivres.ma\/index.php?rest_route=\/wp\/v2\/product\/14921\/revisions\/14933"}],"wp:featuredmedia":[{"embeddable":true,"href":"https:\/\/baralivres.ma\/index.php?rest_route=\/wp\/v2\/media\/14932"}],"wp:attachment":[{"href":"https:\/\/baralivres.ma\/index.php?rest_route=%2Fwp%2Fv2%2Fmedia&parent=14921"}],"wp:term":[{"taxonomy":"product_cat","embeddable":true,"href":"https:\/\/baralivres.ma\/index.php?rest_route=%2Fwp%2Fv2%2Fproduct_cat&post=14921"},{"taxonomy":"product_tag","embeddable":true,"href":"https:\/\/baralivres.ma\/index.php?rest_route=%2Fwp%2Fv2%2Fproduct_tag&post=14921"}],"curies":[{"name":"wp","href":"https:\/\/api.w.org\/{rel}","templated":true}]}}