{"id":14916,"date":"2023-10-27T10:30:23","date_gmt":"2023-10-27T09:30:23","guid":{"rendered":"https:\/\/baralivres.ma\/?post_type=product&#038;p=14916"},"modified":"2023-10-27T10:32:30","modified_gmt":"2023-10-27T09:32:30","slug":"le-labyrinthe-des-esprits","status":"publish","type":"product","link":"https:\/\/baralivres.ma\/?product=le-labyrinthe-des-esprits","title":{"rendered":"Le Labyrinthe des esprits"},"content":{"rendered":"<p>\u00c0 l&rsquo;\u00e9poque tumultueuse de Barcelone, marqu\u00e9e par des ann\u00e9es de troubles, la disparition d&rsquo;un ministre va d\u00e9clencher une s\u00e9rie d&rsquo;assassinats. Au milieu de la propagande et de la terreur, se dresse Alicia Gris, une jeune femme d\u00e9termin\u00e9e mais vuln\u00e9rable, experte dans la navigation des labyrinthes, des jeux de miroirs et des masques.<\/p>\n<p>Son chemin croise celui de Daniel Sempere, qui n&rsquo;est plus l&rsquo;enfant des all\u00e9es du Cimeti\u00e8re des Livres oubli\u00e9s, mais un adulte empreint de tristesse et de col\u00e8re, hant\u00e9 par l&rsquo;ombre de la disparition de sa m\u00e8re.<\/p>\n<p>Alicia Gris parvient n\u00e9anmoins \u00e0 perturber la routine de Daniel et de ses proches, en lui offrant enfin l&rsquo;acc\u00e8s \u00e0 la v\u00e9rit\u00e9 et \u00e0 la r\u00e9alisation de son destin. Un final grandiose \u00e0 cette magnifique histoire qui, du d\u00e9but \u00e0 la fin, reste fid\u00e8le \u00e0 son objectif premier : rendre hommage \u00e0 la litt\u00e9rature qui nourrit notre existence.<\/p>\n","protected":false},"excerpt":{"rendered":"<p>\u00c0 Barcelone troubl\u00e9e, Alicia Gris et Daniel Sempere cherchent v\u00e9rit\u00e9 et destin dans un monde d&rsquo;assassinats.<\/p>\n","protected":false},"featured_media":14928,"comment_status":"open","ping_status":"closed","template":"","meta":{"inline_featured_image":false},"product_cat":[204,143],"product_tag":[],"class_list":{"0":"post-14916","1":"product","2":"type-product","3":"status-publish","4":"has-post-thumbnail","6":"product_cat-francais","7":"product_cat-roman","8":"pa_auteurs-carlos-ruiz-zafon","10":"first","11":"instock","12":"shipping-taxable","13":"purchasable","14":"product-type-simple"},"_links":{"self":[{"href":"https:\/\/baralivres.ma\/index.php?rest_route=\/wp\/v2\/product\/14916","targetHints":{"allow":["GET"]}}],"collection":[{"href":"https:\/\/baralivres.ma\/index.php?rest_route=\/wp\/v2\/product"}],"about":[{"href":"https:\/\/baralivres.ma\/index.php?rest_route=\/wp\/v2\/types\/product"}],"replies":[{"embeddable":true,"href":"https:\/\/baralivres.ma\/index.php?rest_route=%2Fwp%2Fv2%2Fcomments&post=14916"}],"version-history":[{"count":3,"href":"https:\/\/baralivres.ma\/index.php?rest_route=\/wp\/v2\/product\/14916\/revisions"}],"predecessor-version":[{"id":14937,"href":"https:\/\/baralivres.ma\/index.php?rest_route=\/wp\/v2\/product\/14916\/revisions\/14937"}],"wp:featuredmedia":[{"embeddable":true,"href":"https:\/\/baralivres.ma\/index.php?rest_route=\/wp\/v2\/media\/14928"}],"wp:attachment":[{"href":"https:\/\/baralivres.ma\/index.php?rest_route=%2Fwp%2Fv2%2Fmedia&parent=14916"}],"wp:term":[{"taxonomy":"product_cat","embeddable":true,"href":"https:\/\/baralivres.ma\/index.php?rest_route=%2Fwp%2Fv2%2Fproduct_cat&post=14916"},{"taxonomy":"product_tag","embeddable":true,"href":"https:\/\/baralivres.ma\/index.php?rest_route=%2Fwp%2Fv2%2Fproduct_tag&post=14916"}],"curies":[{"name":"wp","href":"https:\/\/api.w.org\/{rel}","templated":true}]}}