{"id":14904,"date":"2023-10-27T10:10:03","date_gmt":"2023-10-27T09:10:03","guid":{"rendered":"https:\/\/baralivres.ma\/?post_type=product&#038;p=14904"},"modified":"2026-02-14T09:39:54","modified_gmt":"2026-02-14T08:39:54","slug":"quest-ce-que-le-soufisme","status":"publish","type":"product","link":"https:\/\/baralivres.ma\/?product=quest-ce-que-le-soufisme","title":{"rendered":"Qu&rsquo;est-ce que le soufisme ?"},"content":{"rendered":"<p>Le soufisme est une voie spirituelle qui aspire \u00e0 l&rsquo;unit\u00e9 avec Dieu, symbolis\u00e9e par un oc\u00e9an d&rsquo;infinitude. Les soufis recherchent cette R\u00e9v\u00e9lation divine qui \u00e9mane de l&rsquo;Oc\u00e9an d&rsquo;Infinitude vers notre monde fini. Le soufisme est la discipline, la science et la vocation permettant de plonger dans cette vague divine et de revenir \u00e0 sa Source \u00e9ternelle et infinie. Martin Lings (1909-2005), sp\u00e9cialiste du soufisme et conservateur des Manuscrits orientaux au British Museum, a enseign\u00e9 \u00e0 l&rsquo;universit\u00e9 du Caire et publi\u00e9 des ouvrages tels que \u00ab\u00a0Le Proph\u00e8te Muhammad\u00a0\u00bb. La traduction de l&rsquo;anglais a \u00e9t\u00e9 r\u00e9alis\u00e9e par Roger Du Pasquier.<\/p>\n","protected":false},"excerpt":{"rendered":"<p>Le soufisme est la voie spirituelle cherchant l&rsquo;unit\u00e9 avec Dieu, symbolis\u00e9e par un oc\u00e9an d&rsquo;infinitude.<\/p>\n","protected":false},"featured_media":14908,"comment_status":"open","ping_status":"closed","template":"","meta":{"inline_featured_image":false},"product_cat":[3725,3862,4214],"product_tag":[],"class_list":{"0":"post-14904","1":"product","2":"type-product","3":"status-publish","4":"has-post-thumbnail","6":"product_cat-litterature-religieuse","7":"product_cat-spiritualite","8":"product_cat-voyage-spirituel-pendant-le-ramadan","9":"pa_auteurs-martin-lings","11":"first","12":"instock","13":"shipping-taxable","14":"purchasable","15":"product-type-simple"},"_links":{"self":[{"href":"https:\/\/baralivres.ma\/index.php?rest_route=\/wp\/v2\/product\/14904","targetHints":{"allow":["GET"]}}],"collection":[{"href":"https:\/\/baralivres.ma\/index.php?rest_route=\/wp\/v2\/product"}],"about":[{"href":"https:\/\/baralivres.ma\/index.php?rest_route=\/wp\/v2\/types\/product"}],"replies":[{"embeddable":true,"href":"https:\/\/baralivres.ma\/index.php?rest_route=%2Fwp%2Fv2%2Fcomments&post=14904"}],"version-history":[{"count":1,"href":"https:\/\/baralivres.ma\/index.php?rest_route=\/wp\/v2\/product\/14904\/revisions"}],"predecessor-version":[{"id":14909,"href":"https:\/\/baralivres.ma\/index.php?rest_route=\/wp\/v2\/product\/14904\/revisions\/14909"}],"wp:featuredmedia":[{"embeddable":true,"href":"https:\/\/baralivres.ma\/index.php?rest_route=\/wp\/v2\/media\/14908"}],"wp:attachment":[{"href":"https:\/\/baralivres.ma\/index.php?rest_route=%2Fwp%2Fv2%2Fmedia&parent=14904"}],"wp:term":[{"taxonomy":"product_cat","embeddable":true,"href":"https:\/\/baralivres.ma\/index.php?rest_route=%2Fwp%2Fv2%2Fproduct_cat&post=14904"},{"taxonomy":"product_tag","embeddable":true,"href":"https:\/\/baralivres.ma\/index.php?rest_route=%2Fwp%2Fv2%2Fproduct_tag&post=14904"}],"curies":[{"name":"wp","href":"https:\/\/api.w.org\/{rel}","templated":true}]}}