{"id":14901,"date":"2023-10-27T10:06:32","date_gmt":"2023-10-27T09:06:32","guid":{"rendered":"https:\/\/baralivres.ma\/?post_type=product&#038;p=14901"},"modified":"2024-04-26T11:11:44","modified_gmt":"2024-04-26T10:11:44","slug":"rumi-et-le-soufisme","status":"publish","type":"product","link":"https:\/\/baralivres.ma\/?product=rumi-et-le-soufisme","title":{"rendered":"R\u00fbm\u00ee et le soufisme"},"content":{"rendered":"<p>\u00fbm\u00ee, reconnu par les Occidentaux comme un grand po\u00e8te mystique et par les musulmans comme exceptionnel, reste v\u00e9n\u00e9r\u00e9 de nos jours. Ses po\u00e8mes sont r\u00e9cit\u00e9s en Inde, en Afghanistan, en Iran, et dans les villages turcs. Son message, bas\u00e9 sur ses propres exp\u00e9riences de souffrance, de violence, et de la perte de son ma\u00eetre spirituel, reste br\u00fblant d&rsquo;actualit\u00e9. Djal\u00e2l-od-D\u00een R\u00fbm\u00ee (1207-1273), aussi connu simplement sous le nom de R\u00fbm\u00ee, \u00e9tait un po\u00e8te immense, un g\u00e9nie du soufisme, et le fondateur de l&rsquo;ordre des Derviches tourneurs. \u00c9va de Vitray-Meyerovitch (1909-1999), ancr\u00e9e dans la tradition soufie, a introduit R\u00fbm\u00ee et la mystique musulmane au public fran\u00e7ais.<\/p>\n","protected":false},"excerpt":{"rendered":"<div class=\"group w-full text-token-text-primary border-b border-black\/10 gizmo:border-0 dark:border-gray-900\/50 gizmo:dark:border-0 bg-gray-50 gizmo:bg-transparent dark:bg-[#444654] gizmo:dark:bg-transparent\" data-testid=\"conversation-turn-43\">\n<div class=\"p-4 gizmo:py-2 justify-center text-base md:gap-6 md:py-6 m-auto\">\n<div class=\"flex flex-1 gap-4 text-base mx-auto md:gap-6 gizmo:gap-3 gizmo:md:px-5 gizmo:lg:px-1 gizmo:xl:px-5 md:max-w-2xl lg:max-w-[38rem] gizmo:md:max-w-3xl gizmo:lg:max-w-[40rem] gizmo:xl:max-w-[48rem] xl:max-w-3xl }\">\n<div class=\"relative flex w-[calc(100%-50px)] flex-col gizmo:w-full lg:w-[calc(100%-115px)] agent-turn\">\n<div class=\"flex-col gap-1 md:gap-3\">\n<div class=\"flex flex-grow flex-col gap-3 max-w-full\">\n<div class=\"min-h-[20px] flex flex-col items-start gap-3 whitespace-pre-wrap break-words overflow-x-auto\" data-message-author-role=\"assistant\" data-message-id=\"8ae6d415-d8e0-4246-bb5d-fe0f34bcc31d\">\n<div class=\"markdown prose w-full break-words dark:prose-invert light\">\n<p>R\u00fbm\u00ee, po\u00e8te mystique v\u00e9n\u00e9r\u00e9, porte un message intemporel bas\u00e9 sur ses exp\u00e9riences et l&rsquo;h\u00e9ritage soufi.<\/p>\n<\/div>\n<\/div>\n<\/div>\n<div class=\"flex justify-between empty:hidden gizmo:justify-start gizmo:gap-3 lg:block gizmo:lg:flex\">\n<div class=\"text-gray-400 flex self-end lg:self-center justify-center gizmo:lg:justify-start mt-2 gizmo:mt-0 visible lg:gap-1 lg:absolute lg:top-0 lg:translate-x-full lg:right-0 lg:mt-0 lg:pl-2 gap-2 md:gap-3\"><button class=\"flex ml-auto gizmo:ml-0 gap-2 items-center rounded-md p-1 text-xs gizmo:gap-1.5 gizmo:pl-0 dark:text-gray-400 dark:hover:text-gray-200 disabled:dark:hover:text-gray-400 hover:text-gray-700\"><\/button><\/p>\n<div class=\"flex gap-1\"><\/div>\n<\/div>\n<\/div>\n<\/div>\n<\/div>\n<\/div>\n<\/div>\n<\/div>\n","protected":false},"featured_media":14902,"comment_status":"open","ping_status":"closed","template":"","meta":{"inline_featured_image":false},"product_cat":[3725,204,143],"product_tag":[],"class_list":{"0":"post-14901","1":"product","2":"type-product","3":"status-publish","4":"has-post-thumbnail","6":"product_cat-litterature-religieuse","7":"product_cat-francais","8":"product_cat-roman","9":"pa_auteurs-eva-de-vitroy-meyerovitch","11":"first","12":"instock","13":"shipping-taxable","14":"purchasable","15":"product-type-simple"},"_links":{"self":[{"href":"https:\/\/baralivres.ma\/index.php?rest_route=\/wp\/v2\/product\/14901","targetHints":{"allow":["GET"]}}],"collection":[{"href":"https:\/\/baralivres.ma\/index.php?rest_route=\/wp\/v2\/product"}],"about":[{"href":"https:\/\/baralivres.ma\/index.php?rest_route=\/wp\/v2\/types\/product"}],"replies":[{"embeddable":true,"href":"https:\/\/baralivres.ma\/index.php?rest_route=%2Fwp%2Fv2%2Fcomments&post=14901"}],"version-history":[{"count":1,"href":"https:\/\/baralivres.ma\/index.php?rest_route=\/wp\/v2\/product\/14901\/revisions"}],"predecessor-version":[{"id":14903,"href":"https:\/\/baralivres.ma\/index.php?rest_route=\/wp\/v2\/product\/14901\/revisions\/14903"}],"wp:featuredmedia":[{"embeddable":true,"href":"https:\/\/baralivres.ma\/index.php?rest_route=\/wp\/v2\/media\/14902"}],"wp:attachment":[{"href":"https:\/\/baralivres.ma\/index.php?rest_route=%2Fwp%2Fv2%2Fmedia&parent=14901"}],"wp:term":[{"taxonomy":"product_cat","embeddable":true,"href":"https:\/\/baralivres.ma\/index.php?rest_route=%2Fwp%2Fv2%2Fproduct_cat&post=14901"},{"taxonomy":"product_tag","embeddable":true,"href":"https:\/\/baralivres.ma\/index.php?rest_route=%2Fwp%2Fv2%2Fproduct_tag&post=14901"}],"curies":[{"name":"wp","href":"https:\/\/api.w.org\/{rel}","templated":true}]}}