{"id":14896,"date":"2023-10-27T10:03:07","date_gmt":"2023-10-27T09:03:07","guid":{"rendered":"https:\/\/baralivres.ma\/?post_type=product&#038;p=14896"},"modified":"2023-10-27T10:03:08","modified_gmt":"2023-10-27T09:03:08","slug":"les-enfants-des-rues-etroites","status":"publish","type":"product","link":"https:\/\/baralivres.ma\/?product=les-enfants-des-rues-etroites","title":{"rendered":"Les Enfants des rues \u00e9troites"},"content":{"rendered":"<p>Dans \u00ab\u00a0Les Enfants des rues \u00e9troites\u00a0\u00bb, les enfants de la rue, d\u00e9j\u00e0 pr\u00e9sents dans \u00ab\u00a0Messaouda,\u00a0\u00bb sont au c\u0153ur de ce second roman de Serhane. Apr\u00e8s l&rsquo;ind\u00e9pendance, les maux du Maroc s&rsquo;intensifient, avec le ch\u00f4mage, la r\u00e9pression polici\u00e8re, et la corruption. Deux amis, le narrateur et Rahou, d\u00e9cident de s&rsquo;exiler : l&rsquo;un part en France, l&rsquo;autre avec sa m\u00e8re r\u00e9pudi\u00e9e. Lorsque le narrateur revient plus tard \u00e0 Azrou, il constate que la ville est inchang\u00e9e, un reflet d&rsquo;une soci\u00e9t\u00e9 ayant perdu sa dignit\u00e9. Le livre repr\u00e9sente un r\u00e9quisitoire vigoureux contre la corruption, explore les transformations des valeurs, et sert de critique sociale. C&rsquo;est aussi l&rsquo;histoire d&rsquo;une amiti\u00e9 qui r\u00e9siste \u00e0 la faute et transcende le pardon.<\/p>\n","protected":false},"excerpt":{"rendered":"<p>\u00ab\u00a0Les Enfants des rues \u00e9troites\u00a0\u00bb explore la vie post-ind\u00e9pendance au Maroc, l&rsquo;exil, la corruption et l&rsquo;amiti\u00e9 durable.<\/p>\n","protected":false},"featured_media":14897,"comment_status":"open","ping_status":"closed","template":"","meta":{"inline_featured_image":false},"product_cat":[204,143],"product_tag":[],"class_list":{"0":"post-14896","1":"product","2":"type-product","3":"status-publish","4":"has-post-thumbnail","6":"product_cat-francais","7":"product_cat-roman","8":"pa_auteurs-abdelhak-serhane","10":"first","11":"instock","12":"shipping-taxable","13":"purchasable","14":"product-type-simple"},"_links":{"self":[{"href":"https:\/\/baralivres.ma\/index.php?rest_route=\/wp\/v2\/product\/14896","targetHints":{"allow":["GET"]}}],"collection":[{"href":"https:\/\/baralivres.ma\/index.php?rest_route=\/wp\/v2\/product"}],"about":[{"href":"https:\/\/baralivres.ma\/index.php?rest_route=\/wp\/v2\/types\/product"}],"replies":[{"embeddable":true,"href":"https:\/\/baralivres.ma\/index.php?rest_route=%2Fwp%2Fv2%2Fcomments&post=14896"}],"version-history":[{"count":1,"href":"https:\/\/baralivres.ma\/index.php?rest_route=\/wp\/v2\/product\/14896\/revisions"}],"predecessor-version":[{"id":14898,"href":"https:\/\/baralivres.ma\/index.php?rest_route=\/wp\/v2\/product\/14896\/revisions\/14898"}],"wp:featuredmedia":[{"embeddable":true,"href":"https:\/\/baralivres.ma\/index.php?rest_route=\/wp\/v2\/media\/14897"}],"wp:attachment":[{"href":"https:\/\/baralivres.ma\/index.php?rest_route=%2Fwp%2Fv2%2Fmedia&parent=14896"}],"wp:term":[{"taxonomy":"product_cat","embeddable":true,"href":"https:\/\/baralivres.ma\/index.php?rest_route=%2Fwp%2Fv2%2Fproduct_cat&post=14896"},{"taxonomy":"product_tag","embeddable":true,"href":"https:\/\/baralivres.ma\/index.php?rest_route=%2Fwp%2Fv2%2Fproduct_tag&post=14896"}],"curies":[{"name":"wp","href":"https:\/\/api.w.org\/{rel}","templated":true}]}}