{"id":14887,"date":"2023-10-27T10:03:27","date_gmt":"2023-10-27T09:03:27","guid":{"rendered":"https:\/\/baralivres.ma\/?post_type=product&#038;p=14887"},"modified":"2023-10-27T10:17:31","modified_gmt":"2023-10-27T09:17:31","slug":"le-prisonnier-du-ciel","status":"publish","type":"product","link":"https:\/\/baralivres.ma\/?product=le-prisonnier-du-ciel","title":{"rendered":"Le Prisonnier du Ciel"},"content":{"rendered":"<p>Dans la Barcelone de d\u00e9cembre 1957, sous un ciel lourd de gel matinal, un \u00e9tranger myst\u00e9rieux rend visite \u00e0 Daniel et lui propose une somme extravagante en \u00e9change de l&rsquo;achat d&rsquo;une ancienne \u00e9dition du livre &lsquo;Le Comte de Monte-Cristo&rsquo;. Ce qui est encore plus troublant, c&rsquo;est qu&rsquo;il laisse ce pr\u00e9cieux ouvrage accompagn\u00e9 de messages mena\u00e7ants dirig\u00e9s vers Ferm\u00edn.<\/p>\n<p>Lorsque Daniel questionne Ferm\u00edn \u00e0 ce sujet, ce dernier est contraint de se replonger dans les sombres profondeurs de son pass\u00e9, dont il aurait pr\u00e9f\u00e9r\u00e9 oublier l&rsquo;existence : sa p\u00e9riode en prison \u00e0 Montju\u00efc en 1939, les mensonges qu&rsquo;il a d\u00fb tisser, les ombres auxquelles il pensait avoir \u00e9chapp\u00e9. D\u00e9sormais, les spectres longtemps oubli\u00e9s semblent r\u00e9clamer vengeance.<\/p>\n<p>Carlos Ruiz Zaf\u00f3n, avec son style narratif captivant, continue de c\u00e9l\u00e9brer son amour pour cette obsession qui impr\u00e8gne chaque recoin de la vie, cette passion qui anime ses personnages maudits : la litt\u00e9rature comme seule compagne v\u00e9ritable.<\/p>\n","protected":false},"excerpt":{"rendered":"<p>\u00c0 Barcelone en 1957, un myst\u00e9rieux visiteur d\u00e9clenche un pass\u00e9 traumatisant li\u00e9 \u00e0 la litt\u00e9rature pour Daniel et Ferm\u00edn.<\/p>\n","protected":false},"featured_media":14888,"comment_status":"open","ping_status":"closed","template":"","meta":{"inline_featured_image":false},"product_cat":[204,143],"product_tag":[],"class_list":{"0":"post-14887","1":"product","2":"type-product","3":"status-publish","4":"has-post-thumbnail","6":"product_cat-francais","7":"product_cat-roman","8":"pa_auteurs-carlos-ruiz-zafon","10":"first","11":"instock","12":"shipping-taxable","13":"purchasable","14":"product-type-simple"},"_links":{"self":[{"href":"https:\/\/baralivres.ma\/index.php?rest_route=\/wp\/v2\/product\/14887","targetHints":{"allow":["GET"]}}],"collection":[{"href":"https:\/\/baralivres.ma\/index.php?rest_route=\/wp\/v2\/product"}],"about":[{"href":"https:\/\/baralivres.ma\/index.php?rest_route=\/wp\/v2\/types\/product"}],"replies":[{"embeddable":true,"href":"https:\/\/baralivres.ma\/index.php?rest_route=%2Fwp%2Fv2%2Fcomments&post=14887"}],"version-history":[{"count":1,"href":"https:\/\/baralivres.ma\/index.php?rest_route=\/wp\/v2\/product\/14887\/revisions"}],"predecessor-version":[{"id":14899,"href":"https:\/\/baralivres.ma\/index.php?rest_route=\/wp\/v2\/product\/14887\/revisions\/14899"}],"wp:featuredmedia":[{"embeddable":true,"href":"https:\/\/baralivres.ma\/index.php?rest_route=\/wp\/v2\/media\/14888"}],"wp:attachment":[{"href":"https:\/\/baralivres.ma\/index.php?rest_route=%2Fwp%2Fv2%2Fmedia&parent=14887"}],"wp:term":[{"taxonomy":"product_cat","embeddable":true,"href":"https:\/\/baralivres.ma\/index.php?rest_route=%2Fwp%2Fv2%2Fproduct_cat&post=14887"},{"taxonomy":"product_tag","embeddable":true,"href":"https:\/\/baralivres.ma\/index.php?rest_route=%2Fwp%2Fv2%2Fproduct_tag&post=14887"}],"curies":[{"name":"wp","href":"https:\/\/api.w.org\/{rel}","templated":true}]}}