{"id":14881,"date":"2023-10-27T09:51:21","date_gmt":"2023-10-27T08:51:21","guid":{"rendered":"https:\/\/baralivres.ma\/?post_type=product&#038;p=14881"},"modified":"2023-10-27T09:51:22","modified_gmt":"2023-10-27T08:51:22","slug":"le-jeu-de-lange","status":"publish","type":"product","link":"https:\/\/baralivres.ma\/?product=le-jeu-de-lange","title":{"rendered":"Le Jeu de l&rsquo;ange"},"content":{"rendered":"<p>Dans le Barcelone des ann\u00e9es 1920, un jeune \u00e9crivain profond\u00e9ment amoureux prend un myst\u00e9rieux accord avec un \u00e9diteur de Paris, ignorant que cela le m\u00e8nera \u00e0 mettre en p\u00e9ril la s\u00e9curit\u00e9 de ses proches. Publi\u00e9 cinq ans apr\u00e8s \u00ab\u00a0L&rsquo;Ombre du vent\u00a0\u00bb, ce deuxi\u00e8me volet de la s\u00e9rie n&rsquo;est pas une continuation du premier, mais plut\u00f4t une exploration de ce qui s&rsquo;est pass\u00e9 vingt ans avant les \u00e9v\u00e9nements du premier livre.<\/p>\n","protected":false},"excerpt":{"rendered":"<p>\u00c0 Barcelone, \u00e9crivain amoureux accepte contrat myst\u00e9rieux avec \u00e9diteur, mettant vies de proches en danger. Pr\u00e9quelle de \u00ab\u00a0L&rsquo;Ombre du vent.\u00a0\u00bb<\/p>\n","protected":false},"featured_media":14882,"comment_status":"open","ping_status":"closed","template":"","meta":{"inline_featured_image":false},"product_cat":[204,143],"product_tag":[],"class_list":{"0":"post-14881","1":"product","2":"type-product","3":"status-publish","4":"has-post-thumbnail","6":"product_cat-francais","7":"product_cat-roman","8":"pa_auteurs-carlos-ruiz-zafon","10":"first","11":"instock","12":"shipping-taxable","13":"purchasable","14":"product-type-simple"},"_links":{"self":[{"href":"https:\/\/baralivres.ma\/index.php?rest_route=\/wp\/v2\/product\/14881","targetHints":{"allow":["GET"]}}],"collection":[{"href":"https:\/\/baralivres.ma\/index.php?rest_route=\/wp\/v2\/product"}],"about":[{"href":"https:\/\/baralivres.ma\/index.php?rest_route=\/wp\/v2\/types\/product"}],"replies":[{"embeddable":true,"href":"https:\/\/baralivres.ma\/index.php?rest_route=%2Fwp%2Fv2%2Fcomments&post=14881"}],"version-history":[{"count":1,"href":"https:\/\/baralivres.ma\/index.php?rest_route=\/wp\/v2\/product\/14881\/revisions"}],"predecessor-version":[{"id":14886,"href":"https:\/\/baralivres.ma\/index.php?rest_route=\/wp\/v2\/product\/14881\/revisions\/14886"}],"wp:featuredmedia":[{"embeddable":true,"href":"https:\/\/baralivres.ma\/index.php?rest_route=\/wp\/v2\/media\/14882"}],"wp:attachment":[{"href":"https:\/\/baralivres.ma\/index.php?rest_route=%2Fwp%2Fv2%2Fmedia&parent=14881"}],"wp:term":[{"taxonomy":"product_cat","embeddable":true,"href":"https:\/\/baralivres.ma\/index.php?rest_route=%2Fwp%2Fv2%2Fproduct_cat&post=14881"},{"taxonomy":"product_tag","embeddable":true,"href":"https:\/\/baralivres.ma\/index.php?rest_route=%2Fwp%2Fv2%2Fproduct_tag&post=14881"}],"curies":[{"name":"wp","href":"https:\/\/api.w.org\/{rel}","templated":true}]}}