{"id":14873,"date":"2023-10-27T09:47:02","date_gmt":"2023-10-27T08:47:02","guid":{"rendered":"https:\/\/baralivres.ma\/?post_type=product&#038;p=14873"},"modified":"2023-10-27T09:47:03","modified_gmt":"2023-10-27T08:47:03","slug":"lombre-du-vent","status":"publish","type":"product","link":"https:\/\/baralivres.ma\/?product=lombre-du-vent","title":{"rendered":"L&rsquo;Ombre du vent"},"content":{"rendered":"<p>Daniele Sempere \u00e9tait sur le point d&rsquo;atteindre ses onze ans lorsqu&rsquo;il fit sa premi\u00e8re incursion dans un endroit secret connu sous le nom du \u00ab\u00a0Cimeti\u00e8re des Livres oubli\u00e9s\u00a0\u00bb. Dans ce labyrinthe de biblioth\u00e8que, il devait d\u00e9couvrir le texte qui allait le suivre tout au long de sa vie. Cependant, il r\u00e9alisa que ce n&rsquo;\u00e9tait pas lui qui choisissait un livre, mais plut\u00f4t le livre qui le choisissait. Devenu un classique contemporain, \u00ab\u00a0L&rsquo;Ombre du vent\u00a0\u00bb repr\u00e9sente une qu\u00eate, une qu\u00eate de la litt\u00e9rature profond\u00e9ment li\u00e9e \u00e0 la vie, mais toujours plus puissante qu&rsquo;elle.<\/p>\n","protected":false},"excerpt":{"rendered":"<p>\u00c0 11 ans, Daniele Sempere d\u00e9couvre le \u00ab\u00a0Cimeti\u00e8re des Livres oubli\u00e9s\u00a0\u00bb o\u00f9 un livre le choisit pour toujours.<\/p>\n","protected":false},"featured_media":14874,"comment_status":"open","ping_status":"closed","template":"","meta":{"inline_featured_image":false},"product_cat":[204,143],"product_tag":[],"class_list":{"0":"post-14873","1":"product","2":"type-product","3":"status-publish","4":"has-post-thumbnail","6":"product_cat-francais","7":"product_cat-roman","8":"pa_auteurs-carlos-ruiz-zafon","10":"first","11":"instock","12":"shipping-taxable","13":"purchasable","14":"product-type-simple"},"_links":{"self":[{"href":"https:\/\/baralivres.ma\/index.php?rest_route=\/wp\/v2\/product\/14873","targetHints":{"allow":["GET"]}}],"collection":[{"href":"https:\/\/baralivres.ma\/index.php?rest_route=\/wp\/v2\/product"}],"about":[{"href":"https:\/\/baralivres.ma\/index.php?rest_route=\/wp\/v2\/types\/product"}],"replies":[{"embeddable":true,"href":"https:\/\/baralivres.ma\/index.php?rest_route=%2Fwp%2Fv2%2Fcomments&post=14873"}],"version-history":[{"count":1,"href":"https:\/\/baralivres.ma\/index.php?rest_route=\/wp\/v2\/product\/14873\/revisions"}],"predecessor-version":[{"id":14880,"href":"https:\/\/baralivres.ma\/index.php?rest_route=\/wp\/v2\/product\/14873\/revisions\/14880"}],"wp:featuredmedia":[{"embeddable":true,"href":"https:\/\/baralivres.ma\/index.php?rest_route=\/wp\/v2\/media\/14874"}],"wp:attachment":[{"href":"https:\/\/baralivres.ma\/index.php?rest_route=%2Fwp%2Fv2%2Fmedia&parent=14873"}],"wp:term":[{"taxonomy":"product_cat","embeddable":true,"href":"https:\/\/baralivres.ma\/index.php?rest_route=%2Fwp%2Fv2%2Fproduct_cat&post=14873"},{"taxonomy":"product_tag","embeddable":true,"href":"https:\/\/baralivres.ma\/index.php?rest_route=%2Fwp%2Fv2%2Fproduct_tag&post=14873"}],"curies":[{"name":"wp","href":"https:\/\/api.w.org\/{rel}","templated":true}]}}