{"id":14865,"date":"2023-10-27T09:41:31","date_gmt":"2023-10-27T08:41:31","guid":{"rendered":"https:\/\/baralivres.ma\/?post_type=product&#038;p=14865"},"modified":"2023-10-27T09:41:31","modified_gmt":"2023-10-27T08:41:31","slug":"le-coeur-regulier","status":"publish","type":"product","link":"https:\/\/baralivres.ma\/?product=le-coeur-regulier","title":{"rendered":"Le C\u0153ur r\u00e9gulier"},"content":{"rendered":"<div class=\"group w-full text-token-text-primary border-b border-black\/10 gizmo:border-0 dark:border-gray-900\/50 gizmo:dark:border-0 bg-gray-50 gizmo:bg-transparent dark:bg-[#444654] gizmo:dark:bg-transparent\" data-testid=\"conversation-turn-19\">\n<div class=\"p-4 gizmo:py-2 justify-center text-base md:gap-6 md:py-6 m-auto\">\n<div class=\"flex flex-1 gap-4 text-base mx-auto md:gap-6 gizmo:gap-3 gizmo:md:px-5 gizmo:lg:px-1 gizmo:xl:px-5 md:max-w-2xl lg:max-w-[38rem] gizmo:md:max-w-3xl gizmo:lg:max-w-[40rem] gizmo:xl:max-w-[48rem] xl:max-w-3xl }\">\n<div class=\"relative flex w-[calc(100%-50px)] flex-col gizmo:w-full lg:w-[calc(100%-115px)] agent-turn\">\n<div class=\"flex-col gap-1 md:gap-3\">\n<div class=\"flex flex-grow flex-col gap-3 max-w-full\">\n<div class=\"min-h-[20px] flex flex-col items-start gap-3 whitespace-pre-wrap break-words overflow-x-auto\" data-message-author-role=\"assistant\" data-message-id=\"1081e470-0b53-4b4b-b60e-b63e00cca669\">\n<div class=\"markdown prose w-full break-words dark:prose-invert light\">\n<p>Olivier Adam excelle dans la description des gestes retenus, des mots non-dits, et des sentiments inexprim\u00e9s.<\/p>\n<p>Sarah, d\u00e9vast\u00e9e par la mort de son fr\u00e8re, suspecte un acte d\u00e9lib\u00e9r\u00e9. Pour trouver des r\u00e9ponses, elle se rend au Japon, dans un village c\u00f4tier o\u00f9 son fr\u00e8re a trouv\u00e9 la paix. Elle s\u00e9journe chez Natsume, un homme qui a apport\u00e9 du r\u00e9confort \u00e0 son fr\u00e8re. L\u00e0, Sarah revit les derniers instants de la vie de son fr\u00e8re bien-aim\u00e9, \u00e9prouvant \u00e0 nouveau ses \u00e9motions et ses tourments.<\/p>\n<p>N\u00e9 en 1974, Olivier Adam est un \u00e9crivain talentueux de sa g\u00e9n\u00e9ration, ayant vu certains de ses romans adapt\u00e9s au cin\u00e9ma. Ses \u0153uvres, comme \u00ab\u00a0Passer l\u2019hiver,\u00a0\u00bb \u00ab\u00a0Falaises,\u00a0\u00bb \u00ab\u00a0\u00c0 l\u2019abri de rien,\u00a0\u00bb et \u00ab\u00a0Des vents contraires,\u00a0\u00bb sont disponibles chez Points.<\/p>\n<\/div>\n<\/div>\n<\/div>\n<div class=\"flex justify-between empty:hidden gizmo:justify-start gizmo:gap-3 lg:block gizmo:lg:flex\">\n<div class=\"text-gray-400 flex self-end lg:self-center justify-center gizmo:lg:justify-start mt-2 gizmo:mt-0 visible lg:gap-1 lg:absolute lg:top-0 lg:translate-x-full lg:right-0 lg:mt-0 lg:pl-2 gap-2 md:gap-3\"><button class=\"flex ml-auto gizmo:ml-0 gap-2 items-center rounded-md p-1 text-xs gizmo:gap-1.5 gizmo:pl-0 dark:text-gray-400 dark:hover:text-gray-200 disabled:dark:hover:text-gray-400 hover:text-gray-700\"><\/button><\/p>\n<div class=\"flex gap-1\"><\/div>\n<\/div>\n<\/div>\n<\/div>\n<\/div>\n<\/div>\n<\/div>\n<\/div>\n","protected":false},"excerpt":{"rendered":"<p>Sarah enqu\u00eate sur la mort de son fr\u00e8re au Japon. Olivier Adam explore subtilement les \u00e9motions humaines.<\/p>\n","protected":false},"featured_media":14867,"comment_status":"open","ping_status":"closed","template":"","meta":{"inline_featured_image":false},"product_cat":[204,143],"product_tag":[],"class_list":{"0":"post-14865","1":"product","2":"type-product","3":"status-publish","4":"has-post-thumbnail","6":"product_cat-francais","7":"product_cat-roman","8":"pa_auteurs-olivier-adam","10":"first","11":"instock","12":"shipping-taxable","13":"purchasable","14":"product-type-simple"},"_links":{"self":[{"href":"https:\/\/baralivres.ma\/index.php?rest_route=\/wp\/v2\/product\/14865","targetHints":{"allow":["GET"]}}],"collection":[{"href":"https:\/\/baralivres.ma\/index.php?rest_route=\/wp\/v2\/product"}],"about":[{"href":"https:\/\/baralivres.ma\/index.php?rest_route=\/wp\/v2\/types\/product"}],"replies":[{"embeddable":true,"href":"https:\/\/baralivres.ma\/index.php?rest_route=%2Fwp%2Fv2%2Fcomments&post=14865"}],"version-history":[{"count":1,"href":"https:\/\/baralivres.ma\/index.php?rest_route=\/wp\/v2\/product\/14865\/revisions"}],"predecessor-version":[{"id":14868,"href":"https:\/\/baralivres.ma\/index.php?rest_route=\/wp\/v2\/product\/14865\/revisions\/14868"}],"wp:featuredmedia":[{"embeddable":true,"href":"https:\/\/baralivres.ma\/index.php?rest_route=\/wp\/v2\/media\/14867"}],"wp:attachment":[{"href":"https:\/\/baralivres.ma\/index.php?rest_route=%2Fwp%2Fv2%2Fmedia&parent=14865"}],"wp:term":[{"taxonomy":"product_cat","embeddable":true,"href":"https:\/\/baralivres.ma\/index.php?rest_route=%2Fwp%2Fv2%2Fproduct_cat&post=14865"},{"taxonomy":"product_tag","embeddable":true,"href":"https:\/\/baralivres.ma\/index.php?rest_route=%2Fwp%2Fv2%2Fproduct_tag&post=14865"}],"curies":[{"name":"wp","href":"https:\/\/api.w.org\/{rel}","templated":true}]}}