{"id":14853,"date":"2023-10-27T09:34:51","date_gmt":"2023-10-27T08:34:51","guid":{"rendered":"https:\/\/baralivres.ma\/?post_type=product&#038;p=14853"},"modified":"2025-02-20T11:30:47","modified_gmt":"2025-02-20T10:30:47","slug":"dieu-de-la-bible-dieu-du-coran","status":"publish","type":"product","link":"https:\/\/baralivres.ma\/?product=dieu-de-la-bible-dieu-du-coran","title":{"rendered":"Le Coran"},"content":{"rendered":"<p style=\"text-align: left\">Les adeptes du monoth\u00e9isme &#8211; juifs, chr\u00e9tiens, musulmans &#8211; partagent la foi en un Dieu unique, r\u00e9v\u00e9l\u00e9 dans la Bible et le Coran. N\u00e9anmoins, selon Thomas R\u00f6mer et Jacqueline Chabbi, la naissance de Yahv\u00e9 et d&rsquo;Allah s&rsquo;est produite dans des contextes anthropologiques et sociopolitiques tr\u00e8s divergents, ce qui a influenc\u00e9 l&rsquo;identit\u00e9 et l&rsquo;\u00e9volution de ces divinit\u00e9s. Un dialogue authentique entre ces religions doit prendre en compte ces diff\u00e9rences. Le livre remet en question les interpr\u00e9tations litt\u00e9rales de la Bible et du Coran, d\u00e9fiant les fanatiques religieux.<\/p>\n<p>Thomas R\u00f6mer est professeur au Coll\u00e8ge de France, titulaire de la chaire \u00ab\u00a0Milieux bibliques\u00a0\u00bb, et enseigne \u00e0 l&rsquo;universit\u00e9 de Lausanne en th\u00e9ologie et sciences des religions.<\/p>\n<p>Jacqueline Chabbi, sp\u00e9cialiste des origines de l&rsquo;islam \u00e0 travers l&rsquo;anthropologie historique, est professeure honoraire des universit\u00e9s.<\/p>\n","protected":false},"excerpt":{"rendered":"<div class=\"group w-full text-token-text-primary border-b border-black\/10 gizmo:border-0 dark:border-gray-900\/50 gizmo:dark:border-0 bg-gray-50 gizmo:bg-transparent dark:bg-[#444654] gizmo:dark:bg-transparent\" data-testid=\"conversation-turn-17\">\n<div class=\"p-4 gizmo:py-2 justify-center text-base md:gap-6 md:py-6 m-auto\">\n<div class=\"flex flex-1 gap-4 text-base mx-auto md:gap-6 gizmo:gap-3 gizmo:md:px-5 gizmo:lg:px-1 gizmo:xl:px-5 md:max-w-2xl lg:max-w-[38rem] gizmo:md:max-w-3xl gizmo:lg:max-w-[40rem] gizmo:xl:max-w-[48rem] xl:max-w-3xl }\">\n<div class=\"relative flex w-[calc(100%-50px)] flex-col gizmo:w-full lg:w-[calc(100%-115px)] agent-turn\">\n<div class=\"flex-col gap-1 md:gap-3\">\n<div class=\"flex flex-grow flex-col gap-3 max-w-full\">\n<div class=\"min-h-[20px] flex flex-col items-start gap-3 whitespace-pre-wrap break-words overflow-x-auto\" data-message-author-role=\"assistant\" data-message-id=\"2fffd392-6bc7-452a-8870-c496f049f460\">\n<div class=\"markdown prose w-full break-words dark:prose-invert light\">\n<p>Le monoth\u00e9isme partag\u00e9 par juifs, chr\u00e9tiens, musulmans, mais des origines divines diff\u00e9rentes. Livre remettant en question interpr\u00e9tations litt\u00e9rales.<\/p>\n<\/div>\n<\/div>\n<\/div>\n<div class=\"flex justify-between empty:hidden gizmo:justify-start gizmo:gap-3 lg:block gizmo:lg:flex\">\n<div class=\"text-gray-400 flex self-end lg:self-center justify-center gizmo:lg:justify-start mt-2 gizmo:mt-0 visible lg:gap-1 lg:absolute lg:top-0 lg:translate-x-full lg:right-0 lg:mt-0 lg:pl-2 gap-2 md:gap-3\">\n<p>&nbsp;<\/p>\n<div class=\"flex gap-1\"><\/div>\n<\/div>\n<\/div>\n<\/div>\n<\/div>\n<\/div>\n<\/div>\n<\/div>\n","protected":false},"featured_media":14907,"comment_status":"open","ping_status":"closed","template":"","meta":{"inline_featured_image":false},"product_cat":[3725,3862,4214],"product_tag":[],"class_list":{"0":"post-14853","1":"product","2":"type-product","3":"status-publish","4":"has-post-thumbnail","6":"product_cat-litterature-religieuse","7":"product_cat-spiritualite","8":"product_cat-voyage-spirituel-pendant-le-ramadan","9":"pa_auteurs-thomas-romer","11":"first","12":"instock","13":"shipping-taxable","14":"purchasable","15":"product-type-simple"},"_links":{"self":[{"href":"https:\/\/baralivres.ma\/index.php?rest_route=\/wp\/v2\/product\/14853","targetHints":{"allow":["GET"]}}],"collection":[{"href":"https:\/\/baralivres.ma\/index.php?rest_route=\/wp\/v2\/product"}],"about":[{"href":"https:\/\/baralivres.ma\/index.php?rest_route=\/wp\/v2\/types\/product"}],"replies":[{"embeddable":true,"href":"https:\/\/baralivres.ma\/index.php?rest_route=%2Fwp%2Fv2%2Fcomments&post=14853"}],"version-history":[{"count":4,"href":"https:\/\/baralivres.ma\/index.php?rest_route=\/wp\/v2\/product\/14853\/revisions"}],"predecessor-version":[{"id":14906,"href":"https:\/\/baralivres.ma\/index.php?rest_route=\/wp\/v2\/product\/14853\/revisions\/14906"}],"wp:featuredmedia":[{"embeddable":true,"href":"https:\/\/baralivres.ma\/index.php?rest_route=\/wp\/v2\/media\/14907"}],"wp:attachment":[{"href":"https:\/\/baralivres.ma\/index.php?rest_route=%2Fwp%2Fv2%2Fmedia&parent=14853"}],"wp:term":[{"taxonomy":"product_cat","embeddable":true,"href":"https:\/\/baralivres.ma\/index.php?rest_route=%2Fwp%2Fv2%2Fproduct_cat&post=14853"},{"taxonomy":"product_tag","embeddable":true,"href":"https:\/\/baralivres.ma\/index.php?rest_route=%2Fwp%2Fv2%2Fproduct_tag&post=14853"}],"curies":[{"name":"wp","href":"https:\/\/api.w.org\/{rel}","templated":true}]}}