{"id":14845,"date":"2023-10-27T09:23:49","date_gmt":"2023-10-27T08:23:49","guid":{"rendered":"https:\/\/baralivres.ma\/?post_type=product&#038;p=14845"},"modified":"2023-10-27T09:23:49","modified_gmt":"2023-10-27T08:23:49","slug":"lhomme-du-grand-hotel","status":"publish","type":"product","link":"https:\/\/baralivres.ma\/?product=lhomme-du-grand-hotel","title":{"rendered":"L&rsquo;Homme du Grand H\u00f4tel"},"content":{"rendered":"<div class=\"group w-full text-token-text-primary border-b border-black\/10 gizmo:border-0 dark:border-gray-900\/50 gizmo:dark:border-0 bg-gray-50 gizmo:bg-transparent dark:bg-[#444654] gizmo:dark:bg-transparent\" data-testid=\"conversation-turn-11\">\n<div class=\"p-4 gizmo:py-2 justify-center text-base md:gap-6 md:py-6 m-auto\">\n<div class=\"flex flex-1 gap-4 text-base mx-auto md:gap-6 gizmo:gap-3 gizmo:md:px-5 gizmo:lg:px-1 gizmo:xl:px-5 md:max-w-2xl lg:max-w-[38rem] gizmo:md:max-w-3xl gizmo:lg:max-w-[40rem] gizmo:xl:max-w-[48rem] xl:max-w-3xl }\">\n<div class=\"relative flex w-[calc(100%-50px)] flex-col gizmo:w-full lg:w-[calc(100%-115px)] agent-turn\">\n<div class=\"flex-col gap-1 md:gap-3\">\n<div class=\"flex flex-grow flex-col gap-3 max-w-full\">\n<div class=\"min-h-[20px] flex flex-col items-start gap-3 whitespace-pre-wrap break-words overflow-x-auto\" data-message-author-role=\"assistant\" data-message-id=\"ac615054-30c7-41d8-a9b4-ea4dd4792313\">\n<div class=\"markdown prose w-full break-words dark:prose-invert light\">\n<p>Imaginez vous r\u00e9veiller sans m\u00e9moire, sans connaissance de votre propre vie. Un \u00e9crivain, Randall Hamilton, et Andy Marzano, un auteur en herbe, vivent des vies s\u00e9par\u00e9es, mais leur destin est inextricablement li\u00e9. Leurs chemins se croiseront, apportant \u00e0 la fois le meilleur et le pire. Valentin Musso, c\u00e9l\u00e8bre pour des \u0153uvres comme \u00ab\u00a0Une vraie famille,\u00a0\u00bb \u00ab\u00a0Dernier \u00c9t\u00e9 pour Lisa,\u00a0\u00bb et \u00ab\u00a0Un autre jour,\u00a0\u00bb est reconnu comme l&rsquo;un des meilleurs auteurs contemporains.<\/p>\n<\/div>\n<\/div>\n<\/div>\n<div class=\"flex justify-between empty:hidden gizmo:justify-start gizmo:gap-3 lg:block gizmo:lg:flex\">\n<div class=\"text-gray-400 flex self-end lg:self-center justify-center gizmo:lg:justify-start mt-2 gizmo:mt-0 visible lg:gap-1 lg:absolute lg:top-0 lg:translate-x-full lg:right-0 lg:mt-0 lg:pl-2 gap-2 md:gap-3\"><button class=\"flex ml-auto gizmo:ml-0 gap-2 items-center rounded-md p-1 text-xs gizmo:gap-1.5 gizmo:pl-0 dark:text-gray-400 dark:hover:text-gray-200 disabled:dark:hover:text-gray-400 hover:text-gray-700\"><\/button><\/p>\n<div class=\"flex gap-1\"><\/div>\n<\/div>\n<\/div>\n<\/div>\n<\/div>\n<\/div>\n<\/div>\n<\/div>\n","protected":false},"excerpt":{"rendered":"<p>Amn\u00e9sie confronte l&rsquo;\u00e9crivain Randall Hamilton et l&rsquo;auteur Andy Marzano, li\u00e9s par un destin impr\u00e9visible. Par Valentin Musso.<\/p>\n","protected":false},"featured_media":14848,"comment_status":"open","ping_status":"closed","template":"","meta":{"inline_featured_image":false},"product_cat":[204,143],"product_tag":[],"class_list":{"0":"post-14845","1":"product","2":"type-product","3":"status-publish","4":"has-post-thumbnail","6":"product_cat-francais","7":"product_cat-roman","8":"pa_auteurs-valentin-musso","10":"first","11":"instock","12":"shipping-taxable","13":"purchasable","14":"product-type-simple"},"_links":{"self":[{"href":"https:\/\/baralivres.ma\/index.php?rest_route=\/wp\/v2\/product\/14845","targetHints":{"allow":["GET"]}}],"collection":[{"href":"https:\/\/baralivres.ma\/index.php?rest_route=\/wp\/v2\/product"}],"about":[{"href":"https:\/\/baralivres.ma\/index.php?rest_route=\/wp\/v2\/types\/product"}],"replies":[{"embeddable":true,"href":"https:\/\/baralivres.ma\/index.php?rest_route=%2Fwp%2Fv2%2Fcomments&post=14845"}],"version-history":[{"count":1,"href":"https:\/\/baralivres.ma\/index.php?rest_route=\/wp\/v2\/product\/14845\/revisions"}],"predecessor-version":[{"id":14849,"href":"https:\/\/baralivres.ma\/index.php?rest_route=\/wp\/v2\/product\/14845\/revisions\/14849"}],"wp:featuredmedia":[{"embeddable":true,"href":"https:\/\/baralivres.ma\/index.php?rest_route=\/wp\/v2\/media\/14848"}],"wp:attachment":[{"href":"https:\/\/baralivres.ma\/index.php?rest_route=%2Fwp%2Fv2%2Fmedia&parent=14845"}],"wp:term":[{"taxonomy":"product_cat","embeddable":true,"href":"https:\/\/baralivres.ma\/index.php?rest_route=%2Fwp%2Fv2%2Fproduct_cat&post=14845"},{"taxonomy":"product_tag","embeddable":true,"href":"https:\/\/baralivres.ma\/index.php?rest_route=%2Fwp%2Fv2%2Fproduct_tag&post=14845"}],"curies":[{"name":"wp","href":"https:\/\/api.w.org\/{rel}","templated":true}]}}