{"id":14841,"date":"2023-10-27T09:20:14","date_gmt":"2023-10-27T08:20:14","guid":{"rendered":"https:\/\/baralivres.ma\/?post_type=product&#038;p=14841"},"modified":"2023-10-27T09:20:14","modified_gmt":"2023-10-27T08:20:14","slug":"la-femme-a-droite-sur-la-photo","status":"publish","type":"product","link":"https:\/\/baralivres.ma\/?product=la-femme-a-droite-sur-la-photo","title":{"rendered":"La Femme \u00e0 droite sur la photo"},"content":{"rendered":"<p>Apr\u00e8s un triomphe au box-office, le sc\u00e9nariste David Badina traverse une p\u00e9riode difficile. Wallace Harris, une l\u00e9gende du cin\u00e9ma, lui propose de travailler sur son dernier film, malgr\u00e9 ne s&rsquo;\u00eatre jamais rencontr\u00e9s. Un myst\u00e8re les lie : Harris a dirig\u00e9 le film qui a lanc\u00e9 la carri\u00e8re de la m\u00e8re de David quarante ans auparavant, et il est l&rsquo;un des derniers \u00e0 l&rsquo;avoir vue en vie. Valentin Musso, connu pour ses succ\u00e8s litt\u00e9raires tels que \u00ab\u00a0Une vraie famille,\u00a0\u00bb \u00ab\u00a0Dernier \u00c9t\u00e9 pour Lisa,\u00a0\u00bb et \u00ab\u00a0Un autre jour,\u00a0\u00bb s&rsquo;affirme comme un \u00e9crivain majeur de sa g\u00e9n\u00e9ration.<\/p>\n","protected":false},"excerpt":{"rendered":"<p>Sc\u00e9nariste David Badina, succ\u00e8s puis d\u00e9clin, collabore avec Wallace Harris, li\u00e9s par un myst\u00e8re cin\u00e9matographique.<\/p>\n","protected":false},"featured_media":14842,"comment_status":"open","ping_status":"closed","template":"","meta":{"inline_featured_image":false},"product_cat":[204,143],"product_tag":[],"class_list":{"0":"post-14841","1":"product","2":"type-product","3":"status-publish","4":"has-post-thumbnail","6":"product_cat-francais","7":"product_cat-roman","8":"pa_auteurs-valentin-musso","10":"first","11":"instock","12":"shipping-taxable","13":"purchasable","14":"product-type-simple"},"_links":{"self":[{"href":"https:\/\/baralivres.ma\/index.php?rest_route=\/wp\/v2\/product\/14841","targetHints":{"allow":["GET"]}}],"collection":[{"href":"https:\/\/baralivres.ma\/index.php?rest_route=\/wp\/v2\/product"}],"about":[{"href":"https:\/\/baralivres.ma\/index.php?rest_route=\/wp\/v2\/types\/product"}],"replies":[{"embeddable":true,"href":"https:\/\/baralivres.ma\/index.php?rest_route=%2Fwp%2Fv2%2Fcomments&post=14841"}],"version-history":[{"count":1,"href":"https:\/\/baralivres.ma\/index.php?rest_route=\/wp\/v2\/product\/14841\/revisions"}],"predecessor-version":[{"id":14843,"href":"https:\/\/baralivres.ma\/index.php?rest_route=\/wp\/v2\/product\/14841\/revisions\/14843"}],"wp:featuredmedia":[{"embeddable":true,"href":"https:\/\/baralivres.ma\/index.php?rest_route=\/wp\/v2\/media\/14842"}],"wp:attachment":[{"href":"https:\/\/baralivres.ma\/index.php?rest_route=%2Fwp%2Fv2%2Fmedia&parent=14841"}],"wp:term":[{"taxonomy":"product_cat","embeddable":true,"href":"https:\/\/baralivres.ma\/index.php?rest_route=%2Fwp%2Fv2%2Fproduct_cat&post=14841"},{"taxonomy":"product_tag","embeddable":true,"href":"https:\/\/baralivres.ma\/index.php?rest_route=%2Fwp%2Fv2%2Fproduct_tag&post=14841"}],"curies":[{"name":"wp","href":"https:\/\/api.w.org\/{rel}","templated":true}]}}