{"id":14836,"date":"2023-10-27T09:15:40","date_gmt":"2023-10-27T08:15:40","guid":{"rendered":"https:\/\/baralivres.ma\/?post_type=product&#038;p=14836"},"modified":"2025-02-20T09:32:26","modified_gmt":"2025-02-20T08:32:26","slug":"prophete","status":"publish","type":"product","link":"https:\/\/baralivres.ma\/?product=prophete","title":{"rendered":"Proph\u00e8te"},"content":{"rendered":"<p>\u00ab\u00a0Le Proph\u00e8te\u00a0\u00bb, cr\u00e9\u00e9 par Khalil Gibran, est un personnage \u00e9nigmatique issu de l&rsquo;exp\u00e9rience mystique et de l&rsquo;inspiration po\u00e9tique de l&rsquo;auteur. Dans cet ouvrage largement lu \u00e0 travers le monde, le Proph\u00e8te exprime de mani\u00e8re singuli\u00e8re la beaut\u00e9 de la vie et encourage les individus \u00e0 cultiver les aspects nobles et magnifiques de leur nature.<\/p>\n<p>Ce livre est consid\u00e9r\u00e9 comme un ouvrage culte. Khalil Gibran, originaire du Liban et issu d&rsquo;une famille de chr\u00e9tiens maronites, a v\u00e9cu une vie partag\u00e9e entre son pays d&rsquo;origine, Paris o\u00f9 il \u00e9tait en relation avec des artistes renomm\u00e9s de son \u00e9poque, Boston, et finalement New York, o\u00f9 il est d\u00e9c\u00e9d\u00e9 en 1931. Il est inhum\u00e9 au Liban.<\/p>\n<p>L&rsquo;\u0153uvre a \u00e9t\u00e9 traduite de l&rsquo;anglais (\u00c9tats-Unis) en fran\u00e7ais par Camille Aboussouan et Claire Dubois.<\/p>\n","protected":false},"excerpt":{"rendered":"<p>\u00ab\u00a0Le Proph\u00e8te\u00a0\u00bb de Khalil Gibran, un livre-culte, exprime la beaut\u00e9 de la vie et la croissance humaine.<\/p>\n","protected":false},"featured_media":14837,"comment_status":"open","ping_status":"closed","template":"","meta":{"inline_featured_image":false},"product_cat":[3725,3862,4214],"product_tag":[],"class_list":{"0":"post-14836","1":"product","2":"type-product","3":"status-publish","4":"has-post-thumbnail","6":"product_cat-litterature-religieuse","7":"product_cat-spiritualite","8":"product_cat-voyage-spirituel-pendant-le-ramadan","9":"pa_auteurs-khalil-gibran","11":"first","12":"instock","13":"shipping-taxable","14":"purchasable","15":"product-type-simple"},"_links":{"self":[{"href":"https:\/\/baralivres.ma\/index.php?rest_route=\/wp\/v2\/product\/14836","targetHints":{"allow":["GET"]}}],"collection":[{"href":"https:\/\/baralivres.ma\/index.php?rest_route=\/wp\/v2\/product"}],"about":[{"href":"https:\/\/baralivres.ma\/index.php?rest_route=\/wp\/v2\/types\/product"}],"replies":[{"embeddable":true,"href":"https:\/\/baralivres.ma\/index.php?rest_route=%2Fwp%2Fv2%2Fcomments&post=14836"}],"version-history":[{"count":1,"href":"https:\/\/baralivres.ma\/index.php?rest_route=\/wp\/v2\/product\/14836\/revisions"}],"predecessor-version":[{"id":14838,"href":"https:\/\/baralivres.ma\/index.php?rest_route=\/wp\/v2\/product\/14836\/revisions\/14838"}],"wp:featuredmedia":[{"embeddable":true,"href":"https:\/\/baralivres.ma\/index.php?rest_route=\/wp\/v2\/media\/14837"}],"wp:attachment":[{"href":"https:\/\/baralivres.ma\/index.php?rest_route=%2Fwp%2Fv2%2Fmedia&parent=14836"}],"wp:term":[{"taxonomy":"product_cat","embeddable":true,"href":"https:\/\/baralivres.ma\/index.php?rest_route=%2Fwp%2Fv2%2Fproduct_cat&post=14836"},{"taxonomy":"product_tag","embeddable":true,"href":"https:\/\/baralivres.ma\/index.php?rest_route=%2Fwp%2Fv2%2Fproduct_tag&post=14836"}],"curies":[{"name":"wp","href":"https:\/\/api.w.org\/{rel}","templated":true}]}}