{"id":14830,"date":"2023-10-27T00:57:49","date_gmt":"2023-10-26T23:57:49","guid":{"rendered":"https:\/\/baralivres.ma\/?post_type=product&#038;p=14830"},"modified":"2023-10-27T00:57:49","modified_gmt":"2023-10-26T23:57:49","slug":"tous-des-oiseaux","status":"publish","type":"product","link":"https:\/\/baralivres.ma\/?product=tous-des-oiseaux","title":{"rendered":"TOUS DES OISEAUX"},"content":{"rendered":"<p>Follement \u00e9pris, Eitan et Wahida luttent pour r\u00e9sister \u00e0 la dure r\u00e9alit\u00e9 historique qui les entoure. Cependant, sur le pont Allenby, qui relie Isra\u00ebl et la Jordanie, les choses tournent mal lorsque Eitan est gri\u00e8vement bless\u00e9 lors d&rsquo;une attaque terroriste et tombe dans un coma profond. Pendant cette p\u00e9riode suspendue, il est confront\u00e9 \u00e0 la visite intrusive de ses parents et de ses grands-parents, alors que les conflits identitaires, les ressentiments tenaces et les id\u00e9ologies tordues s&rsquo;enflamment, et que les oiseaux du malheur s&rsquo;acharnent sur le c\u0153ur et la raison de chacun.<\/p>\n<p>Que r\u00e9v\u00e8lent les secrets enfouis au sein de sa famille ? De quels traumatismes historiques et de quelles violences h\u00e9ritons-nous tous ? Comment peut-on emp\u00eacher que le sang qui coule dans nos veines ne se transforme en une arme destructrice lorsqu&rsquo;on na\u00eet au sein de l&rsquo;ennemi ?<\/p>\n","protected":false},"excerpt":{"rendered":"<p>Amour passionn\u00e9, Eitan et Wahida confront\u00e9s \u00e0 la violence historique, identit\u00e9, et secrets familiaux dans le coma.<\/p>\n","protected":false},"featured_media":14831,"comment_status":"open","ping_status":"closed","template":"","meta":{"inline_featured_image":false},"product_cat":[204,143],"product_tag":[],"class_list":{"0":"post-14830","1":"product","2":"type-product","3":"status-publish","4":"has-post-thumbnail","6":"product_cat-francais","7":"product_cat-roman","8":"pa_auteurs-wajdi-mouawad","10":"first","11":"instock","12":"shipping-taxable","13":"purchasable","14":"product-type-simple"},"_links":{"self":[{"href":"https:\/\/baralivres.ma\/index.php?rest_route=\/wp\/v2\/product\/14830","targetHints":{"allow":["GET"]}}],"collection":[{"href":"https:\/\/baralivres.ma\/index.php?rest_route=\/wp\/v2\/product"}],"about":[{"href":"https:\/\/baralivres.ma\/index.php?rest_route=\/wp\/v2\/types\/product"}],"replies":[{"embeddable":true,"href":"https:\/\/baralivres.ma\/index.php?rest_route=%2Fwp%2Fv2%2Fcomments&post=14830"}],"version-history":[{"count":1,"href":"https:\/\/baralivres.ma\/index.php?rest_route=\/wp\/v2\/product\/14830\/revisions"}],"predecessor-version":[{"id":14832,"href":"https:\/\/baralivres.ma\/index.php?rest_route=\/wp\/v2\/product\/14830\/revisions\/14832"}],"wp:featuredmedia":[{"embeddable":true,"href":"https:\/\/baralivres.ma\/index.php?rest_route=\/wp\/v2\/media\/14831"}],"wp:attachment":[{"href":"https:\/\/baralivres.ma\/index.php?rest_route=%2Fwp%2Fv2%2Fmedia&parent=14830"}],"wp:term":[{"taxonomy":"product_cat","embeddable":true,"href":"https:\/\/baralivres.ma\/index.php?rest_route=%2Fwp%2Fv2%2Fproduct_cat&post=14830"},{"taxonomy":"product_tag","embeddable":true,"href":"https:\/\/baralivres.ma\/index.php?rest_route=%2Fwp%2Fv2%2Fproduct_tag&post=14830"}],"curies":[{"name":"wp","href":"https:\/\/api.w.org\/{rel}","templated":true}]}}