{"id":14826,"date":"2023-10-27T00:53:21","date_gmt":"2023-10-26T23:53:21","guid":{"rendered":"https:\/\/baralivres.ma\/?post_type=product&#038;p=14826"},"modified":"2023-10-27T00:53:22","modified_gmt":"2023-10-26T23:53:22","slug":"anima","status":"publish","type":"product","link":"https:\/\/baralivres.ma\/?product=anima","title":{"rendered":"Anima"},"content":{"rendered":"<p>Apr\u00e8s le tragique meurtre et viol de sa femme, Wahhch se lance dans une qu\u00eate pour traquer le meurtrier, un Indien mohawk qui profane les blessures de ses victimes. Au cours de cette poursuite, les animaux, sauvages et domestiques, deviennent des narrateurs en relayant l&rsquo;histoire. Ce r\u00e9cit polyphonique et animiste offre une exp\u00e9rience de qu\u00eate initiatique fascinante.<\/p>\n","protected":false},"excerpt":{"rendered":"<p>Wahhch traque l&rsquo;assassin de sa femme avec l&rsquo;aide d&rsquo;animaux narrateurs dans une qu\u00eate initiatique polyphonique<\/p>\n","protected":false},"featured_media":14827,"comment_status":"open","ping_status":"closed","template":"","meta":{"inline_featured_image":false},"product_cat":[204,143],"product_tag":[],"class_list":{"0":"post-14826","1":"product","2":"type-product","3":"status-publish","4":"has-post-thumbnail","6":"product_cat-francais","7":"product_cat-roman","8":"pa_auteurs-wajdi-mouawad","10":"first","11":"instock","12":"shipping-taxable","13":"purchasable","14":"product-type-simple"},"_links":{"self":[{"href":"https:\/\/baralivres.ma\/index.php?rest_route=\/wp\/v2\/product\/14826","targetHints":{"allow":["GET"]}}],"collection":[{"href":"https:\/\/baralivres.ma\/index.php?rest_route=\/wp\/v2\/product"}],"about":[{"href":"https:\/\/baralivres.ma\/index.php?rest_route=\/wp\/v2\/types\/product"}],"replies":[{"embeddable":true,"href":"https:\/\/baralivres.ma\/index.php?rest_route=%2Fwp%2Fv2%2Fcomments&post=14826"}],"version-history":[{"count":2,"href":"https:\/\/baralivres.ma\/index.php?rest_route=\/wp\/v2\/product\/14826\/revisions"}],"predecessor-version":[{"id":14829,"href":"https:\/\/baralivres.ma\/index.php?rest_route=\/wp\/v2\/product\/14826\/revisions\/14829"}],"wp:featuredmedia":[{"embeddable":true,"href":"https:\/\/baralivres.ma\/index.php?rest_route=\/wp\/v2\/media\/14827"}],"wp:attachment":[{"href":"https:\/\/baralivres.ma\/index.php?rest_route=%2Fwp%2Fv2%2Fmedia&parent=14826"}],"wp:term":[{"taxonomy":"product_cat","embeddable":true,"href":"https:\/\/baralivres.ma\/index.php?rest_route=%2Fwp%2Fv2%2Fproduct_cat&post=14826"},{"taxonomy":"product_tag","embeddable":true,"href":"https:\/\/baralivres.ma\/index.php?rest_route=%2Fwp%2Fv2%2Fproduct_tag&post=14826"}],"curies":[{"name":"wp","href":"https:\/\/api.w.org\/{rel}","templated":true}]}}