{"id":14823,"date":"2023-10-27T00:47:09","date_gmt":"2023-10-26T23:47:09","guid":{"rendered":"https:\/\/baralivres.ma\/?post_type=product&#038;p=14823"},"modified":"2023-10-27T00:47:09","modified_gmt":"2023-10-26T23:47:09","slug":"le-soleil-des-scorta","status":"publish","type":"product","link":"https:\/\/baralivres.ma\/?product=le-soleil-des-scorta","title":{"rendered":"Le Soleil des Scorta"},"content":{"rendered":"<p>L&rsquo;ascendance des Scorta les condamne \u00e0 la stigmatisation. Dans leur petit village italien du sud, Montepuccio, ils vivent dans la pauvret\u00e9 et ne conna\u00eetront pas la richesse mat\u00e9rielle. Cependant, ils se sont engag\u00e9s \u00e0 transmettre de g\u00e9n\u00e9ration en g\u00e9n\u00e9ration ce que la vie leur laisserait en h\u00e9ritage. En dehors du modeste bureau de tabac familial, cr\u00e9\u00e9 avec ce qu&rsquo;ils appellent \u00ab\u00a0l&rsquo;argent de New York\u00a0\u00bb, leur richesse est aussi intangible qu&rsquo;une exp\u00e9rience, un souvenir, un fragment de sagesse, un \u00e9clat de joie, voire un secret. Comme celui que la vieille Carmela confie au cur\u00e9 de Montepuccio, craignant de ne plus pouvoir exprimer ses pens\u00e9es. Le roman de Laurent Gaud\u00e9, empreint de chaleur, et profond\u00e9ment humaniste, raconte l&rsquo;histoire de cette famille des Pouilles de 1870 \u00e0 nos jours. Chaque g\u00e9n\u00e9ration, chaque individu, tente, suivant son destin propre, de pr\u00e9server la fiert\u00e9 d&rsquo;appartenir aux Scorta et de d\u00e9couvrir le bonheur.<\/p>\n","protected":false},"excerpt":{"rendered":"<p>La lign\u00e9e des Scorta, pauvre \u00e0 Montepuccio, transmet richesse immat\u00e9rielle de g\u00e9n\u00e9ration en g\u00e9n\u00e9ration malgr\u00e9 stigmatisation.<\/p>\n","protected":false},"featured_media":14824,"comment_status":"open","ping_status":"closed","template":"","meta":{"inline_featured_image":false},"product_cat":[204,143],"product_tag":[],"class_list":{"0":"post-14823","1":"product","2":"type-product","3":"status-publish","4":"has-post-thumbnail","6":"product_cat-francais","7":"product_cat-roman","8":"pa_auteurs-laurent-goude","10":"first","11":"instock","12":"shipping-taxable","13":"purchasable","14":"product-type-simple"},"_links":{"self":[{"href":"https:\/\/baralivres.ma\/index.php?rest_route=\/wp\/v2\/product\/14823","targetHints":{"allow":["GET"]}}],"collection":[{"href":"https:\/\/baralivres.ma\/index.php?rest_route=\/wp\/v2\/product"}],"about":[{"href":"https:\/\/baralivres.ma\/index.php?rest_route=\/wp\/v2\/types\/product"}],"replies":[{"embeddable":true,"href":"https:\/\/baralivres.ma\/index.php?rest_route=%2Fwp%2Fv2%2Fcomments&post=14823"}],"version-history":[{"count":1,"href":"https:\/\/baralivres.ma\/index.php?rest_route=\/wp\/v2\/product\/14823\/revisions"}],"predecessor-version":[{"id":14825,"href":"https:\/\/baralivres.ma\/index.php?rest_route=\/wp\/v2\/product\/14823\/revisions\/14825"}],"wp:featuredmedia":[{"embeddable":true,"href":"https:\/\/baralivres.ma\/index.php?rest_route=\/wp\/v2\/media\/14824"}],"wp:attachment":[{"href":"https:\/\/baralivres.ma\/index.php?rest_route=%2Fwp%2Fv2%2Fmedia&parent=14823"}],"wp:term":[{"taxonomy":"product_cat","embeddable":true,"href":"https:\/\/baralivres.ma\/index.php?rest_route=%2Fwp%2Fv2%2Fproduct_cat&post=14823"},{"taxonomy":"product_tag","embeddable":true,"href":"https:\/\/baralivres.ma\/index.php?rest_route=%2Fwp%2Fv2%2Fproduct_tag&post=14823"}],"curies":[{"name":"wp","href":"https:\/\/api.w.org\/{rel}","templated":true}]}}